{"id":2924,"date":"2021-08-25T12:37:50","date_gmt":"2021-08-25T09:37:50","guid":{"rendered":"https:\/\/sektori.net\/?page_id=2924"},"modified":"2021-08-25T12:37:50","modified_gmt":"2021-08-25T09:37:50","slug":"projektledning","status":"publish","type":"page","link":"https:\/\/sektori.net\/sv\/projektledning\/","title":{"rendered":"PROJEKTLEDNING"},"content":{"rendered":"<a href=\"https:\/\/sektori.net\/sv\" class=\"button primary is-outline\" >\n\t\t<span>Tillbaka<\/span>\n\t<\/a>\n\n<h1 style=\"text-align: left;\">PROJEKTLEDNING<\/h1>\n<p>V\u00e5rt m\u00e5l \u00e4r att ta utf\u00f6ra v\u00e5ra uppdrag effektivt och kundn\u00e4ra. Detta inneb\u00e4r att vi arbetar i enlighet med strikta regler, transparant och att vi \u00e4r \u00f6ppna f\u00f6r utveckling.<\/p>\n<ul>\n<li>Alla dina \u00e4renden hanteras av samma v\u00e4lk\u00e4nda kontaktperson<\/li>\n<li>Vi arbetar som en outsourcad marknadsf\u00f6rings och kommunikationsavdelning<\/li>\n<li>Vi sk\u00f6ter aff\u00e4rskommunikationen i enlighet med de regler vi har kommit \u00f6verens om<\/li>\n<li>Vi f\u00f6resl\u00e5r aktivt nya, l\u00e4mpliga coh rimliga metoder f\u00f6r kommunikation<\/li>\n<li>Det \u00e4r enkelt, problemfritt och effektivt att samarbeta med oss<\/li>\n<li>Vi \u00e4r \u00f6ppna, p\u00e5litliga, kunniga och \u00f6dmjuka<\/li>\n<li>VI levererar alla best\u00e4llningar inom den \u00f6verenskommna tidsramen och vi levererar \u201dnyckelf\u00e4rdiga\u201d tj\u00e4nster<\/li>\n<\/ul>\n","protected":false},"excerpt":{"rendered":"<p>PROJEKTLEDNING V\u00e5rt m\u00e5l \u00e4r att ta utf\u00f6ra v\u00e5ra uppdrag effektivt och kundn\u00e4ra. Detta inneb\u00e4r att vi arbetar i enlighet med strikta regler, transparant och att vi \u00e4r \u00f6ppna f\u00f6r utveckling. Alla dina \u00e4renden hanteras av samma v\u00e4lk\u00e4nda kontaktperson Vi arbetar som en outsourcad marknadsf\u00f6rings och kommunikationsavdelning Vi sk\u00f6ter aff\u00e4rskommunikationen i enlighet med de regler vi [&#8230;]\n","protected":false},"author":2,"featured_media":0,"parent":0,"menu_order":37,"comment_status":"closed","ping_status":"closed","template":"","meta":{"footnotes":""},"class_list":["post-2924","page","type-page","status-publish","hentry"],"yoast_head":"<!-- This site is optimized with the Yoast SEO plugin v27.4 - https:\/\/yoast.com\/product\/yoast-seo-wordpress\/ -->\n<title>PROJEKTLEDNING - Mainostoimisto Sektori<\/title>\n<meta name=\"robots\" content=\"index, follow, max-snippet:-1, max-image-preview:large, max-video-preview:-1\" \/>\n<link rel=\"canonical\" href=\"https:\/\/sektori.net\/sv\/projektledning\/\" \/>\n<meta property=\"og:locale\" content=\"sv_SE\" \/>\n<meta property=\"og:type\" content=\"article\" \/>\n<meta property=\"og:title\" content=\"PROJEKTLEDNING - Mainostoimisto Sektori\" \/>\n<meta property=\"og:description\" content=\"PROJEKTLEDNING V\u00e5rt m\u00e5l \u00e4r att ta utf\u00f6ra v\u00e5ra uppdrag effektivt och kundn\u00e4ra. Detta inneb\u00e4r att vi arbetar i enlighet med strikta regler, transparant och att vi \u00e4r \u00f6ppna f\u00f6r utveckling. Alla dina \u00e4renden hanteras av samma v\u00e4lk\u00e4nda kontaktperson Vi arbetar som en outsourcad marknadsf\u00f6rings och kommunikationsavdelning Vi sk\u00f6ter aff\u00e4rskommunikationen i enlighet med de regler vi [...]\" \/>\n<meta property=\"og:url\" content=\"https:\/\/sektori.net\/sv\/projektledning\/\" \/>\n<meta property=\"og:site_name\" content=\"Mainostoimisto Sektori\" \/>\n<meta property=\"og:image\" content=\"https:\/\/sektori.net\/wp-content\/uploads\/2019\/08\/Sektori_Lahtiyrityspalveluseteli_06.png\" \/>\n\t<meta property=\"og:image:width\" content=\"471\" \/>\n\t<meta property=\"og:image:height\" content=\"471\" \/>\n\t<meta property=\"og:image:type\" content=\"image\/png\" \/>\n<meta name=\"twitter:card\" content=\"summary_large_image\" \/>\n<meta name=\"twitter:label1\" content=\"Ber\u00e4knad l\u00e4stid\" \/>\n\t<meta name=\"twitter:data1\" content=\"1 minut\" \/>\n<script type=\"application\/ld+json\" class=\"yoast-schema-graph\">{\"@context\":\"https:\\\/\\\/schema.org\",\"@graph\":[{\"@type\":\"WebPage\",\"@id\":\"https:\\\/\\\/sektori.net\\\/sv\\\/projektledning\\\/\",\"url\":\"https:\\\/\\\/sektori.net\\\/sv\\\/projektledning\\\/\",\"name\":\"PROJEKTLEDNING - Mainostoimisto Sektori\",\"isPartOf\":{\"@id\":\"https:\\\/\\\/sektori.net\\\/#website\"},\"datePublished\":\"2021-08-25T09:37:50+00:00\",\"breadcrumb\":{\"@id\":\"https:\\\/\\\/sektori.net\\\/sv\\\/projektledning\\\/#breadcrumb\"},\"inLanguage\":\"sv-SE\",\"potentialAction\":[{\"@type\":\"ReadAction\",\"target\":[\"https:\\\/\\\/sektori.net\\\/sv\\\/projektledning\\\/\"]}]},{\"@type\":\"BreadcrumbList\",\"@id\":\"https:\\\/\\\/sektori.net\\\/sv\\\/projektledning\\\/#breadcrumb\",\"itemListElement\":[{\"@type\":\"ListItem\",\"position\":1,\"name\":\"Home\",\"item\":\"https:\\\/\\\/sektori.net\\\/sv\\\/home\\\/\"},{\"@type\":\"ListItem\",\"position\":2,\"name\":\"PROJEKTLEDNING\"}]},{\"@type\":\"WebSite\",\"@id\":\"https:\\\/\\\/sektori.net\\\/#website\",\"url\":\"https:\\\/\\\/sektori.net\\\/\",\"name\":\"Mainostoimisto Sektori\",\"description\":\"Mainostoimisto Sektori tarjoaa monipuolisia markkinointiviestinn\u00e4n palveluja tarpeesi mukaan. Markkinoinnin ja mainonnan suunnittelu ja toteutus, graafinen suunnittelu, logot, s\u00e4hk\u00f6isen markkinointiviestinn\u00e4n toteutukset.\",\"potentialAction\":[{\"@type\":\"SearchAction\",\"target\":{\"@type\":\"EntryPoint\",\"urlTemplate\":\"https:\\\/\\\/sektori.net\\\/?s={search_term_string}\"},\"query-input\":{\"@type\":\"PropertyValueSpecification\",\"valueRequired\":true,\"valueName\":\"search_term_string\"}}],\"inLanguage\":\"sv-SE\"}]}<\/script>\n<!-- \/ Yoast SEO plugin. -->","yoast_head_json":{"title":"PROJEKTLEDNING - Mainostoimisto Sektori","robots":{"index":"index","follow":"follow","max-snippet":"max-snippet:-1","max-image-preview":"max-image-preview:large","max-video-preview":"max-video-preview:-1"},"canonical":"https:\/\/sektori.net\/sv\/projektledning\/","og_locale":"sv_SE","og_type":"article","og_title":"PROJEKTLEDNING - Mainostoimisto Sektori","og_description":"PROJEKTLEDNING V\u00e5rt m\u00e5l \u00e4r att ta utf\u00f6ra v\u00e5ra uppdrag effektivt och kundn\u00e4ra. Detta inneb\u00e4r att vi arbetar i enlighet med strikta regler, transparant och att vi \u00e4r \u00f6ppna f\u00f6r utveckling. Alla dina \u00e4renden hanteras av samma v\u00e4lk\u00e4nda kontaktperson Vi arbetar som en outsourcad marknadsf\u00f6rings och kommunikationsavdelning Vi sk\u00f6ter aff\u00e4rskommunikationen i enlighet med de regler vi [...]","og_url":"https:\/\/sektori.net\/sv\/projektledning\/","og_site_name":"Mainostoimisto Sektori","og_image":[{"width":471,"height":471,"url":"https:\/\/sektori.net\/wp-content\/uploads\/2019\/08\/Sektori_Lahtiyrityspalveluseteli_06.png","type":"image\/png"}],"twitter_card":"summary_large_image","twitter_misc":{"Ber\u00e4knad l\u00e4stid":"1 minut"},"schema":{"@context":"https:\/\/schema.org","@graph":[{"@type":"WebPage","@id":"https:\/\/sektori.net\/sv\/projektledning\/","url":"https:\/\/sektori.net\/sv\/projektledning\/","name":"PROJEKTLEDNING - Mainostoimisto Sektori","isPartOf":{"@id":"https:\/\/sektori.net\/#website"},"datePublished":"2021-08-25T09:37:50+00:00","breadcrumb":{"@id":"https:\/\/sektori.net\/sv\/projektledning\/#breadcrumb"},"inLanguage":"sv-SE","potentialAction":[{"@type":"ReadAction","target":["https:\/\/sektori.net\/sv\/projektledning\/"]}]},{"@type":"BreadcrumbList","@id":"https:\/\/sektori.net\/sv\/projektledning\/#breadcrumb","itemListElement":[{"@type":"ListItem","position":1,"name":"Home","item":"https:\/\/sektori.net\/sv\/home\/"},{"@type":"ListItem","position":2,"name":"PROJEKTLEDNING"}]},{"@type":"WebSite","@id":"https:\/\/sektori.net\/#website","url":"https:\/\/sektori.net\/","name":"Mainostoimisto Sektori","description":"Mainostoimisto Sektori tarjoaa monipuolisia markkinointiviestinn\u00e4n palveluja tarpeesi mukaan. Markkinoinnin ja mainonnan suunnittelu ja toteutus, graafinen suunnittelu, logot, s\u00e4hk\u00f6isen markkinointiviestinn\u00e4n toteutukset.","potentialAction":[{"@type":"SearchAction","target":{"@type":"EntryPoint","urlTemplate":"https:\/\/sektori.net\/?s={search_term_string}"},"query-input":{"@type":"PropertyValueSpecification","valueRequired":true,"valueName":"search_term_string"}}],"inLanguage":"sv-SE"}]}},"_links":{"self":[{"href":"https:\/\/sektori.net\/sv\/wp-json\/wp\/v2\/pages\/2924","targetHints":{"allow":["GET"]}}],"collection":[{"href":"https:\/\/sektori.net\/sv\/wp-json\/wp\/v2\/pages"}],"about":[{"href":"https:\/\/sektori.net\/sv\/wp-json\/wp\/v2\/types\/page"}],"author":[{"embeddable":true,"href":"https:\/\/sektori.net\/sv\/wp-json\/wp\/v2\/users\/2"}],"replies":[{"embeddable":true,"href":"https:\/\/sektori.net\/sv\/wp-json\/wp\/v2\/comments?post=2924"}],"version-history":[{"count":1,"href":"https:\/\/sektori.net\/sv\/wp-json\/wp\/v2\/pages\/2924\/revisions"}],"predecessor-version":[{"id":2925,"href":"https:\/\/sektori.net\/sv\/wp-json\/wp\/v2\/pages\/2924\/revisions\/2925"}],"wp:attachment":[{"href":"https:\/\/sektori.net\/sv\/wp-json\/wp\/v2\/media?parent=2924"}],"curies":[{"name":"wp","href":"https:\/\/api.w.org\/{rel}","templated":true}]}}