{"id":2914,"date":"2021-08-25T12:31:02","date_gmt":"2021-08-25T09:31:02","guid":{"rendered":"https:\/\/sektori.net\/?page_id=2914"},"modified":"2021-08-25T12:31:02","modified_gmt":"2021-08-25T09:31:02","slug":"massor-och-evenemang","status":"publish","type":"page","link":"https:\/\/sektori.net\/sv\/massor-och-evenemang\/","title":{"rendered":"M\u00c4SSOR OCH EVENEMANG"},"content":{"rendered":"<a href=\"https:\/\/sektori.net\/sv\" class=\"button primary is-outline\" >\n\t\t<span>Tillbaka<\/span>\n\t<\/a>\n\n<h1 style=\"text-align: left;\">M\u00c4SSOR OCH EVENEMANG<\/h1>\n<p>Genom att synas vid m\u00e4ssor och andra h\u00e4ndelser fr\u00e4mjas f\u00f6retagets varum\u00e4rke och hj\u00e4lper ditt f\u00f6retag att n\u00e5 dina m\u00e5lgrupper.<\/p>\n<p>Vi hj\u00e4lper dig med:<\/p>\n<ul>\n<li>Organistationen runt m\u00e4ssor eller andra h\u00e4ndelser<\/li>\n<li>3D-modeller av m\u00e4ssutst\u00e4llningar och m\u00e4ssmontrar<\/li>\n<li>M\u00e4ssmonterns budskap och design<\/li>\n<li>Kommunikationen f\u00f6re, under och efter m\u00e4ssan<\/li>\n<li>M\u00e4ssvideor<\/li>\n<li>M\u00e4sspublikationer<\/li>\n<\/ul>\n","protected":false},"excerpt":{"rendered":"<p>M\u00c4SSOR OCH EVENEMANG Genom att synas vid m\u00e4ssor och andra h\u00e4ndelser fr\u00e4mjas f\u00f6retagets varum\u00e4rke och hj\u00e4lper ditt f\u00f6retag att n\u00e5 dina m\u00e5lgrupper. Vi hj\u00e4lper dig med: Organistationen runt m\u00e4ssor eller andra h\u00e4ndelser 3D-modeller av m\u00e4ssutst\u00e4llningar och m\u00e4ssmontrar M\u00e4ssmonterns budskap och design Kommunikationen f\u00f6re, under och efter m\u00e4ssan M\u00e4ssvideor M\u00e4sspublikationer<\/p>\n","protected":false},"author":2,"featured_media":0,"parent":0,"menu_order":28,"comment_status":"closed","ping_status":"closed","template":"","meta":{"footnotes":""},"class_list":["post-2914","page","type-page","status-publish","hentry"],"yoast_head":"<!-- This site is optimized with the Yoast SEO plugin v27.5 - https:\/\/yoast.com\/product\/yoast-seo-wordpress\/ -->\n<title>M\u00c4SSOR OCH EVENEMANG - Mainostoimisto Sektori<\/title>\n<meta name=\"robots\" content=\"index, follow, max-snippet:-1, max-image-preview:large, max-video-preview:-1\" \/>\n<link rel=\"canonical\" href=\"https:\/\/sektori.net\/sv\/massor-och-evenemang\/\" \/>\n<meta property=\"og:locale\" content=\"sv_SE\" \/>\n<meta property=\"og:type\" content=\"article\" \/>\n<meta property=\"og:title\" content=\"M\u00c4SSOR OCH EVENEMANG - Mainostoimisto Sektori\" \/>\n<meta property=\"og:description\" content=\"M\u00c4SSOR OCH EVENEMANG Genom att synas vid m\u00e4ssor och andra h\u00e4ndelser fr\u00e4mjas f\u00f6retagets varum\u00e4rke och hj\u00e4lper ditt f\u00f6retag att n\u00e5 dina m\u00e5lgrupper. Vi hj\u00e4lper dig med: Organistationen runt m\u00e4ssor eller andra h\u00e4ndelser 3D-modeller av m\u00e4ssutst\u00e4llningar och m\u00e4ssmontrar M\u00e4ssmonterns budskap och design Kommunikationen f\u00f6re, under och efter m\u00e4ssan M\u00e4ssvideor M\u00e4sspublikationer\" \/>\n<meta property=\"og:url\" content=\"https:\/\/sektori.net\/sv\/massor-och-evenemang\/\" \/>\n<meta property=\"og:site_name\" content=\"Mainostoimisto Sektori\" \/>\n<meta property=\"og:image\" content=\"https:\/\/sektori.net\/wp-content\/uploads\/2019\/08\/Sektori_Lahtiyrityspalveluseteli_06.png\" \/>\n\t<meta property=\"og:image:width\" content=\"471\" \/>\n\t<meta property=\"og:image:height\" content=\"471\" \/>\n\t<meta property=\"og:image:type\" content=\"image\/png\" \/>\n<meta name=\"twitter:card\" content=\"summary_large_image\" \/>\n<meta name=\"twitter:label1\" content=\"Ber\u00e4knad l\u00e4stid\" \/>\n\t<meta name=\"twitter:data1\" content=\"1 minut\" \/>\n<script type=\"application\/ld+json\" class=\"yoast-schema-graph\">{\"@context\":\"https:\\\/\\\/schema.org\",\"@graph\":[{\"@type\":\"WebPage\",\"@id\":\"https:\\\/\\\/sektori.net\\\/sv\\\/massor-och-evenemang\\\/\",\"url\":\"https:\\\/\\\/sektori.net\\\/sv\\\/massor-och-evenemang\\\/\",\"name\":\"M\u00c4SSOR OCH EVENEMANG - Mainostoimisto Sektori\",\"isPartOf\":{\"@id\":\"https:\\\/\\\/sektori.net\\\/#website\"},\"datePublished\":\"2021-08-25T09:31:02+00:00\",\"breadcrumb\":{\"@id\":\"https:\\\/\\\/sektori.net\\\/sv\\\/massor-och-evenemang\\\/#breadcrumb\"},\"inLanguage\":\"sv-SE\",\"potentialAction\":[{\"@type\":\"ReadAction\",\"target\":[\"https:\\\/\\\/sektori.net\\\/sv\\\/massor-och-evenemang\\\/\"]}]},{\"@type\":\"BreadcrumbList\",\"@id\":\"https:\\\/\\\/sektori.net\\\/sv\\\/massor-och-evenemang\\\/#breadcrumb\",\"itemListElement\":[{\"@type\":\"ListItem\",\"position\":1,\"name\":\"Home\",\"item\":\"https:\\\/\\\/sektori.net\\\/sv\\\/home\\\/\"},{\"@type\":\"ListItem\",\"position\":2,\"name\":\"M\u00c4SSOR OCH EVENEMANG\"}]},{\"@type\":\"WebSite\",\"@id\":\"https:\\\/\\\/sektori.net\\\/#website\",\"url\":\"https:\\\/\\\/sektori.net\\\/\",\"name\":\"Mainostoimisto Sektori\",\"description\":\"Mainostoimisto Sektori tarjoaa monipuolisia markkinointiviestinn\u00e4n palveluja tarpeesi mukaan. Markkinoinnin ja mainonnan suunnittelu ja toteutus, graafinen suunnittelu, logot, s\u00e4hk\u00f6isen markkinointiviestinn\u00e4n toteutukset.\",\"potentialAction\":[{\"@type\":\"SearchAction\",\"target\":{\"@type\":\"EntryPoint\",\"urlTemplate\":\"https:\\\/\\\/sektori.net\\\/?s={search_term_string}\"},\"query-input\":{\"@type\":\"PropertyValueSpecification\",\"valueRequired\":true,\"valueName\":\"search_term_string\"}}],\"inLanguage\":\"sv-SE\"}]}<\/script>\n<!-- \/ Yoast SEO plugin. -->","yoast_head_json":{"title":"M\u00c4SSOR OCH EVENEMANG - Mainostoimisto Sektori","robots":{"index":"index","follow":"follow","max-snippet":"max-snippet:-1","max-image-preview":"max-image-preview:large","max-video-preview":"max-video-preview:-1"},"canonical":"https:\/\/sektori.net\/sv\/massor-och-evenemang\/","og_locale":"sv_SE","og_type":"article","og_title":"M\u00c4SSOR OCH EVENEMANG - Mainostoimisto Sektori","og_description":"M\u00c4SSOR OCH EVENEMANG Genom att synas vid m\u00e4ssor och andra h\u00e4ndelser fr\u00e4mjas f\u00f6retagets varum\u00e4rke och hj\u00e4lper ditt f\u00f6retag att n\u00e5 dina m\u00e5lgrupper. Vi hj\u00e4lper dig med: Organistationen runt m\u00e4ssor eller andra h\u00e4ndelser 3D-modeller av m\u00e4ssutst\u00e4llningar och m\u00e4ssmontrar M\u00e4ssmonterns budskap och design Kommunikationen f\u00f6re, under och efter m\u00e4ssan M\u00e4ssvideor M\u00e4sspublikationer","og_url":"https:\/\/sektori.net\/sv\/massor-och-evenemang\/","og_site_name":"Mainostoimisto Sektori","og_image":[{"width":471,"height":471,"url":"https:\/\/sektori.net\/wp-content\/uploads\/2019\/08\/Sektori_Lahtiyrityspalveluseteli_06.png","type":"image\/png"}],"twitter_card":"summary_large_image","twitter_misc":{"Ber\u00e4knad l\u00e4stid":"1 minut"},"schema":{"@context":"https:\/\/schema.org","@graph":[{"@type":"WebPage","@id":"https:\/\/sektori.net\/sv\/massor-och-evenemang\/","url":"https:\/\/sektori.net\/sv\/massor-och-evenemang\/","name":"M\u00c4SSOR OCH EVENEMANG - Mainostoimisto Sektori","isPartOf":{"@id":"https:\/\/sektori.net\/#website"},"datePublished":"2021-08-25T09:31:02+00:00","breadcrumb":{"@id":"https:\/\/sektori.net\/sv\/massor-och-evenemang\/#breadcrumb"},"inLanguage":"sv-SE","potentialAction":[{"@type":"ReadAction","target":["https:\/\/sektori.net\/sv\/massor-och-evenemang\/"]}]},{"@type":"BreadcrumbList","@id":"https:\/\/sektori.net\/sv\/massor-och-evenemang\/#breadcrumb","itemListElement":[{"@type":"ListItem","position":1,"name":"Home","item":"https:\/\/sektori.net\/sv\/home\/"},{"@type":"ListItem","position":2,"name":"M\u00c4SSOR OCH EVENEMANG"}]},{"@type":"WebSite","@id":"https:\/\/sektori.net\/#website","url":"https:\/\/sektori.net\/","name":"Mainostoimisto Sektori","description":"Mainostoimisto Sektori tarjoaa monipuolisia markkinointiviestinn\u00e4n palveluja tarpeesi mukaan. Markkinoinnin ja mainonnan suunnittelu ja toteutus, graafinen suunnittelu, logot, s\u00e4hk\u00f6isen markkinointiviestinn\u00e4n toteutukset.","potentialAction":[{"@type":"SearchAction","target":{"@type":"EntryPoint","urlTemplate":"https:\/\/sektori.net\/?s={search_term_string}"},"query-input":{"@type":"PropertyValueSpecification","valueRequired":true,"valueName":"search_term_string"}}],"inLanguage":"sv-SE"}]}},"_links":{"self":[{"href":"https:\/\/sektori.net\/sv\/wp-json\/wp\/v2\/pages\/2914","targetHints":{"allow":["GET"]}}],"collection":[{"href":"https:\/\/sektori.net\/sv\/wp-json\/wp\/v2\/pages"}],"about":[{"href":"https:\/\/sektori.net\/sv\/wp-json\/wp\/v2\/types\/page"}],"author":[{"embeddable":true,"href":"https:\/\/sektori.net\/sv\/wp-json\/wp\/v2\/users\/2"}],"replies":[{"embeddable":true,"href":"https:\/\/sektori.net\/sv\/wp-json\/wp\/v2\/comments?post=2914"}],"version-history":[{"count":2,"href":"https:\/\/sektori.net\/sv\/wp-json\/wp\/v2\/pages\/2914\/revisions"}],"predecessor-version":[{"id":2916,"href":"https:\/\/sektori.net\/sv\/wp-json\/wp\/v2\/pages\/2914\/revisions\/2916"}],"wp:attachment":[{"href":"https:\/\/sektori.net\/sv\/wp-json\/wp\/v2\/media?parent=2914"}],"curies":[{"name":"wp","href":"https:\/\/api.w.org\/{rel}","templated":true}]}}