{"id":2909,"date":"2021-08-25T12:27:18","date_gmt":"2021-08-25T09:27:18","guid":{"rendered":"https:\/\/sektori.net\/?page_id=2909"},"modified":"2021-08-25T12:27:18","modified_gmt":"2021-08-25T09:27:18","slug":"video-och-animation","status":"publish","type":"page","link":"https:\/\/sektori.net\/sv\/video-och-animation\/","title":{"rendered":"VIDEO OCH ANIMATION"},"content":{"rendered":"<a href=\"https:\/\/sektori.net\/sv\" class=\"button primary is-outline\" >\n\t\t<span>Tillbaka<\/span>\n\t<\/a>\n\n<h1 style=\"text-align: left;\">VIDEO OCH ANIMATION<\/h1>\n<p>Med hj\u00e4lp av videor kan du ber\u00e4tta om ditt f\u00f6retag och dina produkter p\u00e5 ett mer m\u00e5ngsidigt och omfattande s\u00e4tt \u00e4n du kan med exempelvis broschyrer och bilder.<\/p>\n<p>Vi hj\u00e4lper dig med:<\/p>\n<ul>\n<li>Manus<\/li>\n<li>Videoinspelning<\/li>\n<li>Animationer och videor fr\u00e5n befintligt bildmaterial<\/li>\n<li>Videor som \u00e4ven ryms i sm\u00e5 budgetar<\/li>\n<li>R\u00f6rliga animeringar som visar insida och utsida av produkter och maskiner<\/li>\n<li>Inspelning och redigering<\/li>\n<li>Spr\u00e5kversioner gjorda av modersm\u00e5lstalande<\/li>\n<li>Delning och spridning av f\u00e4rdiga videor<\/li>\n<li>\u00d6vrigt presentationsmaterial<\/li>\n<\/ul>\n","protected":false},"excerpt":{"rendered":"<p>VIDEO OCH ANIMATION Med hj\u00e4lp av videor kan du ber\u00e4tta om ditt f\u00f6retag och dina produkter p\u00e5 ett mer m\u00e5ngsidigt och omfattande s\u00e4tt \u00e4n du kan med exempelvis broschyrer och bilder. Vi hj\u00e4lper dig med: Manus Videoinspelning Animationer och videor fr\u00e5n befintligt bildmaterial Videor som \u00e4ven ryms i sm\u00e5 budgetar R\u00f6rliga animeringar som visar insida [&#8230;]\n","protected":false},"author":2,"featured_media":0,"parent":0,"menu_order":46,"comment_status":"closed","ping_status":"closed","template":"","meta":{"footnotes":""},"class_list":["post-2909","page","type-page","status-publish","hentry"],"yoast_head":"<!-- This site is optimized with the Yoast SEO plugin v27.5 - https:\/\/yoast.com\/product\/yoast-seo-wordpress\/ -->\n<title>VIDEO OCH ANIMATION - Mainostoimisto Sektori<\/title>\n<meta name=\"robots\" content=\"index, follow, max-snippet:-1, max-image-preview:large, max-video-preview:-1\" \/>\n<link rel=\"canonical\" href=\"https:\/\/sektori.net\/sv\/video-och-animation\/\" \/>\n<meta property=\"og:locale\" content=\"sv_SE\" \/>\n<meta property=\"og:type\" content=\"article\" \/>\n<meta property=\"og:title\" content=\"VIDEO OCH ANIMATION - Mainostoimisto Sektori\" \/>\n<meta property=\"og:description\" content=\"VIDEO OCH ANIMATION Med hj\u00e4lp av videor kan du ber\u00e4tta om ditt f\u00f6retag och dina produkter p\u00e5 ett mer m\u00e5ngsidigt och omfattande s\u00e4tt \u00e4n du kan med exempelvis broschyrer och bilder. Vi hj\u00e4lper dig med: Manus Videoinspelning Animationer och videor fr\u00e5n befintligt bildmaterial Videor som \u00e4ven ryms i sm\u00e5 budgetar R\u00f6rliga animeringar som visar insida [...]\" \/>\n<meta property=\"og:url\" content=\"https:\/\/sektori.net\/sv\/video-och-animation\/\" \/>\n<meta property=\"og:site_name\" content=\"Mainostoimisto Sektori\" \/>\n<meta property=\"og:image\" content=\"https:\/\/sektori.net\/wp-content\/uploads\/2019\/08\/Sektori_Lahtiyrityspalveluseteli_06.png\" \/>\n\t<meta property=\"og:image:width\" content=\"471\" \/>\n\t<meta property=\"og:image:height\" content=\"471\" \/>\n\t<meta property=\"og:image:type\" content=\"image\/png\" \/>\n<meta name=\"twitter:card\" content=\"summary_large_image\" \/>\n<meta name=\"twitter:label1\" content=\"Ber\u00e4knad l\u00e4stid\" \/>\n\t<meta name=\"twitter:data1\" content=\"1 minut\" \/>\n<script type=\"application\/ld+json\" class=\"yoast-schema-graph\">{\"@context\":\"https:\\\/\\\/schema.org\",\"@graph\":[{\"@type\":\"WebPage\",\"@id\":\"https:\\\/\\\/sektori.net\\\/sv\\\/video-och-animation\\\/\",\"url\":\"https:\\\/\\\/sektori.net\\\/sv\\\/video-och-animation\\\/\",\"name\":\"VIDEO OCH ANIMATION - Mainostoimisto Sektori\",\"isPartOf\":{\"@id\":\"https:\\\/\\\/sektori.net\\\/#website\"},\"datePublished\":\"2021-08-25T09:27:18+00:00\",\"breadcrumb\":{\"@id\":\"https:\\\/\\\/sektori.net\\\/sv\\\/video-och-animation\\\/#breadcrumb\"},\"inLanguage\":\"sv-SE\",\"potentialAction\":[{\"@type\":\"ReadAction\",\"target\":[\"https:\\\/\\\/sektori.net\\\/sv\\\/video-och-animation\\\/\"]}]},{\"@type\":\"BreadcrumbList\",\"@id\":\"https:\\\/\\\/sektori.net\\\/sv\\\/video-och-animation\\\/#breadcrumb\",\"itemListElement\":[{\"@type\":\"ListItem\",\"position\":1,\"name\":\"Home\",\"item\":\"https:\\\/\\\/sektori.net\\\/sv\\\/home\\\/\"},{\"@type\":\"ListItem\",\"position\":2,\"name\":\"VIDEO OCH ANIMATION\"}]},{\"@type\":\"WebSite\",\"@id\":\"https:\\\/\\\/sektori.net\\\/#website\",\"url\":\"https:\\\/\\\/sektori.net\\\/\",\"name\":\"Mainostoimisto Sektori\",\"description\":\"Mainostoimisto Sektori tarjoaa monipuolisia markkinointiviestinn\u00e4n palveluja tarpeesi mukaan. Markkinoinnin ja mainonnan suunnittelu ja toteutus, graafinen suunnittelu, logot, s\u00e4hk\u00f6isen markkinointiviestinn\u00e4n toteutukset.\",\"potentialAction\":[{\"@type\":\"SearchAction\",\"target\":{\"@type\":\"EntryPoint\",\"urlTemplate\":\"https:\\\/\\\/sektori.net\\\/?s={search_term_string}\"},\"query-input\":{\"@type\":\"PropertyValueSpecification\",\"valueRequired\":true,\"valueName\":\"search_term_string\"}}],\"inLanguage\":\"sv-SE\"}]}<\/script>\n<!-- \/ Yoast SEO plugin. -->","yoast_head_json":{"title":"VIDEO OCH ANIMATION - Mainostoimisto Sektori","robots":{"index":"index","follow":"follow","max-snippet":"max-snippet:-1","max-image-preview":"max-image-preview:large","max-video-preview":"max-video-preview:-1"},"canonical":"https:\/\/sektori.net\/sv\/video-och-animation\/","og_locale":"sv_SE","og_type":"article","og_title":"VIDEO OCH ANIMATION - Mainostoimisto Sektori","og_description":"VIDEO OCH ANIMATION Med hj\u00e4lp av videor kan du ber\u00e4tta om ditt f\u00f6retag och dina produkter p\u00e5 ett mer m\u00e5ngsidigt och omfattande s\u00e4tt \u00e4n du kan med exempelvis broschyrer och bilder. Vi hj\u00e4lper dig med: Manus Videoinspelning Animationer och videor fr\u00e5n befintligt bildmaterial Videor som \u00e4ven ryms i sm\u00e5 budgetar R\u00f6rliga animeringar som visar insida [...]","og_url":"https:\/\/sektori.net\/sv\/video-och-animation\/","og_site_name":"Mainostoimisto Sektori","og_image":[{"width":471,"height":471,"url":"https:\/\/sektori.net\/wp-content\/uploads\/2019\/08\/Sektori_Lahtiyrityspalveluseteli_06.png","type":"image\/png"}],"twitter_card":"summary_large_image","twitter_misc":{"Ber\u00e4knad l\u00e4stid":"1 minut"},"schema":{"@context":"https:\/\/schema.org","@graph":[{"@type":"WebPage","@id":"https:\/\/sektori.net\/sv\/video-och-animation\/","url":"https:\/\/sektori.net\/sv\/video-och-animation\/","name":"VIDEO OCH ANIMATION - Mainostoimisto Sektori","isPartOf":{"@id":"https:\/\/sektori.net\/#website"},"datePublished":"2021-08-25T09:27:18+00:00","breadcrumb":{"@id":"https:\/\/sektori.net\/sv\/video-och-animation\/#breadcrumb"},"inLanguage":"sv-SE","potentialAction":[{"@type":"ReadAction","target":["https:\/\/sektori.net\/sv\/video-och-animation\/"]}]},{"@type":"BreadcrumbList","@id":"https:\/\/sektori.net\/sv\/video-och-animation\/#breadcrumb","itemListElement":[{"@type":"ListItem","position":1,"name":"Home","item":"https:\/\/sektori.net\/sv\/home\/"},{"@type":"ListItem","position":2,"name":"VIDEO OCH ANIMATION"}]},{"@type":"WebSite","@id":"https:\/\/sektori.net\/#website","url":"https:\/\/sektori.net\/","name":"Mainostoimisto Sektori","description":"Mainostoimisto Sektori tarjoaa monipuolisia markkinointiviestinn\u00e4n palveluja tarpeesi mukaan. Markkinoinnin ja mainonnan suunnittelu ja toteutus, graafinen suunnittelu, logot, s\u00e4hk\u00f6isen markkinointiviestinn\u00e4n toteutukset.","potentialAction":[{"@type":"SearchAction","target":{"@type":"EntryPoint","urlTemplate":"https:\/\/sektori.net\/?s={search_term_string}"},"query-input":{"@type":"PropertyValueSpecification","valueRequired":true,"valueName":"search_term_string"}}],"inLanguage":"sv-SE"}]}},"_links":{"self":[{"href":"https:\/\/sektori.net\/sv\/wp-json\/wp\/v2\/pages\/2909","targetHints":{"allow":["GET"]}}],"collection":[{"href":"https:\/\/sektori.net\/sv\/wp-json\/wp\/v2\/pages"}],"about":[{"href":"https:\/\/sektori.net\/sv\/wp-json\/wp\/v2\/types\/page"}],"author":[{"embeddable":true,"href":"https:\/\/sektori.net\/sv\/wp-json\/wp\/v2\/users\/2"}],"replies":[{"embeddable":true,"href":"https:\/\/sektori.net\/sv\/wp-json\/wp\/v2\/comments?post=2909"}],"version-history":[{"count":2,"href":"https:\/\/sektori.net\/sv\/wp-json\/wp\/v2\/pages\/2909\/revisions"}],"predecessor-version":[{"id":2911,"href":"https:\/\/sektori.net\/sv\/wp-json\/wp\/v2\/pages\/2909\/revisions\/2911"}],"wp:attachment":[{"href":"https:\/\/sektori.net\/sv\/wp-json\/wp\/v2\/media?parent=2909"}],"curies":[{"name":"wp","href":"https:\/\/api.w.org\/{rel}","templated":true}]}}