{"id":2891,"date":"2021-08-25T12:13:06","date_gmt":"2021-08-25T09:13:06","guid":{"rendered":"https:\/\/sektori.net\/?page_id=2891"},"modified":"2021-08-25T12:13:06","modified_gmt":"2021-08-25T09:13:06","slug":"nyhetsbrev","status":"publish","type":"page","link":"https:\/\/sektori.net\/sv\/nyhetsbrev\/","title":{"rendered":"NYHETSBREV"},"content":{"rendered":"<a href=\"https:\/\/sektori.net\/en\" class=\"button primary is-outline\" >\n\t\t<span>Tillbaka<\/span>\n\t<\/a>\n\n<h1 style=\"text-align: left;\">NYHETSBREV<\/h1>\n<p>Kund- eller nyhetsbrev \u00e4r en viktig kommunikationskanal mellan dig och dina kunder. Vi anv\u00e4nder oss i huvudsak av Mail-Chimp.<\/p>\n<ul>\n<li>Vi skapar och underh\u00e5ller kundregister<\/li>\n<li>Vi skriver och skickar nyhetsbrev<\/li>\n<li>Vi analyserar resultatet<\/li>\n<\/ul>\n","protected":false},"excerpt":{"rendered":"<p>NYHETSBREV Kund- eller nyhetsbrev \u00e4r en viktig kommunikationskanal mellan dig och dina kunder. Vi anv\u00e4nder oss i huvudsak av Mail-Chimp. Vi skapar och underh\u00e5ller kundregister Vi skriver och skickar nyhetsbrev Vi analyserar resultatet<\/p>\n","protected":false},"author":2,"featured_media":0,"parent":0,"menu_order":34,"comment_status":"closed","ping_status":"closed","template":"","meta":{"footnotes":""},"class_list":["post-2891","page","type-page","status-publish","hentry"],"yoast_head":"<!-- This site is optimized with the Yoast SEO plugin v27.5 - https:\/\/yoast.com\/product\/yoast-seo-wordpress\/ -->\n<title>NYHETSBREV - Mainostoimisto Sektori<\/title>\n<meta name=\"robots\" content=\"index, follow, max-snippet:-1, max-image-preview:large, max-video-preview:-1\" \/>\n<link rel=\"canonical\" href=\"https:\/\/sektori.net\/sv\/nyhetsbrev\/\" \/>\n<meta property=\"og:locale\" content=\"sv_SE\" \/>\n<meta property=\"og:type\" content=\"article\" \/>\n<meta property=\"og:title\" content=\"NYHETSBREV - Mainostoimisto Sektori\" \/>\n<meta property=\"og:description\" content=\"NYHETSBREV Kund- eller nyhetsbrev \u00e4r en viktig kommunikationskanal mellan dig och dina kunder. Vi anv\u00e4nder oss i huvudsak av Mail-Chimp. Vi skapar och underh\u00e5ller kundregister Vi skriver och skickar nyhetsbrev Vi analyserar resultatet\" \/>\n<meta property=\"og:url\" content=\"https:\/\/sektori.net\/sv\/nyhetsbrev\/\" \/>\n<meta property=\"og:site_name\" content=\"Mainostoimisto Sektori\" \/>\n<meta property=\"og:image\" content=\"https:\/\/sektori.net\/wp-content\/uploads\/2019\/08\/Sektori_Lahtiyrityspalveluseteli_06.png\" \/>\n\t<meta property=\"og:image:width\" content=\"471\" \/>\n\t<meta property=\"og:image:height\" content=\"471\" \/>\n\t<meta property=\"og:image:type\" content=\"image\/png\" \/>\n<meta name=\"twitter:card\" content=\"summary_large_image\" \/>\n<meta name=\"twitter:label1\" content=\"Ber\u00e4knad l\u00e4stid\" \/>\n\t<meta name=\"twitter:data1\" content=\"1 minut\" \/>\n<script type=\"application\/ld+json\" class=\"yoast-schema-graph\">{\"@context\":\"https:\\\/\\\/schema.org\",\"@graph\":[{\"@type\":\"WebPage\",\"@id\":\"https:\\\/\\\/sektori.net\\\/sv\\\/nyhetsbrev\\\/\",\"url\":\"https:\\\/\\\/sektori.net\\\/sv\\\/nyhetsbrev\\\/\",\"name\":\"NYHETSBREV - Mainostoimisto Sektori\",\"isPartOf\":{\"@id\":\"https:\\\/\\\/sektori.net\\\/#website\"},\"datePublished\":\"2021-08-25T09:13:06+00:00\",\"breadcrumb\":{\"@id\":\"https:\\\/\\\/sektori.net\\\/sv\\\/nyhetsbrev\\\/#breadcrumb\"},\"inLanguage\":\"sv-SE\",\"potentialAction\":[{\"@type\":\"ReadAction\",\"target\":[\"https:\\\/\\\/sektori.net\\\/sv\\\/nyhetsbrev\\\/\"]}]},{\"@type\":\"BreadcrumbList\",\"@id\":\"https:\\\/\\\/sektori.net\\\/sv\\\/nyhetsbrev\\\/#breadcrumb\",\"itemListElement\":[{\"@type\":\"ListItem\",\"position\":1,\"name\":\"Home\",\"item\":\"https:\\\/\\\/sektori.net\\\/sv\\\/home\\\/\"},{\"@type\":\"ListItem\",\"position\":2,\"name\":\"NYHETSBREV\"}]},{\"@type\":\"WebSite\",\"@id\":\"https:\\\/\\\/sektori.net\\\/#website\",\"url\":\"https:\\\/\\\/sektori.net\\\/\",\"name\":\"Mainostoimisto Sektori\",\"description\":\"Mainostoimisto Sektori tarjoaa monipuolisia markkinointiviestinn\u00e4n palveluja tarpeesi mukaan. Markkinoinnin ja mainonnan suunnittelu ja toteutus, graafinen suunnittelu, logot, s\u00e4hk\u00f6isen markkinointiviestinn\u00e4n toteutukset.\",\"potentialAction\":[{\"@type\":\"SearchAction\",\"target\":{\"@type\":\"EntryPoint\",\"urlTemplate\":\"https:\\\/\\\/sektori.net\\\/?s={search_term_string}\"},\"query-input\":{\"@type\":\"PropertyValueSpecification\",\"valueRequired\":true,\"valueName\":\"search_term_string\"}}],\"inLanguage\":\"sv-SE\"}]}<\/script>\n<!-- \/ Yoast SEO plugin. -->","yoast_head_json":{"title":"NYHETSBREV - Mainostoimisto Sektori","robots":{"index":"index","follow":"follow","max-snippet":"max-snippet:-1","max-image-preview":"max-image-preview:large","max-video-preview":"max-video-preview:-1"},"canonical":"https:\/\/sektori.net\/sv\/nyhetsbrev\/","og_locale":"sv_SE","og_type":"article","og_title":"NYHETSBREV - Mainostoimisto Sektori","og_description":"NYHETSBREV Kund- eller nyhetsbrev \u00e4r en viktig kommunikationskanal mellan dig och dina kunder. Vi anv\u00e4nder oss i huvudsak av Mail-Chimp. Vi skapar och underh\u00e5ller kundregister Vi skriver och skickar nyhetsbrev Vi analyserar resultatet","og_url":"https:\/\/sektori.net\/sv\/nyhetsbrev\/","og_site_name":"Mainostoimisto Sektori","og_image":[{"width":471,"height":471,"url":"https:\/\/sektori.net\/wp-content\/uploads\/2019\/08\/Sektori_Lahtiyrityspalveluseteli_06.png","type":"image\/png"}],"twitter_card":"summary_large_image","twitter_misc":{"Ber\u00e4knad l\u00e4stid":"1 minut"},"schema":{"@context":"https:\/\/schema.org","@graph":[{"@type":"WebPage","@id":"https:\/\/sektori.net\/sv\/nyhetsbrev\/","url":"https:\/\/sektori.net\/sv\/nyhetsbrev\/","name":"NYHETSBREV - Mainostoimisto Sektori","isPartOf":{"@id":"https:\/\/sektori.net\/#website"},"datePublished":"2021-08-25T09:13:06+00:00","breadcrumb":{"@id":"https:\/\/sektori.net\/sv\/nyhetsbrev\/#breadcrumb"},"inLanguage":"sv-SE","potentialAction":[{"@type":"ReadAction","target":["https:\/\/sektori.net\/sv\/nyhetsbrev\/"]}]},{"@type":"BreadcrumbList","@id":"https:\/\/sektori.net\/sv\/nyhetsbrev\/#breadcrumb","itemListElement":[{"@type":"ListItem","position":1,"name":"Home","item":"https:\/\/sektori.net\/sv\/home\/"},{"@type":"ListItem","position":2,"name":"NYHETSBREV"}]},{"@type":"WebSite","@id":"https:\/\/sektori.net\/#website","url":"https:\/\/sektori.net\/","name":"Mainostoimisto Sektori","description":"Mainostoimisto Sektori tarjoaa monipuolisia markkinointiviestinn\u00e4n palveluja tarpeesi mukaan. Markkinoinnin ja mainonnan suunnittelu ja toteutus, graafinen suunnittelu, logot, s\u00e4hk\u00f6isen markkinointiviestinn\u00e4n toteutukset.","potentialAction":[{"@type":"SearchAction","target":{"@type":"EntryPoint","urlTemplate":"https:\/\/sektori.net\/?s={search_term_string}"},"query-input":{"@type":"PropertyValueSpecification","valueRequired":true,"valueName":"search_term_string"}}],"inLanguage":"sv-SE"}]}},"_links":{"self":[{"href":"https:\/\/sektori.net\/sv\/wp-json\/wp\/v2\/pages\/2891","targetHints":{"allow":["GET"]}}],"collection":[{"href":"https:\/\/sektori.net\/sv\/wp-json\/wp\/v2\/pages"}],"about":[{"href":"https:\/\/sektori.net\/sv\/wp-json\/wp\/v2\/types\/page"}],"author":[{"embeddable":true,"href":"https:\/\/sektori.net\/sv\/wp-json\/wp\/v2\/users\/2"}],"replies":[{"embeddable":true,"href":"https:\/\/sektori.net\/sv\/wp-json\/wp\/v2\/comments?post=2891"}],"version-history":[{"count":1,"href":"https:\/\/sektori.net\/sv\/wp-json\/wp\/v2\/pages\/2891\/revisions"}],"predecessor-version":[{"id":2892,"href":"https:\/\/sektori.net\/sv\/wp-json\/wp\/v2\/pages\/2891\/revisions\/2892"}],"wp:attachment":[{"href":"https:\/\/sektori.net\/sv\/wp-json\/wp\/v2\/media?parent=2891"}],"curies":[{"name":"wp","href":"https:\/\/api.w.org\/{rel}","templated":true}]}}