{"id":2885,"date":"2021-08-25T12:10:02","date_gmt":"2021-08-25T09:10:02","guid":{"rendered":"https:\/\/sektori.net\/?page_id=2885"},"modified":"2021-08-25T12:10:39","modified_gmt":"2021-08-25T09:10:39","slug":"digital-marknadsforing","status":"publish","type":"page","link":"https:\/\/sektori.net\/sv\/digital-marknadsforing\/","title":{"rendered":"DIGITAL MARKNADSF\u00d6RING"},"content":{"rendered":"<a href=\"https:\/\/sektori.net\/sv\" class=\"button primary is-outline\" >\n\t\t<span>Tillbaka<\/span>\n\t<\/a>\n\n<h1 style=\"text-align: left;\">DIGITAL MARKNADSF\u00d6RING<\/h1>\n<p>Dina budskap ska synas d\u00e4r din m\u00e5lgrupp befinner sig. Idag inneb\u00e4r det i st\u00f6rre utst\u00e4ckning elektroniska kommunikationsmedel och digitala l\u00f6sningar.Vi hj\u00e4lper dig med:<\/p>\n<ul>\n<li>Planering av digital marknadsf\u00f6ring och strategier<\/li>\n<li>\u201dNyckelf\u00e4rdig\u201d implementering av responsiva webbsidor<\/li>\n<li>Kampanj- och lanseringssidor<\/li>\n<li>Kundguider och andra e-b\u00f6cker<\/li>\n<li>E-handel<\/li>\n<li>Webbannonsering<\/li>\n<li>Skr\u00e4ddarsydda anv\u00e4ndargr\u00e4nssitt<\/li>\n<li>Nyhetsbrev och epostkampanjer<\/li>\n<li>Webbanalys, s\u00f6kmotorannonsering och \u2013 optimering<\/li>\n<\/ul>\n","protected":false},"excerpt":{"rendered":"<p>DIGITAL MARKNADSF\u00d6RING Dina budskap ska synas d\u00e4r din m\u00e5lgrupp befinner sig. Idag inneb\u00e4r det i st\u00f6rre utst\u00e4ckning elektroniska kommunikationsmedel och digitala l\u00f6sningar.Vi hj\u00e4lper dig med: Planering av digital marknadsf\u00f6ring och strategier \u201dNyckelf\u00e4rdig\u201d implementering av responsiva webbsidor Kampanj- och lanseringssidor Kundguider och andra e-b\u00f6cker E-handel Webbannonsering Skr\u00e4ddarsydda anv\u00e4ndargr\u00e4nssitt Nyhetsbrev och epostkampanjer Webbanalys, s\u00f6kmotorannonsering och \u2013 optimering<\/p>\n","protected":false},"author":2,"featured_media":0,"parent":0,"menu_order":24,"comment_status":"closed","ping_status":"closed","template":"","meta":{"footnotes":""},"class_list":["post-2885","page","type-page","status-publish","hentry"],"yoast_head":"<!-- This site is optimized with the Yoast SEO plugin v27.5 - https:\/\/yoast.com\/product\/yoast-seo-wordpress\/ -->\n<title>DIGITAL MARKNADSF\u00d6RING - Mainostoimisto Sektori<\/title>\n<meta name=\"robots\" content=\"index, follow, max-snippet:-1, max-image-preview:large, max-video-preview:-1\" \/>\n<link rel=\"canonical\" href=\"https:\/\/sektori.net\/sv\/digital-marknadsforing\/\" \/>\n<meta property=\"og:locale\" content=\"sv_SE\" \/>\n<meta property=\"og:type\" content=\"article\" \/>\n<meta property=\"og:title\" content=\"DIGITAL MARKNADSF\u00d6RING - Mainostoimisto Sektori\" \/>\n<meta property=\"og:description\" content=\"DIGITAL MARKNADSF\u00d6RING Dina budskap ska synas d\u00e4r din m\u00e5lgrupp befinner sig. Idag inneb\u00e4r det i st\u00f6rre utst\u00e4ckning elektroniska kommunikationsmedel och digitala l\u00f6sningar.Vi hj\u00e4lper dig med: Planering av digital marknadsf\u00f6ring och strategier \u201dNyckelf\u00e4rdig\u201d implementering av responsiva webbsidor Kampanj- och lanseringssidor Kundguider och andra e-b\u00f6cker E-handel Webbannonsering Skr\u00e4ddarsydda anv\u00e4ndargr\u00e4nssitt Nyhetsbrev och epostkampanjer Webbanalys, s\u00f6kmotorannonsering och \u2013 optimering\" \/>\n<meta property=\"og:url\" content=\"https:\/\/sektori.net\/sv\/digital-marknadsforing\/\" \/>\n<meta property=\"og:site_name\" content=\"Mainostoimisto Sektori\" \/>\n<meta property=\"article:modified_time\" content=\"2021-08-25T09:10:39+00:00\" \/>\n<meta property=\"og:image\" content=\"https:\/\/sektori.net\/wp-content\/uploads\/2019\/08\/Sektori_Lahtiyrityspalveluseteli_06.png\" \/>\n\t<meta property=\"og:image:width\" content=\"471\" \/>\n\t<meta property=\"og:image:height\" content=\"471\" \/>\n\t<meta property=\"og:image:type\" content=\"image\/png\" \/>\n<meta name=\"twitter:card\" content=\"summary_large_image\" \/>\n<script type=\"application\/ld+json\" class=\"yoast-schema-graph\">{\"@context\":\"https:\\\/\\\/schema.org\",\"@graph\":[{\"@type\":\"WebPage\",\"@id\":\"https:\\\/\\\/sektori.net\\\/sv\\\/digital-marknadsforing\\\/\",\"url\":\"https:\\\/\\\/sektori.net\\\/sv\\\/digital-marknadsforing\\\/\",\"name\":\"DIGITAL MARKNADSF\u00d6RING - Mainostoimisto Sektori\",\"isPartOf\":{\"@id\":\"https:\\\/\\\/sektori.net\\\/#website\"},\"datePublished\":\"2021-08-25T09:10:02+00:00\",\"dateModified\":\"2021-08-25T09:10:39+00:00\",\"breadcrumb\":{\"@id\":\"https:\\\/\\\/sektori.net\\\/sv\\\/digital-marknadsforing\\\/#breadcrumb\"},\"inLanguage\":\"sv-SE\",\"potentialAction\":[{\"@type\":\"ReadAction\",\"target\":[\"https:\\\/\\\/sektori.net\\\/sv\\\/digital-marknadsforing\\\/\"]}]},{\"@type\":\"BreadcrumbList\",\"@id\":\"https:\\\/\\\/sektori.net\\\/sv\\\/digital-marknadsforing\\\/#breadcrumb\",\"itemListElement\":[{\"@type\":\"ListItem\",\"position\":1,\"name\":\"Home\",\"item\":\"https:\\\/\\\/sektori.net\\\/sv\\\/home\\\/\"},{\"@type\":\"ListItem\",\"position\":2,\"name\":\"DIGITAL MARKNADSF\u00d6RING\"}]},{\"@type\":\"WebSite\",\"@id\":\"https:\\\/\\\/sektori.net\\\/#website\",\"url\":\"https:\\\/\\\/sektori.net\\\/\",\"name\":\"Mainostoimisto Sektori\",\"description\":\"Mainostoimisto Sektori tarjoaa monipuolisia markkinointiviestinn\u00e4n palveluja tarpeesi mukaan. Markkinoinnin ja mainonnan suunnittelu ja toteutus, graafinen suunnittelu, logot, s\u00e4hk\u00f6isen markkinointiviestinn\u00e4n toteutukset.\",\"potentialAction\":[{\"@type\":\"SearchAction\",\"target\":{\"@type\":\"EntryPoint\",\"urlTemplate\":\"https:\\\/\\\/sektori.net\\\/?s={search_term_string}\"},\"query-input\":{\"@type\":\"PropertyValueSpecification\",\"valueRequired\":true,\"valueName\":\"search_term_string\"}}],\"inLanguage\":\"sv-SE\"}]}<\/script>\n<!-- \/ Yoast SEO plugin. -->","yoast_head_json":{"title":"DIGITAL MARKNADSF\u00d6RING - Mainostoimisto Sektori","robots":{"index":"index","follow":"follow","max-snippet":"max-snippet:-1","max-image-preview":"max-image-preview:large","max-video-preview":"max-video-preview:-1"},"canonical":"https:\/\/sektori.net\/sv\/digital-marknadsforing\/","og_locale":"sv_SE","og_type":"article","og_title":"DIGITAL MARKNADSF\u00d6RING - Mainostoimisto Sektori","og_description":"DIGITAL MARKNADSF\u00d6RING Dina budskap ska synas d\u00e4r din m\u00e5lgrupp befinner sig. Idag inneb\u00e4r det i st\u00f6rre utst\u00e4ckning elektroniska kommunikationsmedel och digitala l\u00f6sningar.Vi hj\u00e4lper dig med: Planering av digital marknadsf\u00f6ring och strategier \u201dNyckelf\u00e4rdig\u201d implementering av responsiva webbsidor Kampanj- och lanseringssidor Kundguider och andra e-b\u00f6cker E-handel Webbannonsering Skr\u00e4ddarsydda anv\u00e4ndargr\u00e4nssitt Nyhetsbrev och epostkampanjer Webbanalys, s\u00f6kmotorannonsering och \u2013 optimering","og_url":"https:\/\/sektori.net\/sv\/digital-marknadsforing\/","og_site_name":"Mainostoimisto Sektori","article_modified_time":"2021-08-25T09:10:39+00:00","og_image":[{"width":471,"height":471,"url":"https:\/\/sektori.net\/wp-content\/uploads\/2019\/08\/Sektori_Lahtiyrityspalveluseteli_06.png","type":"image\/png"}],"twitter_card":"summary_large_image","schema":{"@context":"https:\/\/schema.org","@graph":[{"@type":"WebPage","@id":"https:\/\/sektori.net\/sv\/digital-marknadsforing\/","url":"https:\/\/sektori.net\/sv\/digital-marknadsforing\/","name":"DIGITAL MARKNADSF\u00d6RING - Mainostoimisto Sektori","isPartOf":{"@id":"https:\/\/sektori.net\/#website"},"datePublished":"2021-08-25T09:10:02+00:00","dateModified":"2021-08-25T09:10:39+00:00","breadcrumb":{"@id":"https:\/\/sektori.net\/sv\/digital-marknadsforing\/#breadcrumb"},"inLanguage":"sv-SE","potentialAction":[{"@type":"ReadAction","target":["https:\/\/sektori.net\/sv\/digital-marknadsforing\/"]}]},{"@type":"BreadcrumbList","@id":"https:\/\/sektori.net\/sv\/digital-marknadsforing\/#breadcrumb","itemListElement":[{"@type":"ListItem","position":1,"name":"Home","item":"https:\/\/sektori.net\/sv\/home\/"},{"@type":"ListItem","position":2,"name":"DIGITAL MARKNADSF\u00d6RING"}]},{"@type":"WebSite","@id":"https:\/\/sektori.net\/#website","url":"https:\/\/sektori.net\/","name":"Mainostoimisto Sektori","description":"Mainostoimisto Sektori tarjoaa monipuolisia markkinointiviestinn\u00e4n palveluja tarpeesi mukaan. Markkinoinnin ja mainonnan suunnittelu ja toteutus, graafinen suunnittelu, logot, s\u00e4hk\u00f6isen markkinointiviestinn\u00e4n toteutukset.","potentialAction":[{"@type":"SearchAction","target":{"@type":"EntryPoint","urlTemplate":"https:\/\/sektori.net\/?s={search_term_string}"},"query-input":{"@type":"PropertyValueSpecification","valueRequired":true,"valueName":"search_term_string"}}],"inLanguage":"sv-SE"}]}},"_links":{"self":[{"href":"https:\/\/sektori.net\/sv\/wp-json\/wp\/v2\/pages\/2885","targetHints":{"allow":["GET"]}}],"collection":[{"href":"https:\/\/sektori.net\/sv\/wp-json\/wp\/v2\/pages"}],"about":[{"href":"https:\/\/sektori.net\/sv\/wp-json\/wp\/v2\/types\/page"}],"author":[{"embeddable":true,"href":"https:\/\/sektori.net\/sv\/wp-json\/wp\/v2\/users\/2"}],"replies":[{"embeddable":true,"href":"https:\/\/sektori.net\/sv\/wp-json\/wp\/v2\/comments?post=2885"}],"version-history":[{"count":2,"href":"https:\/\/sektori.net\/sv\/wp-json\/wp\/v2\/pages\/2885\/revisions"}],"predecessor-version":[{"id":2887,"href":"https:\/\/sektori.net\/sv\/wp-json\/wp\/v2\/pages\/2885\/revisions\/2887"}],"wp:attachment":[{"href":"https:\/\/sektori.net\/sv\/wp-json\/wp\/v2\/media?parent=2885"}],"curies":[{"name":"wp","href":"https:\/\/api.w.org\/{rel}","templated":true}]}}