{"id":2877,"date":"2021-08-25T12:04:39","date_gmt":"2021-08-25T09:04:39","guid":{"rendered":"https:\/\/sektori.net\/?page_id=2877"},"modified":"2021-08-25T12:06:14","modified_gmt":"2021-08-25T09:06:14","slug":"trycksaker","status":"publish","type":"page","link":"https:\/\/sektori.net\/sv\/trycksaker\/","title":{"rendered":"TRYCKSAKER"},"content":{"rendered":"<a href=\"https:\/\/sektori.net\/sv\" class=\"button primary is-outline\" >\n\t\t<span>Tillbaka<\/span>\n\t<\/a>\n\n<h1 style=\"text-align: left;\">TRYCKSAKER<\/h1>\n<p>Vi tillverkar ocks\u00e5 marknadsf\u00f6ringsmaterial i form av traditionella trycksaker f\u00f6r olika syften.Vi hj\u00e4lper dig med:<\/p>\n<ul>\n<li>Inneh\u00e5ll och grafisk design<\/li>\n<li>Komsumenthandledningar, kundtidningar, f\u00f6retagsbroschyrer, produktbroschyrer, bildbroschyrer, aktivitetsrapporter, histiorik, produktkataloger, personaltidningar, osv.<\/li>\n<li>Tidningsannonser<\/li>\n<li>Affischer, roll-ups<\/li>\n<li>Direktmarknadsf\u00f6ring<\/li>\n<\/ul>\n","protected":false},"excerpt":{"rendered":"<p>TRYCKSAKER Vi tillverkar ocks\u00e5 marknadsf\u00f6ringsmaterial i form av traditionella trycksaker f\u00f6r olika syften.Vi hj\u00e4lper dig med: Inneh\u00e5ll och grafisk design Komsumenthandledningar, kundtidningar, f\u00f6retagsbroschyrer, produktbroschyrer, bildbroschyrer, aktivitetsrapporter, histiorik, produktkataloger, personaltidningar, osv. Tidningsannonser Affischer, roll-ups Direktmarknadsf\u00f6ring<\/p>\n","protected":false},"author":2,"featured_media":0,"parent":0,"menu_order":30,"comment_status":"closed","ping_status":"closed","template":"","meta":{"footnotes":""},"class_list":["post-2877","page","type-page","status-publish","hentry"],"yoast_head":"<!-- This site is optimized with the Yoast SEO plugin v27.5 - https:\/\/yoast.com\/product\/yoast-seo-wordpress\/ -->\n<title>TRYCKSAKER - Mainostoimisto Sektori<\/title>\n<meta name=\"robots\" content=\"index, follow, max-snippet:-1, max-image-preview:large, max-video-preview:-1\" \/>\n<link rel=\"canonical\" href=\"https:\/\/sektori.net\/sv\/trycksaker\/\" \/>\n<meta property=\"og:locale\" content=\"sv_SE\" \/>\n<meta property=\"og:type\" content=\"article\" \/>\n<meta property=\"og:title\" content=\"TRYCKSAKER - Mainostoimisto Sektori\" \/>\n<meta property=\"og:description\" content=\"TRYCKSAKER Vi tillverkar ocks\u00e5 marknadsf\u00f6ringsmaterial i form av traditionella trycksaker f\u00f6r olika syften.Vi hj\u00e4lper dig med: Inneh\u00e5ll och grafisk design Komsumenthandledningar, kundtidningar, f\u00f6retagsbroschyrer, produktbroschyrer, bildbroschyrer, aktivitetsrapporter, histiorik, produktkataloger, personaltidningar, osv. Tidningsannonser Affischer, roll-ups Direktmarknadsf\u00f6ring\" \/>\n<meta property=\"og:url\" content=\"https:\/\/sektori.net\/sv\/trycksaker\/\" \/>\n<meta property=\"og:site_name\" content=\"Mainostoimisto Sektori\" \/>\n<meta property=\"article:modified_time\" content=\"2021-08-25T09:06:14+00:00\" \/>\n<meta property=\"og:image\" content=\"https:\/\/sektori.net\/wp-content\/uploads\/2019\/08\/Sektori_Lahtiyrityspalveluseteli_06.png\" \/>\n\t<meta property=\"og:image:width\" content=\"471\" \/>\n\t<meta property=\"og:image:height\" content=\"471\" \/>\n\t<meta property=\"og:image:type\" content=\"image\/png\" \/>\n<meta name=\"twitter:card\" content=\"summary_large_image\" \/>\n<script type=\"application\/ld+json\" class=\"yoast-schema-graph\">{\"@context\":\"https:\\\/\\\/schema.org\",\"@graph\":[{\"@type\":\"WebPage\",\"@id\":\"https:\\\/\\\/sektori.net\\\/sv\\\/trycksaker\\\/\",\"url\":\"https:\\\/\\\/sektori.net\\\/sv\\\/trycksaker\\\/\",\"name\":\"TRYCKSAKER - Mainostoimisto Sektori\",\"isPartOf\":{\"@id\":\"https:\\\/\\\/sektori.net\\\/#website\"},\"datePublished\":\"2021-08-25T09:04:39+00:00\",\"dateModified\":\"2021-08-25T09:06:14+00:00\",\"breadcrumb\":{\"@id\":\"https:\\\/\\\/sektori.net\\\/sv\\\/trycksaker\\\/#breadcrumb\"},\"inLanguage\":\"sv-SE\",\"potentialAction\":[{\"@type\":\"ReadAction\",\"target\":[\"https:\\\/\\\/sektori.net\\\/sv\\\/trycksaker\\\/\"]}]},{\"@type\":\"BreadcrumbList\",\"@id\":\"https:\\\/\\\/sektori.net\\\/sv\\\/trycksaker\\\/#breadcrumb\",\"itemListElement\":[{\"@type\":\"ListItem\",\"position\":1,\"name\":\"Home\",\"item\":\"https:\\\/\\\/sektori.net\\\/sv\\\/home\\\/\"},{\"@type\":\"ListItem\",\"position\":2,\"name\":\"TRYCKSAKER\"}]},{\"@type\":\"WebSite\",\"@id\":\"https:\\\/\\\/sektori.net\\\/#website\",\"url\":\"https:\\\/\\\/sektori.net\\\/\",\"name\":\"Mainostoimisto Sektori\",\"description\":\"Mainostoimisto Sektori tarjoaa monipuolisia markkinointiviestinn\u00e4n palveluja tarpeesi mukaan. Markkinoinnin ja mainonnan suunnittelu ja toteutus, graafinen suunnittelu, logot, s\u00e4hk\u00f6isen markkinointiviestinn\u00e4n toteutukset.\",\"potentialAction\":[{\"@type\":\"SearchAction\",\"target\":{\"@type\":\"EntryPoint\",\"urlTemplate\":\"https:\\\/\\\/sektori.net\\\/?s={search_term_string}\"},\"query-input\":{\"@type\":\"PropertyValueSpecification\",\"valueRequired\":true,\"valueName\":\"search_term_string\"}}],\"inLanguage\":\"sv-SE\"}]}<\/script>\n<!-- \/ Yoast SEO plugin. -->","yoast_head_json":{"title":"TRYCKSAKER - Mainostoimisto Sektori","robots":{"index":"index","follow":"follow","max-snippet":"max-snippet:-1","max-image-preview":"max-image-preview:large","max-video-preview":"max-video-preview:-1"},"canonical":"https:\/\/sektori.net\/sv\/trycksaker\/","og_locale":"sv_SE","og_type":"article","og_title":"TRYCKSAKER - Mainostoimisto Sektori","og_description":"TRYCKSAKER Vi tillverkar ocks\u00e5 marknadsf\u00f6ringsmaterial i form av traditionella trycksaker f\u00f6r olika syften.Vi hj\u00e4lper dig med: Inneh\u00e5ll och grafisk design Komsumenthandledningar, kundtidningar, f\u00f6retagsbroschyrer, produktbroschyrer, bildbroschyrer, aktivitetsrapporter, histiorik, produktkataloger, personaltidningar, osv. Tidningsannonser Affischer, roll-ups Direktmarknadsf\u00f6ring","og_url":"https:\/\/sektori.net\/sv\/trycksaker\/","og_site_name":"Mainostoimisto Sektori","article_modified_time":"2021-08-25T09:06:14+00:00","og_image":[{"width":471,"height":471,"url":"https:\/\/sektori.net\/wp-content\/uploads\/2019\/08\/Sektori_Lahtiyrityspalveluseteli_06.png","type":"image\/png"}],"twitter_card":"summary_large_image","schema":{"@context":"https:\/\/schema.org","@graph":[{"@type":"WebPage","@id":"https:\/\/sektori.net\/sv\/trycksaker\/","url":"https:\/\/sektori.net\/sv\/trycksaker\/","name":"TRYCKSAKER - Mainostoimisto Sektori","isPartOf":{"@id":"https:\/\/sektori.net\/#website"},"datePublished":"2021-08-25T09:04:39+00:00","dateModified":"2021-08-25T09:06:14+00:00","breadcrumb":{"@id":"https:\/\/sektori.net\/sv\/trycksaker\/#breadcrumb"},"inLanguage":"sv-SE","potentialAction":[{"@type":"ReadAction","target":["https:\/\/sektori.net\/sv\/trycksaker\/"]}]},{"@type":"BreadcrumbList","@id":"https:\/\/sektori.net\/sv\/trycksaker\/#breadcrumb","itemListElement":[{"@type":"ListItem","position":1,"name":"Home","item":"https:\/\/sektori.net\/sv\/home\/"},{"@type":"ListItem","position":2,"name":"TRYCKSAKER"}]},{"@type":"WebSite","@id":"https:\/\/sektori.net\/#website","url":"https:\/\/sektori.net\/","name":"Mainostoimisto Sektori","description":"Mainostoimisto Sektori tarjoaa monipuolisia markkinointiviestinn\u00e4n palveluja tarpeesi mukaan. Markkinoinnin ja mainonnan suunnittelu ja toteutus, graafinen suunnittelu, logot, s\u00e4hk\u00f6isen markkinointiviestinn\u00e4n toteutukset.","potentialAction":[{"@type":"SearchAction","target":{"@type":"EntryPoint","urlTemplate":"https:\/\/sektori.net\/?s={search_term_string}"},"query-input":{"@type":"PropertyValueSpecification","valueRequired":true,"valueName":"search_term_string"}}],"inLanguage":"sv-SE"}]}},"_links":{"self":[{"href":"https:\/\/sektori.net\/sv\/wp-json\/wp\/v2\/pages\/2877","targetHints":{"allow":["GET"]}}],"collection":[{"href":"https:\/\/sektori.net\/sv\/wp-json\/wp\/v2\/pages"}],"about":[{"href":"https:\/\/sektori.net\/sv\/wp-json\/wp\/v2\/types\/page"}],"author":[{"embeddable":true,"href":"https:\/\/sektori.net\/sv\/wp-json\/wp\/v2\/users\/2"}],"replies":[{"embeddable":true,"href":"https:\/\/sektori.net\/sv\/wp-json\/wp\/v2\/comments?post=2877"}],"version-history":[{"count":3,"href":"https:\/\/sektori.net\/sv\/wp-json\/wp\/v2\/pages\/2877\/revisions"}],"predecessor-version":[{"id":2880,"href":"https:\/\/sektori.net\/sv\/wp-json\/wp\/v2\/pages\/2877\/revisions\/2880"}],"wp:attachment":[{"href":"https:\/\/sektori.net\/sv\/wp-json\/wp\/v2\/media?parent=2877"}],"curies":[{"name":"wp","href":"https:\/\/api.w.org\/{rel}","templated":true}]}}