{"id":2842,"date":"2021-08-25T11:46:36","date_gmt":"2021-08-25T08:46:36","guid":{"rendered":"https:\/\/sektori.net\/?page_id=2842"},"modified":"2021-08-25T11:54:32","modified_gmt":"2021-08-25T08:54:32","slug":"innehall-och-innehallsdesign","status":"publish","type":"page","link":"https:\/\/sektori.net\/sv\/innehall-och-innehallsdesign\/","title":{"rendered":"INNEH\u00c5LL OCH INNEH\u00c5LLSDESIGN"},"content":{"rendered":"<a href=\"https:\/\/sektori.net\/sv\/\" class=\"button primary is-outline\" >\n\t\t<span>Tillbaka<\/span>\n\t<\/a>\n\n<h1 style=\"text-align: left;\">INNEH\u00c5LL OCH INNEH\u00c5LLSDESIGN<\/h1>\n<p>Ett bra inneh\u00e5ll b\u00e4r ditt budskap fram till din m\u00e5lgrupp. Vi skapar inneh\u00e5ll med utg\u00e5ngspunkt i kundfokus och p\u00e5 kunskap om ditt f\u00f6retag.Ett bra inneh\u00e5ll:<\/p>\n<ul>\n<li>F\u00f6rtydligar och klarg\u00f6r f\u00f6retagets verksamhet och utvecklar marknadsf\u00f6ring<\/li>\n<li>Visar verksamhet, produkter och tj\u00e4nster och f\u00f6rmedlar varum\u00e4rkets koncept<\/li>\n<li>Talar till dina kunder genom text och bild i digitala och tryckta medier<\/li>\n<li>Drar nytta av kundupplevelsen i f\u00f6rmedling av budskapet<\/li>\n<li>Skapas i workshops eller i andra deltagande designmetoder<\/li>\n<li>Designas efter kund- och f\u00f6retagsber\u00e4ttelser, exempelvis genom personliga intervjuer<\/li>\n<li>Har v\u00e4lskrivna texter<\/li>\n<\/ul>\n","protected":false},"excerpt":{"rendered":"<p>INNEH\u00c5LL OCH INNEH\u00c5LLSDESIGN Ett bra inneh\u00e5ll b\u00e4r ditt budskap fram till din m\u00e5lgrupp. Vi skapar inneh\u00e5ll med utg\u00e5ngspunkt i kundfokus och p\u00e5 kunskap om ditt f\u00f6retag.Ett bra inneh\u00e5ll: F\u00f6rtydligar och klarg\u00f6r f\u00f6retagets verksamhet och utvecklar marknadsf\u00f6ring Visar verksamhet, produkter och tj\u00e4nster och f\u00f6rmedlar varum\u00e4rkets koncept Talar till dina kunder genom text och bild i digitala [&#8230;]\n","protected":false},"author":2,"featured_media":0,"parent":0,"menu_order":39,"comment_status":"closed","ping_status":"closed","template":"","meta":{"footnotes":""},"class_list":["post-2842","page","type-page","status-publish","hentry"],"yoast_head":"<!-- This site is optimized with the Yoast SEO plugin v27.5 - https:\/\/yoast.com\/product\/yoast-seo-wordpress\/ -->\n<title>INNEH\u00c5LL OCH INNEH\u00c5LLSDESIGN - Mainostoimisto Sektori<\/title>\n<meta name=\"robots\" content=\"index, follow, max-snippet:-1, max-image-preview:large, max-video-preview:-1\" \/>\n<link rel=\"canonical\" href=\"https:\/\/sektori.net\/sv\/innehall-och-innehallsdesign\/\" \/>\n<meta property=\"og:locale\" content=\"sv_SE\" \/>\n<meta property=\"og:type\" content=\"article\" \/>\n<meta property=\"og:title\" content=\"INNEH\u00c5LL OCH INNEH\u00c5LLSDESIGN - Mainostoimisto Sektori\" \/>\n<meta property=\"og:description\" content=\"INNEH\u00c5LL OCH INNEH\u00c5LLSDESIGN Ett bra inneh\u00e5ll b\u00e4r ditt budskap fram till din m\u00e5lgrupp. Vi skapar inneh\u00e5ll med utg\u00e5ngspunkt i kundfokus och p\u00e5 kunskap om ditt f\u00f6retag.Ett bra inneh\u00e5ll: F\u00f6rtydligar och klarg\u00f6r f\u00f6retagets verksamhet och utvecklar marknadsf\u00f6ring Visar verksamhet, produkter och tj\u00e4nster och f\u00f6rmedlar varum\u00e4rkets koncept Talar till dina kunder genom text och bild i digitala [...]\" \/>\n<meta property=\"og:url\" content=\"https:\/\/sektori.net\/sv\/innehall-och-innehallsdesign\/\" \/>\n<meta property=\"og:site_name\" content=\"Mainostoimisto Sektori\" \/>\n<meta property=\"article:modified_time\" content=\"2021-08-25T08:54:32+00:00\" \/>\n<meta property=\"og:image\" content=\"https:\/\/sektori.net\/wp-content\/uploads\/2019\/08\/Sektori_Lahtiyrityspalveluseteli_06.png\" \/>\n\t<meta property=\"og:image:width\" content=\"471\" \/>\n\t<meta property=\"og:image:height\" content=\"471\" \/>\n\t<meta property=\"og:image:type\" content=\"image\/png\" \/>\n<meta name=\"twitter:card\" content=\"summary_large_image\" \/>\n<meta name=\"twitter:label1\" content=\"Ber\u00e4knad l\u00e4stid\" \/>\n\t<meta name=\"twitter:data1\" content=\"1 minut\" \/>\n<script type=\"application\/ld+json\" class=\"yoast-schema-graph\">{\"@context\":\"https:\\\/\\\/schema.org\",\"@graph\":[{\"@type\":\"WebPage\",\"@id\":\"https:\\\/\\\/sektori.net\\\/sv\\\/innehall-och-innehallsdesign\\\/\",\"url\":\"https:\\\/\\\/sektori.net\\\/sv\\\/innehall-och-innehallsdesign\\\/\",\"name\":\"INNEH\u00c5LL OCH INNEH\u00c5LLSDESIGN - Mainostoimisto Sektori\",\"isPartOf\":{\"@id\":\"https:\\\/\\\/sektori.net\\\/#website\"},\"datePublished\":\"2021-08-25T08:46:36+00:00\",\"dateModified\":\"2021-08-25T08:54:32+00:00\",\"breadcrumb\":{\"@id\":\"https:\\\/\\\/sektori.net\\\/sv\\\/innehall-och-innehallsdesign\\\/#breadcrumb\"},\"inLanguage\":\"sv-SE\",\"potentialAction\":[{\"@type\":\"ReadAction\",\"target\":[\"https:\\\/\\\/sektori.net\\\/sv\\\/innehall-och-innehallsdesign\\\/\"]}]},{\"@type\":\"BreadcrumbList\",\"@id\":\"https:\\\/\\\/sektori.net\\\/sv\\\/innehall-och-innehallsdesign\\\/#breadcrumb\",\"itemListElement\":[{\"@type\":\"ListItem\",\"position\":1,\"name\":\"Home\",\"item\":\"https:\\\/\\\/sektori.net\\\/sv\\\/home\\\/\"},{\"@type\":\"ListItem\",\"position\":2,\"name\":\"INNEH\u00c5LL OCH INNEH\u00c5LLSDESIGN\"}]},{\"@type\":\"WebSite\",\"@id\":\"https:\\\/\\\/sektori.net\\\/#website\",\"url\":\"https:\\\/\\\/sektori.net\\\/\",\"name\":\"Mainostoimisto Sektori\",\"description\":\"Mainostoimisto Sektori tarjoaa monipuolisia markkinointiviestinn\u00e4n palveluja tarpeesi mukaan. Markkinoinnin ja mainonnan suunnittelu ja toteutus, graafinen suunnittelu, logot, s\u00e4hk\u00f6isen markkinointiviestinn\u00e4n toteutukset.\",\"potentialAction\":[{\"@type\":\"SearchAction\",\"target\":{\"@type\":\"EntryPoint\",\"urlTemplate\":\"https:\\\/\\\/sektori.net\\\/?s={search_term_string}\"},\"query-input\":{\"@type\":\"PropertyValueSpecification\",\"valueRequired\":true,\"valueName\":\"search_term_string\"}}],\"inLanguage\":\"sv-SE\"}]}<\/script>\n<!-- \/ Yoast SEO plugin. -->","yoast_head_json":{"title":"INNEH\u00c5LL OCH INNEH\u00c5LLSDESIGN - Mainostoimisto Sektori","robots":{"index":"index","follow":"follow","max-snippet":"max-snippet:-1","max-image-preview":"max-image-preview:large","max-video-preview":"max-video-preview:-1"},"canonical":"https:\/\/sektori.net\/sv\/innehall-och-innehallsdesign\/","og_locale":"sv_SE","og_type":"article","og_title":"INNEH\u00c5LL OCH INNEH\u00c5LLSDESIGN - Mainostoimisto Sektori","og_description":"INNEH\u00c5LL OCH INNEH\u00c5LLSDESIGN Ett bra inneh\u00e5ll b\u00e4r ditt budskap fram till din m\u00e5lgrupp. Vi skapar inneh\u00e5ll med utg\u00e5ngspunkt i kundfokus och p\u00e5 kunskap om ditt f\u00f6retag.Ett bra inneh\u00e5ll: F\u00f6rtydligar och klarg\u00f6r f\u00f6retagets verksamhet och utvecklar marknadsf\u00f6ring Visar verksamhet, produkter och tj\u00e4nster och f\u00f6rmedlar varum\u00e4rkets koncept Talar till dina kunder genom text och bild i digitala [...]","og_url":"https:\/\/sektori.net\/sv\/innehall-och-innehallsdesign\/","og_site_name":"Mainostoimisto Sektori","article_modified_time":"2021-08-25T08:54:32+00:00","og_image":[{"width":471,"height":471,"url":"https:\/\/sektori.net\/wp-content\/uploads\/2019\/08\/Sektori_Lahtiyrityspalveluseteli_06.png","type":"image\/png"}],"twitter_card":"summary_large_image","twitter_misc":{"Ber\u00e4knad l\u00e4stid":"1 minut"},"schema":{"@context":"https:\/\/schema.org","@graph":[{"@type":"WebPage","@id":"https:\/\/sektori.net\/sv\/innehall-och-innehallsdesign\/","url":"https:\/\/sektori.net\/sv\/innehall-och-innehallsdesign\/","name":"INNEH\u00c5LL OCH INNEH\u00c5LLSDESIGN - Mainostoimisto Sektori","isPartOf":{"@id":"https:\/\/sektori.net\/#website"},"datePublished":"2021-08-25T08:46:36+00:00","dateModified":"2021-08-25T08:54:32+00:00","breadcrumb":{"@id":"https:\/\/sektori.net\/sv\/innehall-och-innehallsdesign\/#breadcrumb"},"inLanguage":"sv-SE","potentialAction":[{"@type":"ReadAction","target":["https:\/\/sektori.net\/sv\/innehall-och-innehallsdesign\/"]}]},{"@type":"BreadcrumbList","@id":"https:\/\/sektori.net\/sv\/innehall-och-innehallsdesign\/#breadcrumb","itemListElement":[{"@type":"ListItem","position":1,"name":"Home","item":"https:\/\/sektori.net\/sv\/home\/"},{"@type":"ListItem","position":2,"name":"INNEH\u00c5LL OCH INNEH\u00c5LLSDESIGN"}]},{"@type":"WebSite","@id":"https:\/\/sektori.net\/#website","url":"https:\/\/sektori.net\/","name":"Mainostoimisto Sektori","description":"Mainostoimisto Sektori tarjoaa monipuolisia markkinointiviestinn\u00e4n palveluja tarpeesi mukaan. Markkinoinnin ja mainonnan suunnittelu ja toteutus, graafinen suunnittelu, logot, s\u00e4hk\u00f6isen markkinointiviestinn\u00e4n toteutukset.","potentialAction":[{"@type":"SearchAction","target":{"@type":"EntryPoint","urlTemplate":"https:\/\/sektori.net\/?s={search_term_string}"},"query-input":{"@type":"PropertyValueSpecification","valueRequired":true,"valueName":"search_term_string"}}],"inLanguage":"sv-SE"}]}},"_links":{"self":[{"href":"https:\/\/sektori.net\/sv\/wp-json\/wp\/v2\/pages\/2842","targetHints":{"allow":["GET"]}}],"collection":[{"href":"https:\/\/sektori.net\/sv\/wp-json\/wp\/v2\/pages"}],"about":[{"href":"https:\/\/sektori.net\/sv\/wp-json\/wp\/v2\/types\/page"}],"author":[{"embeddable":true,"href":"https:\/\/sektori.net\/sv\/wp-json\/wp\/v2\/users\/2"}],"replies":[{"embeddable":true,"href":"https:\/\/sektori.net\/sv\/wp-json\/wp\/v2\/comments?post=2842"}],"version-history":[{"count":2,"href":"https:\/\/sektori.net\/sv\/wp-json\/wp\/v2\/pages\/2842\/revisions"}],"predecessor-version":[{"id":2845,"href":"https:\/\/sektori.net\/sv\/wp-json\/wp\/v2\/pages\/2842\/revisions\/2845"}],"wp:attachment":[{"href":"https:\/\/sektori.net\/sv\/wp-json\/wp\/v2\/media?parent=2842"}],"curies":[{"name":"wp","href":"https:\/\/api.w.org\/{rel}","templated":true}]}}