{"id":1355,"date":"2018-07-30T11:59:12","date_gmt":"2018-07-30T11:59:12","guid":{"rendered":"https:\/\/sektori.net\/?page_id=1355"},"modified":"2021-08-25T11:57:56","modified_gmt":"2021-08-25T08:57:56","slug":"design-och-varumarke","status":"publish","type":"page","link":"https:\/\/sektori.net\/sv\/design-och-varumarke\/","title":{"rendered":"DESIGN OCH VARUM\u00c4RKE"},"content":{"rendered":"<a href=\"https:\/\/sektori.net\/sv\" class=\"button primary is-outline\" >\n\t\t<span>Tillbaka<\/span>\n\t<\/a>\n\n<h1 style=\"text-align: left;\">DESIGN OCH VARUM\u00c4RKE<\/h1>\n<p>Ett varum\u00e4rke \u00e4r helhetsupplevelsen av f\u00f6retaget, produkterna och tj\u00e4nsterna. Varum\u00e4rket byggs upp av bland annat grafik och inneh\u00e5ll.Vi hj\u00e4lper dig med:<\/p>\n<ul>\n<li>Visuell och kreativ design av f\u00f6retagets profil<\/li>\n<li>Bilder och texter som f\u00f6rmedlar varum\u00e4rket<\/li>\n<li>Design av produkter, varor och tj\u00e4nster i enlighet med varum\u00e4rket<\/li>\n<li>Symbolik<\/li>\n<\/ul>\n","protected":false},"excerpt":{"rendered":"<p>DESIGN OCH VARUM\u00c4RKE Ett varum\u00e4rke \u00e4r helhetsupplevelsen av f\u00f6retaget, produkterna och tj\u00e4nsterna. Varum\u00e4rket byggs upp av bland annat grafik och inneh\u00e5ll.Vi hj\u00e4lper dig med: Visuell och kreativ design av f\u00f6retagets profil Bilder och texter som f\u00f6rmedlar varum\u00e4rket Design av produkter, varor och tj\u00e4nster i enlighet med varum\u00e4rket Symbolik<\/p>\n","protected":false},"author":2,"featured_media":0,"parent":0,"menu_order":19,"comment_status":"closed","ping_status":"closed","template":"","meta":{"footnotes":""},"class_list":["post-1355","page","type-page","status-publish","hentry"],"yoast_head":"<!-- This site is optimized with the Yoast SEO plugin v27.6 - https:\/\/yoast.com\/product\/yoast-seo-wordpress\/ -->\n<title>DESIGN OCH VARUM\u00c4RKE - Mainostoimisto Sektori<\/title>\n<meta name=\"description\" content=\"Ett varum\u00e4rke \u00e4r helhetsupplevelsen av f\u00f6retaget, produkterna och tj\u00e4nsterna. Varum\u00e4rket byggs upp av bland annat grafik och inneh\u00e5ll.\" \/>\n<meta name=\"robots\" content=\"index, follow, max-snippet:-1, max-image-preview:large, max-video-preview:-1\" \/>\n<link rel=\"canonical\" href=\"https:\/\/sektori.net\/sv\/design-och-varumarke\/\" \/>\n<meta property=\"og:locale\" content=\"sv_SE\" \/>\n<meta property=\"og:type\" content=\"article\" \/>\n<meta property=\"og:title\" content=\"DESIGN OCH VARUM\u00c4RKE - Mainostoimisto Sektori\" \/>\n<meta property=\"og:description\" content=\"Ett varum\u00e4rke \u00e4r helhetsupplevelsen av f\u00f6retaget, produkterna och tj\u00e4nsterna. Varum\u00e4rket byggs upp av bland annat grafik och inneh\u00e5ll.\" \/>\n<meta property=\"og:url\" content=\"https:\/\/sektori.net\/sv\/design-och-varumarke\/\" \/>\n<meta property=\"og:site_name\" content=\"Mainostoimisto Sektori\" \/>\n<meta property=\"article:modified_time\" content=\"2021-08-25T08:57:56+00:00\" \/>\n<meta property=\"og:image\" content=\"https:\/\/sektori.net\/wp-content\/uploads\/2019\/08\/Sektori_Lahtiyrityspalveluseteli_06.png\" \/>\n\t<meta property=\"og:image:width\" content=\"471\" \/>\n\t<meta property=\"og:image:height\" content=\"471\" \/>\n\t<meta property=\"og:image:type\" content=\"image\/png\" \/>\n<meta name=\"twitter:card\" content=\"summary_large_image\" \/>\n<script type=\"application\/ld+json\" class=\"yoast-schema-graph\">{\"@context\":\"https:\\\/\\\/schema.org\",\"@graph\":[{\"@type\":\"WebPage\",\"@id\":\"https:\\\/\\\/sektori.net\\\/sv\\\/design-och-varumarke\\\/\",\"url\":\"https:\\\/\\\/sektori.net\\\/sv\\\/design-och-varumarke\\\/\",\"name\":\"DESIGN OCH VARUM\u00c4RKE - Mainostoimisto Sektori\",\"isPartOf\":{\"@id\":\"https:\\\/\\\/sektori.net\\\/#website\"},\"datePublished\":\"2018-07-30T11:59:12+00:00\",\"dateModified\":\"2021-08-25T08:57:56+00:00\",\"description\":\"Ett varum\u00e4rke \u00e4r helhetsupplevelsen av f\u00f6retaget, produkterna och tj\u00e4nsterna. Varum\u00e4rket byggs upp av bland annat grafik och inneh\u00e5ll.\",\"breadcrumb\":{\"@id\":\"https:\\\/\\\/sektori.net\\\/sv\\\/design-och-varumarke\\\/#breadcrumb\"},\"inLanguage\":\"sv-SE\",\"potentialAction\":[{\"@type\":\"ReadAction\",\"target\":[\"https:\\\/\\\/sektori.net\\\/sv\\\/design-och-varumarke\\\/\"]}]},{\"@type\":\"BreadcrumbList\",\"@id\":\"https:\\\/\\\/sektori.net\\\/sv\\\/design-och-varumarke\\\/#breadcrumb\",\"itemListElement\":[{\"@type\":\"ListItem\",\"position\":1,\"name\":\"Home\",\"item\":\"https:\\\/\\\/sektori.net\\\/sv\\\/home\\\/\"},{\"@type\":\"ListItem\",\"position\":2,\"name\":\"DESIGN OCH VARUM\u00c4RKE\"}]},{\"@type\":\"WebSite\",\"@id\":\"https:\\\/\\\/sektori.net\\\/#website\",\"url\":\"https:\\\/\\\/sektori.net\\\/\",\"name\":\"Mainostoimisto Sektori\",\"description\":\"Mainostoimisto Sektori tarjoaa monipuolisia markkinointiviestinn\u00e4n palveluja tarpeesi mukaan. Markkinoinnin ja mainonnan suunnittelu ja toteutus, graafinen suunnittelu, logot, s\u00e4hk\u00f6isen markkinointiviestinn\u00e4n toteutukset.\",\"potentialAction\":[{\"@type\":\"SearchAction\",\"target\":{\"@type\":\"EntryPoint\",\"urlTemplate\":\"https:\\\/\\\/sektori.net\\\/?s={search_term_string}\"},\"query-input\":{\"@type\":\"PropertyValueSpecification\",\"valueRequired\":true,\"valueName\":\"search_term_string\"}}],\"inLanguage\":\"sv-SE\"}]}<\/script>\n<!-- \/ Yoast SEO plugin. -->","yoast_head_json":{"title":"DESIGN OCH VARUM\u00c4RKE - Mainostoimisto Sektori","description":"Ett varum\u00e4rke \u00e4r helhetsupplevelsen av f\u00f6retaget, produkterna och tj\u00e4nsterna. Varum\u00e4rket byggs upp av bland annat grafik och inneh\u00e5ll.","robots":{"index":"index","follow":"follow","max-snippet":"max-snippet:-1","max-image-preview":"max-image-preview:large","max-video-preview":"max-video-preview:-1"},"canonical":"https:\/\/sektori.net\/sv\/design-och-varumarke\/","og_locale":"sv_SE","og_type":"article","og_title":"DESIGN OCH VARUM\u00c4RKE - Mainostoimisto Sektori","og_description":"Ett varum\u00e4rke \u00e4r helhetsupplevelsen av f\u00f6retaget, produkterna och tj\u00e4nsterna. Varum\u00e4rket byggs upp av bland annat grafik och inneh\u00e5ll.","og_url":"https:\/\/sektori.net\/sv\/design-och-varumarke\/","og_site_name":"Mainostoimisto Sektori","article_modified_time":"2021-08-25T08:57:56+00:00","og_image":[{"width":471,"height":471,"url":"https:\/\/sektori.net\/wp-content\/uploads\/2019\/08\/Sektori_Lahtiyrityspalveluseteli_06.png","type":"image\/png"}],"twitter_card":"summary_large_image","schema":{"@context":"https:\/\/schema.org","@graph":[{"@type":"WebPage","@id":"https:\/\/sektori.net\/sv\/design-och-varumarke\/","url":"https:\/\/sektori.net\/sv\/design-och-varumarke\/","name":"DESIGN OCH VARUM\u00c4RKE - Mainostoimisto Sektori","isPartOf":{"@id":"https:\/\/sektori.net\/#website"},"datePublished":"2018-07-30T11:59:12+00:00","dateModified":"2021-08-25T08:57:56+00:00","description":"Ett varum\u00e4rke \u00e4r helhetsupplevelsen av f\u00f6retaget, produkterna och tj\u00e4nsterna. Varum\u00e4rket byggs upp av bland annat grafik och inneh\u00e5ll.","breadcrumb":{"@id":"https:\/\/sektori.net\/sv\/design-och-varumarke\/#breadcrumb"},"inLanguage":"sv-SE","potentialAction":[{"@type":"ReadAction","target":["https:\/\/sektori.net\/sv\/design-och-varumarke\/"]}]},{"@type":"BreadcrumbList","@id":"https:\/\/sektori.net\/sv\/design-och-varumarke\/#breadcrumb","itemListElement":[{"@type":"ListItem","position":1,"name":"Home","item":"https:\/\/sektori.net\/sv\/home\/"},{"@type":"ListItem","position":2,"name":"DESIGN OCH VARUM\u00c4RKE"}]},{"@type":"WebSite","@id":"https:\/\/sektori.net\/#website","url":"https:\/\/sektori.net\/","name":"Mainostoimisto Sektori","description":"Mainostoimisto Sektori tarjoaa monipuolisia markkinointiviestinn\u00e4n palveluja tarpeesi mukaan. Markkinoinnin ja mainonnan suunnittelu ja toteutus, graafinen suunnittelu, logot, s\u00e4hk\u00f6isen markkinointiviestinn\u00e4n toteutukset.","potentialAction":[{"@type":"SearchAction","target":{"@type":"EntryPoint","urlTemplate":"https:\/\/sektori.net\/?s={search_term_string}"},"query-input":{"@type":"PropertyValueSpecification","valueRequired":true,"valueName":"search_term_string"}}],"inLanguage":"sv-SE"}]}},"_links":{"self":[{"href":"https:\/\/sektori.net\/sv\/wp-json\/wp\/v2\/pages\/1355","targetHints":{"allow":["GET"]}}],"collection":[{"href":"https:\/\/sektori.net\/sv\/wp-json\/wp\/v2\/pages"}],"about":[{"href":"https:\/\/sektori.net\/sv\/wp-json\/wp\/v2\/types\/page"}],"author":[{"embeddable":true,"href":"https:\/\/sektori.net\/sv\/wp-json\/wp\/v2\/users\/2"}],"replies":[{"embeddable":true,"href":"https:\/\/sektori.net\/sv\/wp-json\/wp\/v2\/comments?post=1355"}],"version-history":[{"count":3,"href":"https:\/\/sektori.net\/sv\/wp-json\/wp\/v2\/pages\/1355\/revisions"}],"predecessor-version":[{"id":2869,"href":"https:\/\/sektori.net\/sv\/wp-json\/wp\/v2\/pages\/1355\/revisions\/2869"}],"wp:attachment":[{"href":"https:\/\/sektori.net\/sv\/wp-json\/wp\/v2\/media?parent=1355"}],"curies":[{"name":"wp","href":"https:\/\/api.w.org\/{rel}","templated":true}]}}