{"id":1316,"date":"2018-07-30T11:21:32","date_gmt":"2018-07-30T11:21:32","guid":{"rendered":"https:\/\/sektori.net\/?page_id=1316"},"modified":"2018-07-31T11:16:17","modified_gmt":"2018-07-31T11:16:17","slug":"why-us","status":"publish","type":"page","link":"https:\/\/sektori.net\/sv\/why-us\/","title":{"rendered":"Varf\u00f6r oss"},"content":{"rendered":"\n\t<section class=\"section\" id=\"section_817729197\">\n\t\t<div class=\"section-bg fill\" >\n\t\t\t\t\t\t\t\t\t\n\t\t\t\n\n\t\t<\/div>\n\n\t\t\n\n\t\t<div class=\"section-content relative\">\n\t\t\t\n<div class=\"slider-wrapper relative\" id=\"slider-1018239762\" >\n    <div class=\"slider slider-nav-circle slider-nav-large slider-nav-light slider-nav-outside slider-style-normal slider-show-nav\"\n        data-flickity-options='{\n            \"cellAlign\": \"center\",\n            \"imagesLoaded\": true,\n            \"lazyLoad\": 1,\n            \"freeScroll\": false,\n            \"wrapAround\": true,\n            \"autoPlay\": 6000,\n            \"pauseAutoPlayOnHover\" : true,\n            \"prevNextButtons\": true,\n            \"contain\" : true,\n            \"adaptiveHeight\" : true,\n            \"dragThreshold\" : 10,\n            \"percentPosition\": true,\n            \"pageDots\": true,\n            \"rightToLeft\": false,\n            \"draggable\": true,\n            \"selectedAttraction\": 0.1,\n            \"parallax\" : 0,\n            \"friction\": 0.6        }'\n        >\n        \n<div class=\"row\"  id=\"row-940649271\">\n\n\t<div id=\"col-1112102260\" class=\"col small-12 large-12\"  >\n\t\t\t\t<div class=\"col-inner\"  >\n\t\t\t\n\t\t\t\n<h1>Marknadsf\u00f6r budskap direkt till industrins beslutsfattare<\/h1>\n\t<div class=\"img has-hover x md-x lg-x y md-y lg-y\" id=\"image_479602238\">\n\t\t\t\t\t\t\t\t<div class=\"img-inner dark\" >\n\t\t\t<img loading=\"lazy\" decoding=\"async\" width=\"729\" height=\"486\" src=\"https:\/\/sektori.net\/wp-content\/uploads\/2017\/04\/sektori-miksime-01.jpg\" class=\"attachment-large size-large\" alt=\"\" srcset=\"https:\/\/sektori.net\/wp-content\/uploads\/2017\/04\/sektori-miksime-01.jpg 729w, https:\/\/sektori.net\/wp-content\/uploads\/2017\/04\/sektori-miksime-01-300x200.jpg 300w\" sizes=\"auto, (max-width: 729px) 100vw, 729px\" \/>\t\t\t\t\t\t\n\t\t\t\t\t<\/div>\n\t\t\t\t\t\t\t\t\n<style>\n#image_479602238 {\n  width: 100%;\n}\n<\/style>\n\t<\/div>\n\t\n\t\t<\/div>\n\t\t\t\t\t<\/div>\n\n\t\n<\/div>\n<div class=\"row\"  id=\"row-2080338014\">\n\n\t<div id=\"col-22840781\" class=\"col small-12 large-12\"  >\n\t\t\t\t<div class=\"col-inner\"  >\n\t\t\t\n\t\t\t\n<h1>Decennier av erfarenhet inom den offentliga sjukv\u00e5rden<\/h1>\n\t<div class=\"img has-hover x md-x lg-x y md-y lg-y\" id=\"image_808172982\">\n\t\t\t\t\t\t\t\t<div class=\"img-inner dark\" >\n\t\t\t<img loading=\"lazy\" decoding=\"async\" width=\"729\" height=\"486\" src=\"https:\/\/sektori.net\/wp-content\/uploads\/2017\/04\/sektori-miksime-02.jpg\" class=\"attachment-large size-large\" alt=\"\" srcset=\"https:\/\/sektori.net\/wp-content\/uploads\/2017\/04\/sektori-miksime-02.jpg 729w, https:\/\/sektori.net\/wp-content\/uploads\/2017\/04\/sektori-miksime-02-300x200.jpg 300w\" sizes=\"auto, (max-width: 729px) 100vw, 729px\" \/>\t\t\t\t\t\t\n\t\t\t\t\t<\/div>\n\t\t\t\t\t\t\t\t\n<style>\n#image_808172982 {\n  width: 100%;\n}\n<\/style>\n\t<\/div>\n\t\n\t\t<\/div>\n\t\t\t\t\t<\/div>\n\n\t\n<\/div>\n<div class=\"row\"  id=\"row-2046973602\">\n\n\t<div id=\"col-433618646\" class=\"col small-12 large-12\"  >\n\t\t\t\t<div class=\"col-inner\"  >\n\t\t\t\n\t\t\t\n<h1>Marknadsf\u00f6ringsmaterial f\u00f6r bygginsdustrin \u2013 med erfarenhet av tusentals hus<\/h1>\n\t<div class=\"img has-hover x md-x lg-x y md-y lg-y\" id=\"image_1129076821\">\n\t\t\t\t\t\t\t\t<div class=\"img-inner dark\" >\n\t\t\t<img loading=\"lazy\" decoding=\"async\" width=\"729\" height=\"486\" src=\"https:\/\/sektori.net\/wp-content\/uploads\/2017\/04\/sektori-miksime-03.jpg\" class=\"attachment-large size-large\" alt=\"\" srcset=\"https:\/\/sektori.net\/wp-content\/uploads\/2017\/04\/sektori-miksime-03.jpg 729w, https:\/\/sektori.net\/wp-content\/uploads\/2017\/04\/sektori-miksime-03-300x200.jpg 300w\" sizes=\"auto, (max-width: 729px) 100vw, 729px\" \/>\t\t\t\t\t\t\n\t\t\t\t\t<\/div>\n\t\t\t\t\t\t\t\t\n<style>\n#image_1129076821 {\n  width: 100%;\n}\n<\/style>\n\t<\/div>\n\t\n\t\t<\/div>\n\t\t\t\t\t<\/div>\n\n\t\n<\/div>\n<div class=\"row\"  id=\"row-157330300\">\n\n\t<div id=\"col-1514141497\" class=\"col small-12 large-12\"  >\n\t\t\t\t<div class=\"col-inner\"  >\n\t\t\t\n\t\t\t\n<h1>R\u00e4tt inneh\u00e5ll \u2013 marknadsf\u00f6ringens A till \u00d6<\/h1>\n\t<div class=\"img has-hover x md-x lg-x y md-y lg-y\" id=\"image_1311628063\">\n\t\t\t\t\t\t\t\t<div class=\"img-inner dark\" >\n\t\t\t<img loading=\"lazy\" decoding=\"async\" width=\"729\" height=\"486\" src=\"https:\/\/sektori.net\/wp-content\/uploads\/2017\/04\/sektori-miksime-04.jpg\" class=\"attachment-large size-large\" alt=\"\" srcset=\"https:\/\/sektori.net\/wp-content\/uploads\/2017\/04\/sektori-miksime-04.jpg 729w, https:\/\/sektori.net\/wp-content\/uploads\/2017\/04\/sektori-miksime-04-300x200.jpg 300w\" sizes=\"auto, (max-width: 729px) 100vw, 729px\" \/>\t\t\t\t\t\t\n\t\t\t\t\t<\/div>\n\t\t\t\t\t\t\t\t\n<style>\n#image_1311628063 {\n  width: 100%;\n}\n<\/style>\n\t<\/div>\n\t\n\t\t<\/div>\n\t\t\t\t\t<\/div>\n\n\t\n<\/div>\n<div class=\"row\"  id=\"row-238982049\">\n\n\t<div id=\"col-1029265170\" class=\"col small-12 large-12\"  >\n\t\t\t\t<div class=\"col-inner\"  >\n\t\t\t\n\t\t\t\n<h1>Fr\u00e5n id\u00e9 till bild \u2013 proffessionella 3D-bilder, visualiseringar och animeringar<\/h1>\n\t<div class=\"img has-hover x md-x lg-x y md-y lg-y\" id=\"image_1842410618\">\n\t\t\t\t\t\t\t\t<div class=\"img-inner dark\" >\n\t\t\t<img loading=\"lazy\" decoding=\"async\" width=\"729\" height=\"486\" src=\"https:\/\/sektori.net\/wp-content\/uploads\/2017\/04\/sektori-miksime-05.jpg\" class=\"attachment-large size-large\" alt=\"\" srcset=\"https:\/\/sektori.net\/wp-content\/uploads\/2017\/04\/sektori-miksime-05.jpg 729w, https:\/\/sektori.net\/wp-content\/uploads\/2017\/04\/sektori-miksime-05-300x200.jpg 300w\" sizes=\"auto, (max-width: 729px) 100vw, 729px\" \/>\t\t\t\t\t\t\n\t\t\t\t\t<\/div>\n\t\t\t\t\t\t\t\t\n<style>\n#image_1842410618 {\n  width: 100%;\n}\n<\/style>\n\t<\/div>\n\t\n\t\t<\/div>\n\t\t\t\t\t<\/div>\n\n\t\n<\/div>\n<div class=\"row\"  id=\"row-1403015955\">\n\n\t<div id=\"col-15808354\" class=\"col small-12 large-12\"  >\n\t\t\t\t<div class=\"col-inner\"  >\n\t\t\t\n\t\t\t\n<h1>Kundorienterad marknadsf\u00f6ring<\/h1>\n\t<div class=\"img has-hover x md-x lg-x y md-y lg-y\" id=\"image_2092826044\">\n\t\t\t\t\t\t\t\t<div class=\"img-inner dark\" >\n\t\t\t<img loading=\"lazy\" decoding=\"async\" width=\"729\" height=\"486\" src=\"https:\/\/sektori.net\/wp-content\/uploads\/2017\/04\/sektori-miksime-06.jpg\" class=\"attachment-large size-large\" alt=\"\" srcset=\"https:\/\/sektori.net\/wp-content\/uploads\/2017\/04\/sektori-miksime-06.jpg 729w, https:\/\/sektori.net\/wp-content\/uploads\/2017\/04\/sektori-miksime-06-300x200.jpg 300w\" sizes=\"auto, (max-width: 729px) 100vw, 729px\" \/>\t\t\t\t\t\t\n\t\t\t\t\t<\/div>\n\t\t\t\t\t\t\t\t\n<style>\n#image_2092826044 {\n  width: 100%;\n}\n<\/style>\n\t<\/div>\n\t\n\t\t<\/div>\n\t\t\t\t\t<\/div>\n\n\t\n<\/div>\n<div class=\"row\"  id=\"row-14177945\">\n\n\t<div id=\"col-1761109723\" class=\"col small-12 large-12\"  >\n\t\t\t\t<div class=\"col-inner\"  >\n\t\t\t\n\t\t\t\n<h1>Bra grafik f\u00f6ds ur ett bra inneh\u00e5ll<\/h1>\n\t<div class=\"img has-hover x md-x lg-x y md-y lg-y\" id=\"image_788377367\">\n\t\t\t\t\t\t\t\t<div class=\"img-inner dark\" >\n\t\t\t<img loading=\"lazy\" decoding=\"async\" width=\"729\" height=\"486\" src=\"https:\/\/sektori.net\/wp-content\/uploads\/2017\/04\/sektori-miksime-07.jpg\" class=\"attachment-large size-large\" alt=\"\" srcset=\"https:\/\/sektori.net\/wp-content\/uploads\/2017\/04\/sektori-miksime-07.jpg 729w, https:\/\/sektori.net\/wp-content\/uploads\/2017\/04\/sektori-miksime-07-300x200.jpg 300w\" sizes=\"auto, (max-width: 729px) 100vw, 729px\" \/>\t\t\t\t\t\t\n\t\t\t\t\t<\/div>\n\t\t\t\t\t\t\t\t\n<style>\n#image_788377367 {\n  width: 100%;\n}\n<\/style>\n\t<\/div>\n\t\n\t\t<\/div>\n\t\t\t\t\t<\/div>\n\n\t\n<\/div>\n<div class=\"row\"  id=\"row-1362273831\">\n\n\t<div id=\"col-48362569\" class=\"col small-12 large-12\"  >\n\t\t\t\t<div class=\"col-inner\"  >\n\t\t\t\n\t\t\t\n<h1>Videopresentationer som kostnadseffektivt \u00f6kar f\u00f6rs\u00e4ljningen<\/h1>\n\t<div class=\"img has-hover x md-x lg-x y md-y lg-y\" id=\"image_1278025685\">\n\t\t\t\t\t\t\t\t<div class=\"img-inner dark\" >\n\t\t\t<img loading=\"lazy\" decoding=\"async\" width=\"729\" height=\"486\" src=\"https:\/\/sektori.net\/wp-content\/uploads\/2017\/04\/sektori-miksime-08.jpg\" class=\"attachment-large size-large\" alt=\"\" srcset=\"https:\/\/sektori.net\/wp-content\/uploads\/2017\/04\/sektori-miksime-08.jpg 729w, https:\/\/sektori.net\/wp-content\/uploads\/2017\/04\/sektori-miksime-08-300x200.jpg 300w\" sizes=\"auto, (max-width: 729px) 100vw, 729px\" \/>\t\t\t\t\t\t\n\t\t\t\t\t<\/div>\n\t\t\t\t\t\t\t\t\n<style>\n#image_1278025685 {\n  width: 100%;\n}\n<\/style>\n\t<\/div>\n\t\n\t\t<\/div>\n\t\t\t\t\t<\/div>\n\n\t\n<\/div>\n<div class=\"row\"  id=\"row-1722418315\">\n\n\t<div id=\"col-1508134218\" class=\"col small-12 large-12\"  >\n\t\t\t\t<div class=\"col-inner\"  >\n\t\t\t\n\t\t\t\n<h1>Allt fr\u00e5n skr\u00e4ddarsydda m\u00e4ssmontrar till digitala inbjudningar<\/h1>\n\t<div class=\"img has-hover x md-x lg-x y md-y lg-y\" id=\"image_904294549\">\n\t\t\t\t\t\t\t\t<div class=\"img-inner dark\" >\n\t\t\t<img loading=\"lazy\" decoding=\"async\" width=\"729\" height=\"486\" src=\"https:\/\/sektori.net\/wp-content\/uploads\/2017\/04\/sektori-miksime-09.jpg\" class=\"attachment-large size-large\" alt=\"\" srcset=\"https:\/\/sektori.net\/wp-content\/uploads\/2017\/04\/sektori-miksime-09.jpg 729w, https:\/\/sektori.net\/wp-content\/uploads\/2017\/04\/sektori-miksime-09-300x200.jpg 300w\" sizes=\"auto, (max-width: 729px) 100vw, 729px\" \/>\t\t\t\t\t\t\n\t\t\t\t\t<\/div>\n\t\t\t\t\t\t\t\t\n<style>\n#image_904294549 {\n  width: 100%;\n}\n<\/style>\n\t<\/div>\n\t\n\t\t<\/div>\n\t\t\t\t\t<\/div>\n\n\t\n<\/div>\n<div class=\"row\"  id=\"row-2142878921\">\n\n\t<div id=\"col-1993867357\" class=\"col small-12 large-12\"  >\n\t\t\t\t<div class=\"col-inner\"  >\n\t\t\t\n\t\t\t\n<h1>Strategier f\u00f6r sociala medier \u2013 var d\u00e4r dina kunder \u00e4r<\/h1>\n\t<div class=\"img has-hover x md-x lg-x y md-y lg-y\" id=\"image_791844950\">\n\t\t\t\t\t\t\t\t<div class=\"img-inner dark\" >\n\t\t\t<img loading=\"lazy\" decoding=\"async\" width=\"729\" height=\"486\" src=\"https:\/\/sektori.net\/wp-content\/uploads\/2017\/04\/sektori-miksime-10.jpg\" class=\"attachment-large size-large\" alt=\"\" srcset=\"https:\/\/sektori.net\/wp-content\/uploads\/2017\/04\/sektori-miksime-10.jpg 729w, https:\/\/sektori.net\/wp-content\/uploads\/2017\/04\/sektori-miksime-10-300x200.jpg 300w\" sizes=\"auto, (max-width: 729px) 100vw, 729px\" \/>\t\t\t\t\t\t\n\t\t\t\t\t<\/div>\n\t\t\t\t\t\t\t\t\n<style>\n#image_791844950 {\n  width: 100%;\n}\n<\/style>\n\t<\/div>\n\t\n\t\t<\/div>\n\t\t\t\t\t<\/div>\n\n\t\n<\/div>\n     <\/div>\n\n     <div class=\"loading-spin dark large centered\"><\/div>\n\n\t<\/div>\n\n\n\t\t<\/div>\n\n\t\t\n<style>\n#section_817729197 {\n  padding-top: 30px;\n  padding-bottom: 30px;\n}\n<\/style>\n\t<\/section>\n\t\n","protected":false},"excerpt":{"rendered":"","protected":false},"author":2,"featured_media":0,"parent":0,"menu_order":9,"comment_status":"closed","ping_status":"closed","template":"","meta":{"footnotes":""},"class_list":["post-1316","page","type-page","status-publish","hentry"],"yoast_head":"<!-- This site is optimized with the Yoast SEO plugin v27.5 - https:\/\/yoast.com\/product\/yoast-seo-wordpress\/ -->\n<title>Varf\u00f6r oss - Mainostoimisto Sektori<\/title>\n<meta name=\"description\" content=\"Marknadsf\u00f6r budskap direkt till industrins beslutsfattare. Vi ocks\u00e5 har Decennier av erfarenhet inom den offentliga sjukv\u00e5rden.\" \/>\n<meta name=\"robots\" content=\"index, follow, max-snippet:-1, max-image-preview:large, max-video-preview:-1\" \/>\n<link rel=\"canonical\" href=\"https:\/\/sektori.net\/sv\/why-us\/\" \/>\n<meta property=\"og:locale\" content=\"sv_SE\" \/>\n<meta property=\"og:type\" content=\"article\" \/>\n<meta property=\"og:title\" content=\"Varf\u00f6r oss - Mainostoimisto Sektori\" \/>\n<meta property=\"og:description\" content=\"Marknadsf\u00f6r budskap direkt till industrins beslutsfattare. Vi ocks\u00e5 har Decennier av erfarenhet inom den offentliga sjukv\u00e5rden.\" \/>\n<meta property=\"og:url\" content=\"https:\/\/sektori.net\/sv\/why-us\/\" \/>\n<meta property=\"og:site_name\" content=\"Mainostoimisto Sektori\" \/>\n<meta property=\"article:modified_time\" content=\"2018-07-31T11:16:17+00:00\" \/>\n<meta property=\"og:image\" content=\"https:\/\/sektori.net\/wp-content\/uploads\/2019\/08\/Sektori_Lahtiyrityspalveluseteli_06.png\" \/>\n\t<meta property=\"og:image:width\" content=\"471\" \/>\n\t<meta property=\"og:image:height\" content=\"471\" \/>\n\t<meta property=\"og:image:type\" content=\"image\/png\" \/>\n<meta name=\"twitter:card\" content=\"summary_large_image\" \/>\n<meta name=\"twitter:label1\" content=\"Ber\u00e4knad l\u00e4stid\" \/>\n\t<meta name=\"twitter:data1\" content=\"1 minut\" \/>\n<script type=\"application\/ld+json\" class=\"yoast-schema-graph\">{\"@context\":\"https:\\\/\\\/schema.org\",\"@graph\":[{\"@type\":\"WebPage\",\"@id\":\"https:\\\/\\\/sektori.net\\\/sv\\\/why-us\\\/\",\"url\":\"https:\\\/\\\/sektori.net\\\/sv\\\/why-us\\\/\",\"name\":\"Varf\u00f6r oss - Mainostoimisto Sektori\",\"isPartOf\":{\"@id\":\"https:\\\/\\\/sektori.net\\\/#website\"},\"datePublished\":\"2018-07-30T11:21:32+00:00\",\"dateModified\":\"2018-07-31T11:16:17+00:00\",\"description\":\"Marknadsf\u00f6r budskap direkt till industrins beslutsfattare. Vi ocks\u00e5 har Decennier av erfarenhet inom den offentliga sjukv\u00e5rden.\",\"breadcrumb\":{\"@id\":\"https:\\\/\\\/sektori.net\\\/sv\\\/why-us\\\/#breadcrumb\"},\"inLanguage\":\"sv-SE\",\"potentialAction\":[{\"@type\":\"ReadAction\",\"target\":[\"https:\\\/\\\/sektori.net\\\/sv\\\/why-us\\\/\"]}]},{\"@type\":\"BreadcrumbList\",\"@id\":\"https:\\\/\\\/sektori.net\\\/sv\\\/why-us\\\/#breadcrumb\",\"itemListElement\":[{\"@type\":\"ListItem\",\"position\":1,\"name\":\"Home\",\"item\":\"https:\\\/\\\/sektori.net\\\/sv\\\/home\\\/\"},{\"@type\":\"ListItem\",\"position\":2,\"name\":\"Varf\u00f6r oss\"}]},{\"@type\":\"WebSite\",\"@id\":\"https:\\\/\\\/sektori.net\\\/#website\",\"url\":\"https:\\\/\\\/sektori.net\\\/\",\"name\":\"Mainostoimisto Sektori\",\"description\":\"Mainostoimisto Sektori tarjoaa monipuolisia markkinointiviestinn\u00e4n palveluja tarpeesi mukaan. Markkinoinnin ja mainonnan suunnittelu ja toteutus, graafinen suunnittelu, logot, s\u00e4hk\u00f6isen markkinointiviestinn\u00e4n toteutukset.\",\"potentialAction\":[{\"@type\":\"SearchAction\",\"target\":{\"@type\":\"EntryPoint\",\"urlTemplate\":\"https:\\\/\\\/sektori.net\\\/?s={search_term_string}\"},\"query-input\":{\"@type\":\"PropertyValueSpecification\",\"valueRequired\":true,\"valueName\":\"search_term_string\"}}],\"inLanguage\":\"sv-SE\"}]}<\/script>\n<!-- \/ Yoast SEO plugin. -->","yoast_head_json":{"title":"Varf\u00f6r oss - Mainostoimisto Sektori","description":"Marknadsf\u00f6r budskap direkt till industrins beslutsfattare. Vi ocks\u00e5 har Decennier av erfarenhet inom den offentliga sjukv\u00e5rden.","robots":{"index":"index","follow":"follow","max-snippet":"max-snippet:-1","max-image-preview":"max-image-preview:large","max-video-preview":"max-video-preview:-1"},"canonical":"https:\/\/sektori.net\/sv\/why-us\/","og_locale":"sv_SE","og_type":"article","og_title":"Varf\u00f6r oss - Mainostoimisto Sektori","og_description":"Marknadsf\u00f6r budskap direkt till industrins beslutsfattare. Vi ocks\u00e5 har Decennier av erfarenhet inom den offentliga sjukv\u00e5rden.","og_url":"https:\/\/sektori.net\/sv\/why-us\/","og_site_name":"Mainostoimisto Sektori","article_modified_time":"2018-07-31T11:16:17+00:00","og_image":[{"width":471,"height":471,"url":"https:\/\/sektori.net\/wp-content\/uploads\/2019\/08\/Sektori_Lahtiyrityspalveluseteli_06.png","type":"image\/png"}],"twitter_card":"summary_large_image","twitter_misc":{"Ber\u00e4knad l\u00e4stid":"1 minut"},"schema":{"@context":"https:\/\/schema.org","@graph":[{"@type":"WebPage","@id":"https:\/\/sektori.net\/sv\/why-us\/","url":"https:\/\/sektori.net\/sv\/why-us\/","name":"Varf\u00f6r oss - Mainostoimisto Sektori","isPartOf":{"@id":"https:\/\/sektori.net\/#website"},"datePublished":"2018-07-30T11:21:32+00:00","dateModified":"2018-07-31T11:16:17+00:00","description":"Marknadsf\u00f6r budskap direkt till industrins beslutsfattare. Vi ocks\u00e5 har Decennier av erfarenhet inom den offentliga sjukv\u00e5rden.","breadcrumb":{"@id":"https:\/\/sektori.net\/sv\/why-us\/#breadcrumb"},"inLanguage":"sv-SE","potentialAction":[{"@type":"ReadAction","target":["https:\/\/sektori.net\/sv\/why-us\/"]}]},{"@type":"BreadcrumbList","@id":"https:\/\/sektori.net\/sv\/why-us\/#breadcrumb","itemListElement":[{"@type":"ListItem","position":1,"name":"Home","item":"https:\/\/sektori.net\/sv\/home\/"},{"@type":"ListItem","position":2,"name":"Varf\u00f6r oss"}]},{"@type":"WebSite","@id":"https:\/\/sektori.net\/#website","url":"https:\/\/sektori.net\/","name":"Mainostoimisto Sektori","description":"Mainostoimisto Sektori tarjoaa monipuolisia markkinointiviestinn\u00e4n palveluja tarpeesi mukaan. Markkinoinnin ja mainonnan suunnittelu ja toteutus, graafinen suunnittelu, logot, s\u00e4hk\u00f6isen markkinointiviestinn\u00e4n toteutukset.","potentialAction":[{"@type":"SearchAction","target":{"@type":"EntryPoint","urlTemplate":"https:\/\/sektori.net\/?s={search_term_string}"},"query-input":{"@type":"PropertyValueSpecification","valueRequired":true,"valueName":"search_term_string"}}],"inLanguage":"sv-SE"}]}},"_links":{"self":[{"href":"https:\/\/sektori.net\/sv\/wp-json\/wp\/v2\/pages\/1316","targetHints":{"allow":["GET"]}}],"collection":[{"href":"https:\/\/sektori.net\/sv\/wp-json\/wp\/v2\/pages"}],"about":[{"href":"https:\/\/sektori.net\/sv\/wp-json\/wp\/v2\/types\/page"}],"author":[{"embeddable":true,"href":"https:\/\/sektori.net\/sv\/wp-json\/wp\/v2\/users\/2"}],"replies":[{"embeddable":true,"href":"https:\/\/sektori.net\/sv\/wp-json\/wp\/v2\/comments?post=1316"}],"version-history":[{"count":2,"href":"https:\/\/sektori.net\/sv\/wp-json\/wp\/v2\/pages\/1316\/revisions"}],"predecessor-version":[{"id":1318,"href":"https:\/\/sektori.net\/sv\/wp-json\/wp\/v2\/pages\/1316\/revisions\/1318"}],"wp:attachment":[{"href":"https:\/\/sektori.net\/sv\/wp-json\/wp\/v2\/media?parent=1316"}],"curies":[{"name":"wp","href":"https:\/\/api.w.org\/{rel}","templated":true}]}}