{"id":2922,"date":"2021-08-25T12:37:14","date_gmt":"2021-08-25T09:37:14","guid":{"rendered":"https:\/\/sektori.net\/?page_id=2922"},"modified":"2021-08-25T12:37:14","modified_gmt":"2021-08-25T09:37:14","slug":"project-management","status":"publish","type":"page","link":"https:\/\/sektori.net\/en\/project-management\/","title":{"rendered":"PROJECT MANAGEMENT"},"content":{"rendered":"<a href=\"https:\/\/sektori.net\/en\" class=\"button primary is-outline\" >\n\t\t<span>Back<\/span>\n\t<\/a>\n\n<h1 style=\"text-align: left;\">PROJECT MANAGEMENT<\/h1>\n<p>Our objective is to manage the assignments effectively and with a customer oriented approach. This means adhering to the agreed means of working in an open and advancing matter.<\/p>\n<ul>\n<li>All business with your company is carried out with the familiar account manager<\/li>\n<li>We work as the outsourced marketing and communications deparment of your company<\/li>\n<li>We ongoingly manage your company\u2019s communications according to the terms agreed<\/li>\n<li>We actively suggest new, fitting and reasonable means of communications<\/li>\n<li>Co-operation with us is effortless and effective<\/li>\n<li>We are a group of open, honest, skilled and humble people<\/li>\n<li>We manage every project in the agreed schedule as a ready-to-use-service<\/li>\n<\/ul>\n","protected":false},"excerpt":{"rendered":"<p>PROJECT MANAGEMENT Our objective is to manage the assignments effectively and with a customer oriented approach. This means adhering to the agreed means of working in an open and advancing matter. All business with your company is carried out with the familiar account manager We work as the outsourced marketing and communications deparment of your [&#8230;]\n","protected":false},"author":2,"featured_media":0,"parent":0,"menu_order":37,"comment_status":"closed","ping_status":"closed","template":"","meta":{"footnotes":""},"class_list":["post-2922","page","type-page","status-publish","hentry"],"yoast_head":"<!-- This site is optimized with the Yoast SEO plugin v27.5 - https:\/\/yoast.com\/product\/yoast-seo-wordpress\/ -->\n<title>PROJECT MANAGEMENT - Mainostoimisto Sektori<\/title>\n<meta name=\"robots\" content=\"index, follow, max-snippet:-1, max-image-preview:large, max-video-preview:-1\" \/>\n<link rel=\"canonical\" href=\"https:\/\/sektori.net\/en\/project-management\/\" \/>\n<meta property=\"og:locale\" content=\"en_US\" \/>\n<meta property=\"og:type\" content=\"article\" \/>\n<meta property=\"og:title\" content=\"PROJECT MANAGEMENT - Mainostoimisto Sektori\" \/>\n<meta property=\"og:description\" content=\"PROJECT MANAGEMENT Our objective is to manage the assignments effectively and with a customer oriented approach. This means adhering to the agreed means of working in an open and advancing matter. All business with your company is carried out with the familiar account manager We work as the outsourced marketing and communications deparment of your [...]\" \/>\n<meta property=\"og:url\" content=\"https:\/\/sektori.net\/en\/project-management\/\" \/>\n<meta property=\"og:site_name\" content=\"Mainostoimisto Sektori\" \/>\n<meta property=\"og:image\" content=\"https:\/\/sektori.net\/wp-content\/uploads\/2019\/08\/Sektori_Lahtiyrityspalveluseteli_06.png\" \/>\n\t<meta property=\"og:image:width\" content=\"471\" \/>\n\t<meta property=\"og:image:height\" content=\"471\" \/>\n\t<meta property=\"og:image:type\" content=\"image\/png\" \/>\n<meta name=\"twitter:card\" content=\"summary_large_image\" \/>\n<meta name=\"twitter:label1\" content=\"Est. reading time\" \/>\n\t<meta name=\"twitter:data1\" content=\"1 minute\" \/>\n<script type=\"application\/ld+json\" class=\"yoast-schema-graph\">{\"@context\":\"https:\\\/\\\/schema.org\",\"@graph\":[{\"@type\":\"WebPage\",\"@id\":\"https:\\\/\\\/sektori.net\\\/en\\\/project-management\\\/\",\"url\":\"https:\\\/\\\/sektori.net\\\/en\\\/project-management\\\/\",\"name\":\"PROJECT MANAGEMENT - Mainostoimisto Sektori\",\"isPartOf\":{\"@id\":\"https:\\\/\\\/sektori.net\\\/#website\"},\"datePublished\":\"2021-08-25T09:37:14+00:00\",\"breadcrumb\":{\"@id\":\"https:\\\/\\\/sektori.net\\\/en\\\/project-management\\\/#breadcrumb\"},\"inLanguage\":\"en-US\",\"potentialAction\":[{\"@type\":\"ReadAction\",\"target\":[\"https:\\\/\\\/sektori.net\\\/en\\\/project-management\\\/\"]}]},{\"@type\":\"BreadcrumbList\",\"@id\":\"https:\\\/\\\/sektori.net\\\/en\\\/project-management\\\/#breadcrumb\",\"itemListElement\":[{\"@type\":\"ListItem\",\"position\":1,\"name\":\"Home\",\"item\":\"https:\\\/\\\/sektori.net\\\/en\\\/1267-2\\\/\"},{\"@type\":\"ListItem\",\"position\":2,\"name\":\"PROJECT MANAGEMENT\"}]},{\"@type\":\"WebSite\",\"@id\":\"https:\\\/\\\/sektori.net\\\/#website\",\"url\":\"https:\\\/\\\/sektori.net\\\/\",\"name\":\"Mainostoimisto Sektori\",\"description\":\"Mainostoimisto Sektori tarjoaa monipuolisia markkinointiviestinn\u00e4n palveluja tarpeesi mukaan. Markkinoinnin ja mainonnan suunnittelu ja toteutus, graafinen suunnittelu, logot, s\u00e4hk\u00f6isen markkinointiviestinn\u00e4n toteutukset.\",\"potentialAction\":[{\"@type\":\"SearchAction\",\"target\":{\"@type\":\"EntryPoint\",\"urlTemplate\":\"https:\\\/\\\/sektori.net\\\/?s={search_term_string}\"},\"query-input\":{\"@type\":\"PropertyValueSpecification\",\"valueRequired\":true,\"valueName\":\"search_term_string\"}}],\"inLanguage\":\"en-US\"}]}<\/script>\n<!-- \/ Yoast SEO plugin. -->","yoast_head_json":{"title":"PROJECT MANAGEMENT - Mainostoimisto Sektori","robots":{"index":"index","follow":"follow","max-snippet":"max-snippet:-1","max-image-preview":"max-image-preview:large","max-video-preview":"max-video-preview:-1"},"canonical":"https:\/\/sektori.net\/en\/project-management\/","og_locale":"en_US","og_type":"article","og_title":"PROJECT MANAGEMENT - Mainostoimisto Sektori","og_description":"PROJECT MANAGEMENT Our objective is to manage the assignments effectively and with a customer oriented approach. This means adhering to the agreed means of working in an open and advancing matter. All business with your company is carried out with the familiar account manager We work as the outsourced marketing and communications deparment of your [...]","og_url":"https:\/\/sektori.net\/en\/project-management\/","og_site_name":"Mainostoimisto Sektori","og_image":[{"width":471,"height":471,"url":"https:\/\/sektori.net\/wp-content\/uploads\/2019\/08\/Sektori_Lahtiyrityspalveluseteli_06.png","type":"image\/png"}],"twitter_card":"summary_large_image","twitter_misc":{"Est. reading time":"1 minute"},"schema":{"@context":"https:\/\/schema.org","@graph":[{"@type":"WebPage","@id":"https:\/\/sektori.net\/en\/project-management\/","url":"https:\/\/sektori.net\/en\/project-management\/","name":"PROJECT MANAGEMENT - Mainostoimisto Sektori","isPartOf":{"@id":"https:\/\/sektori.net\/#website"},"datePublished":"2021-08-25T09:37:14+00:00","breadcrumb":{"@id":"https:\/\/sektori.net\/en\/project-management\/#breadcrumb"},"inLanguage":"en-US","potentialAction":[{"@type":"ReadAction","target":["https:\/\/sektori.net\/en\/project-management\/"]}]},{"@type":"BreadcrumbList","@id":"https:\/\/sektori.net\/en\/project-management\/#breadcrumb","itemListElement":[{"@type":"ListItem","position":1,"name":"Home","item":"https:\/\/sektori.net\/en\/1267-2\/"},{"@type":"ListItem","position":2,"name":"PROJECT MANAGEMENT"}]},{"@type":"WebSite","@id":"https:\/\/sektori.net\/#website","url":"https:\/\/sektori.net\/","name":"Mainostoimisto Sektori","description":"Mainostoimisto Sektori tarjoaa monipuolisia markkinointiviestinn\u00e4n palveluja tarpeesi mukaan. Markkinoinnin ja mainonnan suunnittelu ja toteutus, graafinen suunnittelu, logot, s\u00e4hk\u00f6isen markkinointiviestinn\u00e4n toteutukset.","potentialAction":[{"@type":"SearchAction","target":{"@type":"EntryPoint","urlTemplate":"https:\/\/sektori.net\/?s={search_term_string}"},"query-input":{"@type":"PropertyValueSpecification","valueRequired":true,"valueName":"search_term_string"}}],"inLanguage":"en-US"}]}},"_links":{"self":[{"href":"https:\/\/sektori.net\/en\/wp-json\/wp\/v2\/pages\/2922","targetHints":{"allow":["GET"]}}],"collection":[{"href":"https:\/\/sektori.net\/en\/wp-json\/wp\/v2\/pages"}],"about":[{"href":"https:\/\/sektori.net\/en\/wp-json\/wp\/v2\/types\/page"}],"author":[{"embeddable":true,"href":"https:\/\/sektori.net\/en\/wp-json\/wp\/v2\/users\/2"}],"replies":[{"embeddable":true,"href":"https:\/\/sektori.net\/en\/wp-json\/wp\/v2\/comments?post=2922"}],"version-history":[{"count":1,"href":"https:\/\/sektori.net\/en\/wp-json\/wp\/v2\/pages\/2922\/revisions"}],"predecessor-version":[{"id":2923,"href":"https:\/\/sektori.net\/en\/wp-json\/wp\/v2\/pages\/2922\/revisions\/2923"}],"wp:attachment":[{"href":"https:\/\/sektori.net\/en\/wp-json\/wp\/v2\/media?parent=2922"}],"curies":[{"name":"wp","href":"https:\/\/api.w.org\/{rel}","templated":true}]}}