{"id":2912,"date":"2021-08-25T12:30:33","date_gmt":"2021-08-25T09:30:33","guid":{"rendered":"https:\/\/sektori.net\/?page_id=2912"},"modified":"2021-08-25T12:30:33","modified_gmt":"2021-08-25T09:30:33","slug":"fairs-and-events","status":"publish","type":"page","link":"https:\/\/sektori.net\/en\/fairs-and-events\/","title":{"rendered":"FAIRS AND EVENTS"},"content":{"rendered":"<a href=\"https:\/\/sektori.net\/en\" class=\"button primary is-outline\" >\n\t\t<span>Back<\/span>\n\t<\/a>\n\n<h1 style=\"text-align: left;\">FAIRS AND EVENTS<\/h1>\n<p>The presentation of your brand in fairs and other events advances the brand awareness and connecting with the target audience.<\/p>\n<ul>\n<li>The organization of the fair or other event<\/li>\n<li>The design of the fair as 3D-render<\/li>\n<li>The core message and visualization of the department<\/li>\n<li>Communications before, during and after the fair<\/li>\n<li>Videos of the fair<\/li>\n<li>Event publications<\/li>\n<\/ul>\n","protected":false},"excerpt":{"rendered":"<p>FAIRS AND EVENTS The presentation of your brand in fairs and other events advances the brand awareness and connecting with the target audience. The organization of the fair or other event The design of the fair as 3D-render The core message and visualization of the department Communications before, during and after the fair Videos of [&#8230;]\n","protected":false},"author":2,"featured_media":0,"parent":0,"menu_order":28,"comment_status":"closed","ping_status":"closed","template":"","meta":{"footnotes":""},"class_list":["post-2912","page","type-page","status-publish","hentry"],"yoast_head":"<!-- This site is optimized with the Yoast SEO plugin v27.4 - https:\/\/yoast.com\/product\/yoast-seo-wordpress\/ -->\n<title>FAIRS AND EVENTS - Mainostoimisto Sektori<\/title>\n<meta name=\"robots\" content=\"index, follow, max-snippet:-1, max-image-preview:large, max-video-preview:-1\" \/>\n<link rel=\"canonical\" href=\"https:\/\/sektori.net\/en\/fairs-and-events\/\" \/>\n<meta property=\"og:locale\" content=\"en_US\" \/>\n<meta property=\"og:type\" content=\"article\" \/>\n<meta property=\"og:title\" content=\"FAIRS AND EVENTS - Mainostoimisto Sektori\" \/>\n<meta property=\"og:description\" content=\"FAIRS AND EVENTS The presentation of your brand in fairs and other events advances the brand awareness and connecting with the target audience. The organization of the fair or other event The design of the fair as 3D-render The core message and visualization of the department Communications before, during and after the fair Videos of [...]\" \/>\n<meta property=\"og:url\" content=\"https:\/\/sektori.net\/en\/fairs-and-events\/\" \/>\n<meta property=\"og:site_name\" content=\"Mainostoimisto Sektori\" \/>\n<meta property=\"og:image\" content=\"https:\/\/sektori.net\/wp-content\/uploads\/2019\/08\/Sektori_Lahtiyrityspalveluseteli_06.png\" \/>\n\t<meta property=\"og:image:width\" content=\"471\" \/>\n\t<meta property=\"og:image:height\" content=\"471\" \/>\n\t<meta property=\"og:image:type\" content=\"image\/png\" \/>\n<meta name=\"twitter:card\" content=\"summary_large_image\" \/>\n<script type=\"application\/ld+json\" class=\"yoast-schema-graph\">{\"@context\":\"https:\\\/\\\/schema.org\",\"@graph\":[{\"@type\":\"WebPage\",\"@id\":\"https:\\\/\\\/sektori.net\\\/en\\\/fairs-and-events\\\/\",\"url\":\"https:\\\/\\\/sektori.net\\\/en\\\/fairs-and-events\\\/\",\"name\":\"FAIRS AND EVENTS - Mainostoimisto Sektori\",\"isPartOf\":{\"@id\":\"https:\\\/\\\/sektori.net\\\/#website\"},\"datePublished\":\"2021-08-25T09:30:33+00:00\",\"breadcrumb\":{\"@id\":\"https:\\\/\\\/sektori.net\\\/en\\\/fairs-and-events\\\/#breadcrumb\"},\"inLanguage\":\"en-US\",\"potentialAction\":[{\"@type\":\"ReadAction\",\"target\":[\"https:\\\/\\\/sektori.net\\\/en\\\/fairs-and-events\\\/\"]}]},{\"@type\":\"BreadcrumbList\",\"@id\":\"https:\\\/\\\/sektori.net\\\/en\\\/fairs-and-events\\\/#breadcrumb\",\"itemListElement\":[{\"@type\":\"ListItem\",\"position\":1,\"name\":\"Home\",\"item\":\"https:\\\/\\\/sektori.net\\\/en\\\/1267-2\\\/\"},{\"@type\":\"ListItem\",\"position\":2,\"name\":\"FAIRS AND EVENTS\"}]},{\"@type\":\"WebSite\",\"@id\":\"https:\\\/\\\/sektori.net\\\/#website\",\"url\":\"https:\\\/\\\/sektori.net\\\/\",\"name\":\"Mainostoimisto Sektori\",\"description\":\"Mainostoimisto Sektori tarjoaa monipuolisia markkinointiviestinn\u00e4n palveluja tarpeesi mukaan. Markkinoinnin ja mainonnan suunnittelu ja toteutus, graafinen suunnittelu, logot, s\u00e4hk\u00f6isen markkinointiviestinn\u00e4n toteutukset.\",\"potentialAction\":[{\"@type\":\"SearchAction\",\"target\":{\"@type\":\"EntryPoint\",\"urlTemplate\":\"https:\\\/\\\/sektori.net\\\/?s={search_term_string}\"},\"query-input\":{\"@type\":\"PropertyValueSpecification\",\"valueRequired\":true,\"valueName\":\"search_term_string\"}}],\"inLanguage\":\"en-US\"}]}<\/script>\n<!-- \/ Yoast SEO plugin. -->","yoast_head_json":{"title":"FAIRS AND EVENTS - Mainostoimisto Sektori","robots":{"index":"index","follow":"follow","max-snippet":"max-snippet:-1","max-image-preview":"max-image-preview:large","max-video-preview":"max-video-preview:-1"},"canonical":"https:\/\/sektori.net\/en\/fairs-and-events\/","og_locale":"en_US","og_type":"article","og_title":"FAIRS AND EVENTS - Mainostoimisto Sektori","og_description":"FAIRS AND EVENTS The presentation of your brand in fairs and other events advances the brand awareness and connecting with the target audience. The organization of the fair or other event The design of the fair as 3D-render The core message and visualization of the department Communications before, during and after the fair Videos of [...]","og_url":"https:\/\/sektori.net\/en\/fairs-and-events\/","og_site_name":"Mainostoimisto Sektori","og_image":[{"width":471,"height":471,"url":"https:\/\/sektori.net\/wp-content\/uploads\/2019\/08\/Sektori_Lahtiyrityspalveluseteli_06.png","type":"image\/png"}],"twitter_card":"summary_large_image","schema":{"@context":"https:\/\/schema.org","@graph":[{"@type":"WebPage","@id":"https:\/\/sektori.net\/en\/fairs-and-events\/","url":"https:\/\/sektori.net\/en\/fairs-and-events\/","name":"FAIRS AND EVENTS - Mainostoimisto Sektori","isPartOf":{"@id":"https:\/\/sektori.net\/#website"},"datePublished":"2021-08-25T09:30:33+00:00","breadcrumb":{"@id":"https:\/\/sektori.net\/en\/fairs-and-events\/#breadcrumb"},"inLanguage":"en-US","potentialAction":[{"@type":"ReadAction","target":["https:\/\/sektori.net\/en\/fairs-and-events\/"]}]},{"@type":"BreadcrumbList","@id":"https:\/\/sektori.net\/en\/fairs-and-events\/#breadcrumb","itemListElement":[{"@type":"ListItem","position":1,"name":"Home","item":"https:\/\/sektori.net\/en\/1267-2\/"},{"@type":"ListItem","position":2,"name":"FAIRS AND EVENTS"}]},{"@type":"WebSite","@id":"https:\/\/sektori.net\/#website","url":"https:\/\/sektori.net\/","name":"Mainostoimisto Sektori","description":"Mainostoimisto Sektori tarjoaa monipuolisia markkinointiviestinn\u00e4n palveluja tarpeesi mukaan. Markkinoinnin ja mainonnan suunnittelu ja toteutus, graafinen suunnittelu, logot, s\u00e4hk\u00f6isen markkinointiviestinn\u00e4n toteutukset.","potentialAction":[{"@type":"SearchAction","target":{"@type":"EntryPoint","urlTemplate":"https:\/\/sektori.net\/?s={search_term_string}"},"query-input":{"@type":"PropertyValueSpecification","valueRequired":true,"valueName":"search_term_string"}}],"inLanguage":"en-US"}]}},"_links":{"self":[{"href":"https:\/\/sektori.net\/en\/wp-json\/wp\/v2\/pages\/2912","targetHints":{"allow":["GET"]}}],"collection":[{"href":"https:\/\/sektori.net\/en\/wp-json\/wp\/v2\/pages"}],"about":[{"href":"https:\/\/sektori.net\/en\/wp-json\/wp\/v2\/types\/page"}],"author":[{"embeddable":true,"href":"https:\/\/sektori.net\/en\/wp-json\/wp\/v2\/users\/2"}],"replies":[{"embeddable":true,"href":"https:\/\/sektori.net\/en\/wp-json\/wp\/v2\/comments?post=2912"}],"version-history":[{"count":1,"href":"https:\/\/sektori.net\/en\/wp-json\/wp\/v2\/pages\/2912\/revisions"}],"predecessor-version":[{"id":2913,"href":"https:\/\/sektori.net\/en\/wp-json\/wp\/v2\/pages\/2912\/revisions\/2913"}],"wp:attachment":[{"href":"https:\/\/sektori.net\/en\/wp-json\/wp\/v2\/media?parent=2912"}],"curies":[{"name":"wp","href":"https:\/\/api.w.org\/{rel}","templated":true}]}}