{"id":2907,"date":"2021-08-25T12:26:47","date_gmt":"2021-08-25T09:26:47","guid":{"rendered":"https:\/\/sektori.net\/?page_id=2907"},"modified":"2021-08-25T12:26:47","modified_gmt":"2021-08-25T09:26:47","slug":"videos-and-animations","status":"publish","type":"page","link":"https:\/\/sektori.net\/en\/videos-and-animations\/","title":{"rendered":"VIDEOS AND ANIMATIONS"},"content":{"rendered":"<a href=\"https:\/\/sektori.net\/en\" class=\"button primary is-outline\" >\n\t\t<span>Back<\/span>\n\t<\/a>\n\n<h1 style=\"text-align: left;\">VIDEOS AND ANIMATIONS<\/h1>\n<p>With video you tell about your company and product more versatile and comprehensive ways than any brochure or photo could do.<\/p>\n<ul>\n<li>Screenplays<\/li>\n<li>Videofilming<\/li>\n<li>Animations and videos from existing material<\/li>\n<li>Small budget videos also<\/li>\n<li>Product-, machine- and action-animations from outside and inside<\/li>\n<li>Recordings, Editing<\/li>\n<li>Language versions with native speaks<\/li>\n<li>Sharing ready videos<\/li>\n<li>Other company showcase material<\/li>\n<\/ul>\n","protected":false},"excerpt":{"rendered":"<p>VIDEOS AND ANIMATIONS With video you tell about your company and product more versatile and comprehensive ways than any brochure or photo could do. Screenplays Videofilming Animations and videos from existing material Small budget videos also Product-, machine- and action-animations from outside and inside Recordings, Editing Language versions with native speaks Sharing ready videos Other [&#8230;]\n","protected":false},"author":2,"featured_media":0,"parent":0,"menu_order":46,"comment_status":"closed","ping_status":"closed","template":"","meta":{"footnotes":""},"class_list":["post-2907","page","type-page","status-publish","hentry"],"yoast_head":"<!-- This site is optimized with the Yoast SEO plugin v27.5 - https:\/\/yoast.com\/product\/yoast-seo-wordpress\/ -->\n<title>VIDEOS AND ANIMATIONS - Mainostoimisto Sektori<\/title>\n<meta name=\"robots\" content=\"index, follow, max-snippet:-1, max-image-preview:large, max-video-preview:-1\" \/>\n<link rel=\"canonical\" href=\"https:\/\/sektori.net\/en\/videos-and-animations\/\" \/>\n<meta property=\"og:locale\" content=\"en_US\" \/>\n<meta property=\"og:type\" content=\"article\" \/>\n<meta property=\"og:title\" content=\"VIDEOS AND ANIMATIONS - Mainostoimisto Sektori\" \/>\n<meta property=\"og:description\" content=\"VIDEOS AND ANIMATIONS With video you tell about your company and product more versatile and comprehensive ways than any brochure or photo could do. Screenplays Videofilming Animations and videos from existing material Small budget videos also Product-, machine- and action-animations from outside and inside Recordings, Editing Language versions with native speaks Sharing ready videos Other [...]\" \/>\n<meta property=\"og:url\" content=\"https:\/\/sektori.net\/en\/videos-and-animations\/\" \/>\n<meta property=\"og:site_name\" content=\"Mainostoimisto Sektori\" \/>\n<meta property=\"og:image\" content=\"https:\/\/sektori.net\/wp-content\/uploads\/2019\/08\/Sektori_Lahtiyrityspalveluseteli_06.png\" \/>\n\t<meta property=\"og:image:width\" content=\"471\" \/>\n\t<meta property=\"og:image:height\" content=\"471\" \/>\n\t<meta property=\"og:image:type\" content=\"image\/png\" \/>\n<meta name=\"twitter:card\" content=\"summary_large_image\" \/>\n<meta name=\"twitter:label1\" content=\"Est. reading time\" \/>\n\t<meta name=\"twitter:data1\" content=\"1 minute\" \/>\n<script type=\"application\/ld+json\" class=\"yoast-schema-graph\">{\"@context\":\"https:\\\/\\\/schema.org\",\"@graph\":[{\"@type\":\"WebPage\",\"@id\":\"https:\\\/\\\/sektori.net\\\/en\\\/videos-and-animations\\\/\",\"url\":\"https:\\\/\\\/sektori.net\\\/en\\\/videos-and-animations\\\/\",\"name\":\"VIDEOS AND ANIMATIONS - Mainostoimisto Sektori\",\"isPartOf\":{\"@id\":\"https:\\\/\\\/sektori.net\\\/#website\"},\"datePublished\":\"2021-08-25T09:26:47+00:00\",\"breadcrumb\":{\"@id\":\"https:\\\/\\\/sektori.net\\\/en\\\/videos-and-animations\\\/#breadcrumb\"},\"inLanguage\":\"en-US\",\"potentialAction\":[{\"@type\":\"ReadAction\",\"target\":[\"https:\\\/\\\/sektori.net\\\/en\\\/videos-and-animations\\\/\"]}]},{\"@type\":\"BreadcrumbList\",\"@id\":\"https:\\\/\\\/sektori.net\\\/en\\\/videos-and-animations\\\/#breadcrumb\",\"itemListElement\":[{\"@type\":\"ListItem\",\"position\":1,\"name\":\"Home\",\"item\":\"https:\\\/\\\/sektori.net\\\/en\\\/1267-2\\\/\"},{\"@type\":\"ListItem\",\"position\":2,\"name\":\"VIDEOS AND ANIMATIONS\"}]},{\"@type\":\"WebSite\",\"@id\":\"https:\\\/\\\/sektori.net\\\/#website\",\"url\":\"https:\\\/\\\/sektori.net\\\/\",\"name\":\"Mainostoimisto Sektori\",\"description\":\"Mainostoimisto Sektori tarjoaa monipuolisia markkinointiviestinn\u00e4n palveluja tarpeesi mukaan. Markkinoinnin ja mainonnan suunnittelu ja toteutus, graafinen suunnittelu, logot, s\u00e4hk\u00f6isen markkinointiviestinn\u00e4n toteutukset.\",\"potentialAction\":[{\"@type\":\"SearchAction\",\"target\":{\"@type\":\"EntryPoint\",\"urlTemplate\":\"https:\\\/\\\/sektori.net\\\/?s={search_term_string}\"},\"query-input\":{\"@type\":\"PropertyValueSpecification\",\"valueRequired\":true,\"valueName\":\"search_term_string\"}}],\"inLanguage\":\"en-US\"}]}<\/script>\n<!-- \/ Yoast SEO plugin. -->","yoast_head_json":{"title":"VIDEOS AND ANIMATIONS - Mainostoimisto Sektori","robots":{"index":"index","follow":"follow","max-snippet":"max-snippet:-1","max-image-preview":"max-image-preview:large","max-video-preview":"max-video-preview:-1"},"canonical":"https:\/\/sektori.net\/en\/videos-and-animations\/","og_locale":"en_US","og_type":"article","og_title":"VIDEOS AND ANIMATIONS - Mainostoimisto Sektori","og_description":"VIDEOS AND ANIMATIONS With video you tell about your company and product more versatile and comprehensive ways than any brochure or photo could do. Screenplays Videofilming Animations and videos from existing material Small budget videos also Product-, machine- and action-animations from outside and inside Recordings, Editing Language versions with native speaks Sharing ready videos Other [...]","og_url":"https:\/\/sektori.net\/en\/videos-and-animations\/","og_site_name":"Mainostoimisto Sektori","og_image":[{"width":471,"height":471,"url":"https:\/\/sektori.net\/wp-content\/uploads\/2019\/08\/Sektori_Lahtiyrityspalveluseteli_06.png","type":"image\/png"}],"twitter_card":"summary_large_image","twitter_misc":{"Est. reading time":"1 minute"},"schema":{"@context":"https:\/\/schema.org","@graph":[{"@type":"WebPage","@id":"https:\/\/sektori.net\/en\/videos-and-animations\/","url":"https:\/\/sektori.net\/en\/videos-and-animations\/","name":"VIDEOS AND ANIMATIONS - Mainostoimisto Sektori","isPartOf":{"@id":"https:\/\/sektori.net\/#website"},"datePublished":"2021-08-25T09:26:47+00:00","breadcrumb":{"@id":"https:\/\/sektori.net\/en\/videos-and-animations\/#breadcrumb"},"inLanguage":"en-US","potentialAction":[{"@type":"ReadAction","target":["https:\/\/sektori.net\/en\/videos-and-animations\/"]}]},{"@type":"BreadcrumbList","@id":"https:\/\/sektori.net\/en\/videos-and-animations\/#breadcrumb","itemListElement":[{"@type":"ListItem","position":1,"name":"Home","item":"https:\/\/sektori.net\/en\/1267-2\/"},{"@type":"ListItem","position":2,"name":"VIDEOS AND ANIMATIONS"}]},{"@type":"WebSite","@id":"https:\/\/sektori.net\/#website","url":"https:\/\/sektori.net\/","name":"Mainostoimisto Sektori","description":"Mainostoimisto Sektori tarjoaa monipuolisia markkinointiviestinn\u00e4n palveluja tarpeesi mukaan. Markkinoinnin ja mainonnan suunnittelu ja toteutus, graafinen suunnittelu, logot, s\u00e4hk\u00f6isen markkinointiviestinn\u00e4n toteutukset.","potentialAction":[{"@type":"SearchAction","target":{"@type":"EntryPoint","urlTemplate":"https:\/\/sektori.net\/?s={search_term_string}"},"query-input":{"@type":"PropertyValueSpecification","valueRequired":true,"valueName":"search_term_string"}}],"inLanguage":"en-US"}]}},"_links":{"self":[{"href":"https:\/\/sektori.net\/en\/wp-json\/wp\/v2\/pages\/2907","targetHints":{"allow":["GET"]}}],"collection":[{"href":"https:\/\/sektori.net\/en\/wp-json\/wp\/v2\/pages"}],"about":[{"href":"https:\/\/sektori.net\/en\/wp-json\/wp\/v2\/types\/page"}],"author":[{"embeddable":true,"href":"https:\/\/sektori.net\/en\/wp-json\/wp\/v2\/users\/2"}],"replies":[{"embeddable":true,"href":"https:\/\/sektori.net\/en\/wp-json\/wp\/v2\/comments?post=2907"}],"version-history":[{"count":1,"href":"https:\/\/sektori.net\/en\/wp-json\/wp\/v2\/pages\/2907\/revisions"}],"predecessor-version":[{"id":2908,"href":"https:\/\/sektori.net\/en\/wp-json\/wp\/v2\/pages\/2907\/revisions\/2908"}],"wp:attachment":[{"href":"https:\/\/sektori.net\/en\/wp-json\/wp\/v2\/media?parent=2907"}],"curies":[{"name":"wp","href":"https:\/\/api.w.org\/{rel}","templated":true}]}}