{"id":2893,"date":"2021-08-25T12:16:14","date_gmt":"2021-08-25T09:16:14","guid":{"rendered":"https:\/\/sektori.net\/?page_id=2893"},"modified":"2021-08-25T12:17:53","modified_gmt":"2021-08-25T09:17:53","slug":"some-marketing","status":"publish","type":"page","link":"https:\/\/sektori.net\/en\/some-marketing\/","title":{"rendered":"SOME MARKETING"},"content":{"rendered":"\n\t<section class=\"section\" id=\"section_1189606875\">\n\t\t<div class=\"section-bg fill\" >\n\t\t\t\t\t\t\t\t\t\n\t\t\t\n\n\t\t<\/div>\n\n\t\t\n\n\t\t<div class=\"section-content relative\">\n\t\t\t\n<div class=\"row\"  id=\"row-874126231\">\n\n\t<div id=\"col-1754966431\" class=\"col small-12 large-12\"  >\n\t\t\t\t<div class=\"col-inner\"  >\n\t\t\t\n\t\t\t\n<a href=\"https:\/\/sektori.net\/en\" class=\"button primary is-outline\" >\n\t\t<span>Back<\/span>\n\t<\/a>\n\n<h1 style=\"text-align: left;\">SOME MARKETING<\/h1>\n<p>Dialogue between you and your customers is nowadays familiar by different social medias. The desired brand can be built with these as can the customer knowledge be grown.<\/p>\n<ul>\n<li>Social media implementations for managing the reputation<\/li>\n<li>Social media channels that serve your needs and goals, i.e. Facebook, Youtube, Twitter, LinkedIn, etc.<\/li>\n<li>Design and implementation of the content<\/li>\n<li>Design and implementation of campaings<\/li>\n<li>Blogs as way of the know-how marketing<\/li>\n<li>Communication contents publishing to social media<\/li>\n<li>If needed we also guide and instruct the administration of the some-channels<\/li>\n<\/ul>\n\t\t<\/div>\n\t\t\t\t\t<\/div>\n\n\t\n<\/div>\n\t\t<\/div>\n\n\t\t\n<style>\n#section_1189606875 {\n  padding-top: 30px;\n  padding-bottom: 30px;\n}\n<\/style>\n\t<\/section>\n\t\n\n\n\n\n\n\n\n","protected":false},"excerpt":{"rendered":"","protected":false},"author":2,"featured_media":0,"parent":0,"menu_order":41,"comment_status":"closed","ping_status":"closed","template":"page-blank.php","meta":{"footnotes":""},"class_list":["post-2893","page","type-page","status-publish","hentry"],"yoast_head":"<!-- This site is optimized with the Yoast SEO plugin v27.5 - https:\/\/yoast.com\/product\/yoast-seo-wordpress\/ -->\n<title>SOME MARKETING - Mainostoimisto Sektori<\/title>\n<meta name=\"robots\" content=\"index, follow, max-snippet:-1, max-image-preview:large, max-video-preview:-1\" \/>\n<link rel=\"canonical\" href=\"https:\/\/sektori.net\/en\/some-marketing\/\" \/>\n<meta property=\"og:locale\" content=\"en_US\" \/>\n<meta property=\"og:type\" content=\"article\" \/>\n<meta property=\"og:title\" content=\"SOME MARKETING - Mainostoimisto Sektori\" \/>\n<meta property=\"og:url\" content=\"https:\/\/sektori.net\/en\/some-marketing\/\" \/>\n<meta property=\"og:site_name\" content=\"Mainostoimisto Sektori\" \/>\n<meta property=\"article:modified_time\" content=\"2021-08-25T09:17:53+00:00\" \/>\n<meta property=\"og:image\" content=\"https:\/\/sektori.net\/wp-content\/uploads\/2019\/08\/Sektori_Lahtiyrityspalveluseteli_06.png\" \/>\n\t<meta property=\"og:image:width\" content=\"471\" \/>\n\t<meta property=\"og:image:height\" content=\"471\" \/>\n\t<meta property=\"og:image:type\" content=\"image\/png\" \/>\n<meta name=\"twitter:card\" content=\"summary_large_image\" \/>\n<meta name=\"twitter:label1\" content=\"Est. reading time\" \/>\n\t<meta name=\"twitter:data1\" content=\"8 minutes\" \/>\n<script type=\"application\/ld+json\" class=\"yoast-schema-graph\">{\"@context\":\"https:\\\/\\\/schema.org\",\"@graph\":[{\"@type\":\"WebPage\",\"@id\":\"https:\\\/\\\/sektori.net\\\/en\\\/some-marketing\\\/\",\"url\":\"https:\\\/\\\/sektori.net\\\/en\\\/some-marketing\\\/\",\"name\":\"SOME MARKETING - Mainostoimisto Sektori\",\"isPartOf\":{\"@id\":\"https:\\\/\\\/sektori.net\\\/#website\"},\"datePublished\":\"2021-08-25T09:16:14+00:00\",\"dateModified\":\"2021-08-25T09:17:53+00:00\",\"breadcrumb\":{\"@id\":\"https:\\\/\\\/sektori.net\\\/en\\\/some-marketing\\\/#breadcrumb\"},\"inLanguage\":\"en-US\",\"potentialAction\":[{\"@type\":\"ReadAction\",\"target\":[\"https:\\\/\\\/sektori.net\\\/en\\\/some-marketing\\\/\"]}]},{\"@type\":\"BreadcrumbList\",\"@id\":\"https:\\\/\\\/sektori.net\\\/en\\\/some-marketing\\\/#breadcrumb\",\"itemListElement\":[{\"@type\":\"ListItem\",\"position\":1,\"name\":\"Home\",\"item\":\"https:\\\/\\\/sektori.net\\\/en\\\/1267-2\\\/\"},{\"@type\":\"ListItem\",\"position\":2,\"name\":\"SOME MARKETING\"}]},{\"@type\":\"WebSite\",\"@id\":\"https:\\\/\\\/sektori.net\\\/#website\",\"url\":\"https:\\\/\\\/sektori.net\\\/\",\"name\":\"Mainostoimisto Sektori\",\"description\":\"Mainostoimisto Sektori tarjoaa monipuolisia markkinointiviestinn\u00e4n palveluja tarpeesi mukaan. Markkinoinnin ja mainonnan suunnittelu ja toteutus, graafinen suunnittelu, logot, s\u00e4hk\u00f6isen markkinointiviestinn\u00e4n toteutukset.\",\"potentialAction\":[{\"@type\":\"SearchAction\",\"target\":{\"@type\":\"EntryPoint\",\"urlTemplate\":\"https:\\\/\\\/sektori.net\\\/?s={search_term_string}\"},\"query-input\":{\"@type\":\"PropertyValueSpecification\",\"valueRequired\":true,\"valueName\":\"search_term_string\"}}],\"inLanguage\":\"en-US\"}]}<\/script>\n<!-- \/ Yoast SEO plugin. -->","yoast_head_json":{"title":"SOME MARKETING - Mainostoimisto Sektori","robots":{"index":"index","follow":"follow","max-snippet":"max-snippet:-1","max-image-preview":"max-image-preview:large","max-video-preview":"max-video-preview:-1"},"canonical":"https:\/\/sektori.net\/en\/some-marketing\/","og_locale":"en_US","og_type":"article","og_title":"SOME MARKETING - Mainostoimisto Sektori","og_url":"https:\/\/sektori.net\/en\/some-marketing\/","og_site_name":"Mainostoimisto Sektori","article_modified_time":"2021-08-25T09:17:53+00:00","og_image":[{"width":471,"height":471,"url":"https:\/\/sektori.net\/wp-content\/uploads\/2019\/08\/Sektori_Lahtiyrityspalveluseteli_06.png","type":"image\/png"}],"twitter_card":"summary_large_image","twitter_misc":{"Est. reading time":"8 minutes"},"schema":{"@context":"https:\/\/schema.org","@graph":[{"@type":"WebPage","@id":"https:\/\/sektori.net\/en\/some-marketing\/","url":"https:\/\/sektori.net\/en\/some-marketing\/","name":"SOME MARKETING - Mainostoimisto Sektori","isPartOf":{"@id":"https:\/\/sektori.net\/#website"},"datePublished":"2021-08-25T09:16:14+00:00","dateModified":"2021-08-25T09:17:53+00:00","breadcrumb":{"@id":"https:\/\/sektori.net\/en\/some-marketing\/#breadcrumb"},"inLanguage":"en-US","potentialAction":[{"@type":"ReadAction","target":["https:\/\/sektori.net\/en\/some-marketing\/"]}]},{"@type":"BreadcrumbList","@id":"https:\/\/sektori.net\/en\/some-marketing\/#breadcrumb","itemListElement":[{"@type":"ListItem","position":1,"name":"Home","item":"https:\/\/sektori.net\/en\/1267-2\/"},{"@type":"ListItem","position":2,"name":"SOME MARKETING"}]},{"@type":"WebSite","@id":"https:\/\/sektori.net\/#website","url":"https:\/\/sektori.net\/","name":"Mainostoimisto Sektori","description":"Mainostoimisto Sektori tarjoaa monipuolisia markkinointiviestinn\u00e4n palveluja tarpeesi mukaan. Markkinoinnin ja mainonnan suunnittelu ja toteutus, graafinen suunnittelu, logot, s\u00e4hk\u00f6isen markkinointiviestinn\u00e4n toteutukset.","potentialAction":[{"@type":"SearchAction","target":{"@type":"EntryPoint","urlTemplate":"https:\/\/sektori.net\/?s={search_term_string}"},"query-input":{"@type":"PropertyValueSpecification","valueRequired":true,"valueName":"search_term_string"}}],"inLanguage":"en-US"}]}},"_links":{"self":[{"href":"https:\/\/sektori.net\/en\/wp-json\/wp\/v2\/pages\/2893","targetHints":{"allow":["GET"]}}],"collection":[{"href":"https:\/\/sektori.net\/en\/wp-json\/wp\/v2\/pages"}],"about":[{"href":"https:\/\/sektori.net\/en\/wp-json\/wp\/v2\/types\/page"}],"author":[{"embeddable":true,"href":"https:\/\/sektori.net\/en\/wp-json\/wp\/v2\/users\/2"}],"replies":[{"embeddable":true,"href":"https:\/\/sektori.net\/en\/wp-json\/wp\/v2\/comments?post=2893"}],"version-history":[{"count":3,"href":"https:\/\/sektori.net\/en\/wp-json\/wp\/v2\/pages\/2893\/revisions"}],"predecessor-version":[{"id":2897,"href":"https:\/\/sektori.net\/en\/wp-json\/wp\/v2\/pages\/2893\/revisions\/2897"}],"wp:attachment":[{"href":"https:\/\/sektori.net\/en\/wp-json\/wp\/v2\/media?parent=2893"}],"curies":[{"name":"wp","href":"https:\/\/api.w.org\/{rel}","templated":true}]}}