{"id":2874,"date":"2021-08-25T12:03:32","date_gmt":"2021-08-25T09:03:32","guid":{"rendered":"https:\/\/sektori.net\/?page_id=2874"},"modified":"2021-08-25T12:07:07","modified_gmt":"2021-08-25T09:07:07","slug":"print-products","status":"publish","type":"page","link":"https:\/\/sektori.net\/en\/print-products\/","title":{"rendered":"PRINT PRODUCTS"},"content":{"rendered":"<a href=\"https:\/\/sektori.net\/en\" class=\"button primary is-outline\" >\n\t\t<span>Back<\/span>\n\t<\/a>\n\n<h1 style=\"text-align: left;\">PRINT PRODUCTS<\/h1>\n<p>We also produce traditional marketing communications materials for diverse purposes.<\/p>\n<ul>\n<li>Content and visual design<\/li>\n<li>Purchaser guides, customer magazines, company brochures, product catalogs, brand brochures, annual reports, histories, catalogs, staff magazines etc.<\/li>\n<li>Press advertisements<\/li>\n<li>Posters and roll-ups<\/li>\n<li>Direct marketing<\/li>\n<\/ul>\n","protected":false},"excerpt":{"rendered":"<p>PRINT PRODUCTS We also produce traditional marketing communications materials for diverse purposes. Content and visual design Purchaser guides, customer magazines, company brochures, product catalogs, brand brochures, annual reports, histories, catalogs, staff magazines etc. Press advertisements Posters and roll-ups Direct marketing<\/p>\n","protected":false},"author":2,"featured_media":0,"parent":0,"menu_order":30,"comment_status":"closed","ping_status":"closed","template":"","meta":{"footnotes":""},"class_list":["post-2874","page","type-page","status-publish","hentry"],"yoast_head":"<!-- This site is optimized with the Yoast SEO plugin v27.5 - https:\/\/yoast.com\/product\/yoast-seo-wordpress\/ -->\n<title>PRINT PRODUCTS - Mainostoimisto Sektori<\/title>\n<meta name=\"robots\" content=\"index, follow, max-snippet:-1, max-image-preview:large, max-video-preview:-1\" \/>\n<link rel=\"canonical\" href=\"https:\/\/sektori.net\/en\/print-products\/\" \/>\n<meta property=\"og:locale\" content=\"en_US\" \/>\n<meta property=\"og:type\" content=\"article\" \/>\n<meta property=\"og:title\" content=\"PRINT PRODUCTS - Mainostoimisto Sektori\" \/>\n<meta property=\"og:description\" content=\"PRINT PRODUCTS We also produce traditional marketing communications materials for diverse purposes. Content and visual design Purchaser guides, customer magazines, company brochures, product catalogs, brand brochures, annual reports, histories, catalogs, staff magazines etc. Press advertisements Posters and roll-ups Direct marketing\" \/>\n<meta property=\"og:url\" content=\"https:\/\/sektori.net\/en\/print-products\/\" \/>\n<meta property=\"og:site_name\" content=\"Mainostoimisto Sektori\" \/>\n<meta property=\"article:modified_time\" content=\"2021-08-25T09:07:07+00:00\" \/>\n<meta property=\"og:image\" content=\"https:\/\/sektori.net\/wp-content\/uploads\/2019\/08\/Sektori_Lahtiyrityspalveluseteli_06.png\" \/>\n\t<meta property=\"og:image:width\" content=\"471\" \/>\n\t<meta property=\"og:image:height\" content=\"471\" \/>\n\t<meta property=\"og:image:type\" content=\"image\/png\" \/>\n<meta name=\"twitter:card\" content=\"summary_large_image\" \/>\n<script type=\"application\/ld+json\" class=\"yoast-schema-graph\">{\"@context\":\"https:\\\/\\\/schema.org\",\"@graph\":[{\"@type\":\"WebPage\",\"@id\":\"https:\\\/\\\/sektori.net\\\/en\\\/print-products\\\/\",\"url\":\"https:\\\/\\\/sektori.net\\\/en\\\/print-products\\\/\",\"name\":\"PRINT PRODUCTS - Mainostoimisto Sektori\",\"isPartOf\":{\"@id\":\"https:\\\/\\\/sektori.net\\\/#website\"},\"datePublished\":\"2021-08-25T09:03:32+00:00\",\"dateModified\":\"2021-08-25T09:07:07+00:00\",\"breadcrumb\":{\"@id\":\"https:\\\/\\\/sektori.net\\\/en\\\/print-products\\\/#breadcrumb\"},\"inLanguage\":\"en-US\",\"potentialAction\":[{\"@type\":\"ReadAction\",\"target\":[\"https:\\\/\\\/sektori.net\\\/en\\\/print-products\\\/\"]}]},{\"@type\":\"BreadcrumbList\",\"@id\":\"https:\\\/\\\/sektori.net\\\/en\\\/print-products\\\/#breadcrumb\",\"itemListElement\":[{\"@type\":\"ListItem\",\"position\":1,\"name\":\"Home\",\"item\":\"https:\\\/\\\/sektori.net\\\/en\\\/1267-2\\\/\"},{\"@type\":\"ListItem\",\"position\":2,\"name\":\"PRINT PRODUCTS\"}]},{\"@type\":\"WebSite\",\"@id\":\"https:\\\/\\\/sektori.net\\\/#website\",\"url\":\"https:\\\/\\\/sektori.net\\\/\",\"name\":\"Mainostoimisto Sektori\",\"description\":\"Mainostoimisto Sektori tarjoaa monipuolisia markkinointiviestinn\u00e4n palveluja tarpeesi mukaan. Markkinoinnin ja mainonnan suunnittelu ja toteutus, graafinen suunnittelu, logot, s\u00e4hk\u00f6isen markkinointiviestinn\u00e4n toteutukset.\",\"potentialAction\":[{\"@type\":\"SearchAction\",\"target\":{\"@type\":\"EntryPoint\",\"urlTemplate\":\"https:\\\/\\\/sektori.net\\\/?s={search_term_string}\"},\"query-input\":{\"@type\":\"PropertyValueSpecification\",\"valueRequired\":true,\"valueName\":\"search_term_string\"}}],\"inLanguage\":\"en-US\"}]}<\/script>\n<!-- \/ Yoast SEO plugin. -->","yoast_head_json":{"title":"PRINT PRODUCTS - Mainostoimisto Sektori","robots":{"index":"index","follow":"follow","max-snippet":"max-snippet:-1","max-image-preview":"max-image-preview:large","max-video-preview":"max-video-preview:-1"},"canonical":"https:\/\/sektori.net\/en\/print-products\/","og_locale":"en_US","og_type":"article","og_title":"PRINT PRODUCTS - Mainostoimisto Sektori","og_description":"PRINT PRODUCTS We also produce traditional marketing communications materials for diverse purposes. Content and visual design Purchaser guides, customer magazines, company brochures, product catalogs, brand brochures, annual reports, histories, catalogs, staff magazines etc. Press advertisements Posters and roll-ups Direct marketing","og_url":"https:\/\/sektori.net\/en\/print-products\/","og_site_name":"Mainostoimisto Sektori","article_modified_time":"2021-08-25T09:07:07+00:00","og_image":[{"width":471,"height":471,"url":"https:\/\/sektori.net\/wp-content\/uploads\/2019\/08\/Sektori_Lahtiyrityspalveluseteli_06.png","type":"image\/png"}],"twitter_card":"summary_large_image","schema":{"@context":"https:\/\/schema.org","@graph":[{"@type":"WebPage","@id":"https:\/\/sektori.net\/en\/print-products\/","url":"https:\/\/sektori.net\/en\/print-products\/","name":"PRINT PRODUCTS - Mainostoimisto Sektori","isPartOf":{"@id":"https:\/\/sektori.net\/#website"},"datePublished":"2021-08-25T09:03:32+00:00","dateModified":"2021-08-25T09:07:07+00:00","breadcrumb":{"@id":"https:\/\/sektori.net\/en\/print-products\/#breadcrumb"},"inLanguage":"en-US","potentialAction":[{"@type":"ReadAction","target":["https:\/\/sektori.net\/en\/print-products\/"]}]},{"@type":"BreadcrumbList","@id":"https:\/\/sektori.net\/en\/print-products\/#breadcrumb","itemListElement":[{"@type":"ListItem","position":1,"name":"Home","item":"https:\/\/sektori.net\/en\/1267-2\/"},{"@type":"ListItem","position":2,"name":"PRINT PRODUCTS"}]},{"@type":"WebSite","@id":"https:\/\/sektori.net\/#website","url":"https:\/\/sektori.net\/","name":"Mainostoimisto Sektori","description":"Mainostoimisto Sektori tarjoaa monipuolisia markkinointiviestinn\u00e4n palveluja tarpeesi mukaan. Markkinoinnin ja mainonnan suunnittelu ja toteutus, graafinen suunnittelu, logot, s\u00e4hk\u00f6isen markkinointiviestinn\u00e4n toteutukset.","potentialAction":[{"@type":"SearchAction","target":{"@type":"EntryPoint","urlTemplate":"https:\/\/sektori.net\/?s={search_term_string}"},"query-input":{"@type":"PropertyValueSpecification","valueRequired":true,"valueName":"search_term_string"}}],"inLanguage":"en-US"}]}},"_links":{"self":[{"href":"https:\/\/sektori.net\/en\/wp-json\/wp\/v2\/pages\/2874","targetHints":{"allow":["GET"]}}],"collection":[{"href":"https:\/\/sektori.net\/en\/wp-json\/wp\/v2\/pages"}],"about":[{"href":"https:\/\/sektori.net\/en\/wp-json\/wp\/v2\/types\/page"}],"author":[{"embeddable":true,"href":"https:\/\/sektori.net\/en\/wp-json\/wp\/v2\/users\/2"}],"replies":[{"embeddable":true,"href":"https:\/\/sektori.net\/en\/wp-json\/wp\/v2\/comments?post=2874"}],"version-history":[{"count":2,"href":"https:\/\/sektori.net\/en\/wp-json\/wp\/v2\/pages\/2874\/revisions"}],"predecessor-version":[{"id":2876,"href":"https:\/\/sektori.net\/en\/wp-json\/wp\/v2\/pages\/2874\/revisions\/2876"}],"wp:attachment":[{"href":"https:\/\/sektori.net\/en\/wp-json\/wp\/v2\/media?parent=2874"}],"curies":[{"name":"wp","href":"https:\/\/api.w.org\/{rel}","templated":true}]}}