{"id":2825,"date":"2021-08-25T10:52:47","date_gmt":"2021-08-25T07:52:47","guid":{"rendered":"https:\/\/sektori.net\/?page_id=2825"},"modified":"2021-08-25T11:40:41","modified_gmt":"2021-08-25T08:40:41","slug":"marketing-communications-concepts","status":"publish","type":"page","link":"https:\/\/sektori.net\/en\/marketing-communications-concepts\/","title":{"rendered":"MARKETING COMMUNICATIONS CONCEPTS"},"content":{"rendered":"<a href=\"https:\/\/sektori.net\/en\" class=\"button primary is-outline\" >\n\t\t<span>Back<\/span>\n\t<\/a>\n\n<h1 style=\"text-align: left;\">MARKETING COMMUNICATIONS CONCEPTS<\/h1>\n<p>Goal-oriented marketing creates concepts that develop both, businesses and brands. Practical and tactical plans offer tools for everyday business communication.<\/p>\n<ul>\n<li>Developing your business with marketing communication<\/li>\n<li>Developing your company\u2019s services<\/li>\n<li>Product branding<\/li>\n<li>Marketing and communication plans<\/li>\n<li>Campaign plans<\/li>\n<li>Yearly and monthly plans for marketing<\/li>\n<li>Other operations aimed to grow sales and brand value<\/li>\n<li>Conceptualisations of marketing, communication, content and visuality<\/li>\n<\/ul>\n","protected":false},"excerpt":{"rendered":"<p>MARKETING COMMUNICATIONS CONCEPTS Goal-oriented marketing creates concepts that develop both, businesses and brands. Practical and tactical plans offer tools for everyday business communication. Developing your business with marketing communication Developing your company\u2019s services Product branding Marketing and communication plans Campaign plans Yearly and monthly plans for marketing Other operations aimed to grow sales and brand [&#8230;]\n","protected":false},"author":2,"featured_media":0,"parent":0,"menu_order":16,"comment_status":"closed","ping_status":"closed","template":"","meta":{"footnotes":""},"class_list":["post-2825","page","type-page","status-publish","hentry"],"yoast_head":"<!-- This site is optimized with the Yoast SEO plugin v27.5 - https:\/\/yoast.com\/product\/yoast-seo-wordpress\/ -->\n<title>MARKETING COMMUNICATIONS CONCEPTS - Mainostoimisto Sektori<\/title>\n<meta name=\"robots\" content=\"index, follow, max-snippet:-1, max-image-preview:large, max-video-preview:-1\" \/>\n<link rel=\"canonical\" href=\"https:\/\/sektori.net\/en\/marketing-communications-concepts\/\" \/>\n<meta property=\"og:locale\" content=\"en_US\" \/>\n<meta property=\"og:type\" content=\"article\" \/>\n<meta property=\"og:title\" content=\"MARKETING COMMUNICATIONS CONCEPTS - Mainostoimisto Sektori\" \/>\n<meta property=\"og:description\" content=\"MARKETING COMMUNICATIONS CONCEPTS Goal-oriented marketing creates concepts that develop both, businesses and brands. Practical and tactical plans offer tools for everyday business communication. Developing your business with marketing communication Developing your company\u2019s services Product branding Marketing and communication plans Campaign plans Yearly and monthly plans for marketing Other operations aimed to grow sales and brand [...]\" \/>\n<meta property=\"og:url\" content=\"https:\/\/sektori.net\/en\/marketing-communications-concepts\/\" \/>\n<meta property=\"og:site_name\" content=\"Mainostoimisto Sektori\" \/>\n<meta property=\"article:modified_time\" content=\"2021-08-25T08:40:41+00:00\" \/>\n<meta property=\"og:image\" content=\"https:\/\/sektori.net\/wp-content\/uploads\/2019\/08\/Sektori_Lahtiyrityspalveluseteli_06.png\" \/>\n\t<meta property=\"og:image:width\" content=\"471\" \/>\n\t<meta property=\"og:image:height\" content=\"471\" \/>\n\t<meta property=\"og:image:type\" content=\"image\/png\" \/>\n<meta name=\"twitter:card\" content=\"summary_large_image\" \/>\n<script type=\"application\/ld+json\" class=\"yoast-schema-graph\">{\"@context\":\"https:\\\/\\\/schema.org\",\"@graph\":[{\"@type\":\"WebPage\",\"@id\":\"https:\\\/\\\/sektori.net\\\/en\\\/marketing-communications-concepts\\\/\",\"url\":\"https:\\\/\\\/sektori.net\\\/en\\\/marketing-communications-concepts\\\/\",\"name\":\"MARKETING COMMUNICATIONS CONCEPTS - Mainostoimisto Sektori\",\"isPartOf\":{\"@id\":\"https:\\\/\\\/sektori.net\\\/#website\"},\"datePublished\":\"2021-08-25T07:52:47+00:00\",\"dateModified\":\"2021-08-25T08:40:41+00:00\",\"breadcrumb\":{\"@id\":\"https:\\\/\\\/sektori.net\\\/en\\\/marketing-communications-concepts\\\/#breadcrumb\"},\"inLanguage\":\"en-US\",\"potentialAction\":[{\"@type\":\"ReadAction\",\"target\":[\"https:\\\/\\\/sektori.net\\\/en\\\/marketing-communications-concepts\\\/\"]}]},{\"@type\":\"BreadcrumbList\",\"@id\":\"https:\\\/\\\/sektori.net\\\/en\\\/marketing-communications-concepts\\\/#breadcrumb\",\"itemListElement\":[{\"@type\":\"ListItem\",\"position\":1,\"name\":\"Home\",\"item\":\"https:\\\/\\\/sektori.net\\\/en\\\/1267-2\\\/\"},{\"@type\":\"ListItem\",\"position\":2,\"name\":\"MARKETING COMMUNICATIONS CONCEPTS\"}]},{\"@type\":\"WebSite\",\"@id\":\"https:\\\/\\\/sektori.net\\\/#website\",\"url\":\"https:\\\/\\\/sektori.net\\\/\",\"name\":\"Mainostoimisto Sektori\",\"description\":\"Mainostoimisto Sektori tarjoaa monipuolisia markkinointiviestinn\u00e4n palveluja tarpeesi mukaan. Markkinoinnin ja mainonnan suunnittelu ja toteutus, graafinen suunnittelu, logot, s\u00e4hk\u00f6isen markkinointiviestinn\u00e4n toteutukset.\",\"potentialAction\":[{\"@type\":\"SearchAction\",\"target\":{\"@type\":\"EntryPoint\",\"urlTemplate\":\"https:\\\/\\\/sektori.net\\\/?s={search_term_string}\"},\"query-input\":{\"@type\":\"PropertyValueSpecification\",\"valueRequired\":true,\"valueName\":\"search_term_string\"}}],\"inLanguage\":\"en-US\"}]}<\/script>\n<!-- \/ Yoast SEO plugin. -->","yoast_head_json":{"title":"MARKETING COMMUNICATIONS CONCEPTS - Mainostoimisto Sektori","robots":{"index":"index","follow":"follow","max-snippet":"max-snippet:-1","max-image-preview":"max-image-preview:large","max-video-preview":"max-video-preview:-1"},"canonical":"https:\/\/sektori.net\/en\/marketing-communications-concepts\/","og_locale":"en_US","og_type":"article","og_title":"MARKETING COMMUNICATIONS CONCEPTS - Mainostoimisto Sektori","og_description":"MARKETING COMMUNICATIONS CONCEPTS Goal-oriented marketing creates concepts that develop both, businesses and brands. Practical and tactical plans offer tools for everyday business communication. Developing your business with marketing communication Developing your company\u2019s services Product branding Marketing and communication plans Campaign plans Yearly and monthly plans for marketing Other operations aimed to grow sales and brand [...]","og_url":"https:\/\/sektori.net\/en\/marketing-communications-concepts\/","og_site_name":"Mainostoimisto Sektori","article_modified_time":"2021-08-25T08:40:41+00:00","og_image":[{"width":471,"height":471,"url":"https:\/\/sektori.net\/wp-content\/uploads\/2019\/08\/Sektori_Lahtiyrityspalveluseteli_06.png","type":"image\/png"}],"twitter_card":"summary_large_image","schema":{"@context":"https:\/\/schema.org","@graph":[{"@type":"WebPage","@id":"https:\/\/sektori.net\/en\/marketing-communications-concepts\/","url":"https:\/\/sektori.net\/en\/marketing-communications-concepts\/","name":"MARKETING COMMUNICATIONS CONCEPTS - Mainostoimisto Sektori","isPartOf":{"@id":"https:\/\/sektori.net\/#website"},"datePublished":"2021-08-25T07:52:47+00:00","dateModified":"2021-08-25T08:40:41+00:00","breadcrumb":{"@id":"https:\/\/sektori.net\/en\/marketing-communications-concepts\/#breadcrumb"},"inLanguage":"en-US","potentialAction":[{"@type":"ReadAction","target":["https:\/\/sektori.net\/en\/marketing-communications-concepts\/"]}]},{"@type":"BreadcrumbList","@id":"https:\/\/sektori.net\/en\/marketing-communications-concepts\/#breadcrumb","itemListElement":[{"@type":"ListItem","position":1,"name":"Home","item":"https:\/\/sektori.net\/en\/1267-2\/"},{"@type":"ListItem","position":2,"name":"MARKETING COMMUNICATIONS CONCEPTS"}]},{"@type":"WebSite","@id":"https:\/\/sektori.net\/#website","url":"https:\/\/sektori.net\/","name":"Mainostoimisto Sektori","description":"Mainostoimisto Sektori tarjoaa monipuolisia markkinointiviestinn\u00e4n palveluja tarpeesi mukaan. Markkinoinnin ja mainonnan suunnittelu ja toteutus, graafinen suunnittelu, logot, s\u00e4hk\u00f6isen markkinointiviestinn\u00e4n toteutukset.","potentialAction":[{"@type":"SearchAction","target":{"@type":"EntryPoint","urlTemplate":"https:\/\/sektori.net\/?s={search_term_string}"},"query-input":{"@type":"PropertyValueSpecification","valueRequired":true,"valueName":"search_term_string"}}],"inLanguage":"en-US"}]}},"_links":{"self":[{"href":"https:\/\/sektori.net\/en\/wp-json\/wp\/v2\/pages\/2825","targetHints":{"allow":["GET"]}}],"collection":[{"href":"https:\/\/sektori.net\/en\/wp-json\/wp\/v2\/pages"}],"about":[{"href":"https:\/\/sektori.net\/en\/wp-json\/wp\/v2\/types\/page"}],"author":[{"embeddable":true,"href":"https:\/\/sektori.net\/en\/wp-json\/wp\/v2\/users\/2"}],"replies":[{"embeddable":true,"href":"https:\/\/sektori.net\/en\/wp-json\/wp\/v2\/comments?post=2825"}],"version-history":[{"count":4,"href":"https:\/\/sektori.net\/en\/wp-json\/wp\/v2\/pages\/2825\/revisions"}],"predecessor-version":[{"id":2836,"href":"https:\/\/sektori.net\/en\/wp-json\/wp\/v2\/pages\/2825\/revisions\/2836"}],"wp:attachment":[{"href":"https:\/\/sektori.net\/en\/wp-json\/wp\/v2\/media?parent=2825"}],"curies":[{"name":"wp","href":"https:\/\/api.w.org\/{rel}","templated":true}]}}