{"id":1312,"date":"2018-07-30T11:14:35","date_gmt":"2018-07-30T11:14:35","guid":{"rendered":"https:\/\/sektori.net\/?page_id=1312"},"modified":"2018-07-30T12:24:43","modified_gmt":"2018-07-30T12:24:43","slug":"why-us","status":"publish","type":"page","link":"https:\/\/sektori.net\/en\/why-us\/","title":{"rendered":"Why us"},"content":{"rendered":"\n\t<section class=\"section\" id=\"section_446941525\">\n\t\t<div class=\"section-bg fill\" >\n\t\t\t\t\t\t\t\t\t\n\t\t\t\n\n\t\t<\/div>\n\n\t\t\n\n\t\t<div class=\"section-content relative\">\n\t\t\t\n<div class=\"slider-wrapper relative\" id=\"slider-438290338\" >\n    <div class=\"slider slider-nav-circle slider-nav-large slider-nav-light slider-nav-outside slider-style-normal slider-show-nav\"\n        data-flickity-options='{\n            \"cellAlign\": \"center\",\n            \"imagesLoaded\": true,\n            \"lazyLoad\": 1,\n            \"freeScroll\": false,\n            \"wrapAround\": true,\n            \"autoPlay\": 6000,\n            \"pauseAutoPlayOnHover\" : true,\n            \"prevNextButtons\": true,\n            \"contain\" : true,\n            \"adaptiveHeight\" : true,\n            \"dragThreshold\" : 10,\n            \"percentPosition\": true,\n            \"pageDots\": true,\n            \"rightToLeft\": false,\n            \"draggable\": true,\n            \"selectedAttraction\": 0.1,\n            \"parallax\" : 0,\n            \"friction\": 0.6        }'\n        >\n        \n<div class=\"row\"  id=\"row-1925720696\">\n\n\t<div id=\"col-1213761545\" class=\"col small-12 large-12\"  >\n\t\t\t\t<div class=\"col-inner\"  >\n\t\t\t\n\t\t\t\n<h1>We master marketing communications aimed for decision makers of different industries<\/h1>\n\t<div class=\"img has-hover x md-x lg-x y md-y lg-y\" id=\"image_646848324\">\n\t\t\t\t\t\t\t\t<div class=\"img-inner dark\" >\n\t\t\t<img loading=\"lazy\" decoding=\"async\" width=\"729\" height=\"486\" src=\"https:\/\/sektori.net\/wp-content\/uploads\/2017\/04\/sektori-miksime-01.jpg\" class=\"attachment-large size-large\" alt=\"\" srcset=\"https:\/\/sektori.net\/wp-content\/uploads\/2017\/04\/sektori-miksime-01.jpg 729w, https:\/\/sektori.net\/wp-content\/uploads\/2017\/04\/sektori-miksime-01-300x200.jpg 300w\" sizes=\"auto, (max-width: 729px) 100vw, 729px\" \/>\t\t\t\t\t\t\n\t\t\t\t\t<\/div>\n\t\t\t\t\t\t\t\t\n<style>\n#image_646848324 {\n  width: 100%;\n}\n<\/style>\n\t<\/div>\n\t\n\t\t<\/div>\n\t\t\t\t\t<\/div>\n\n\t\n<\/div>\n<div class=\"row\"  id=\"row-1466112035\">\n\n\t<div id=\"col-334615504\" class=\"col small-12 large-12\"  >\n\t\t\t\t<div class=\"col-inner\"  >\n\t\t\t\n\t\t\t\n<h1>Decades of experience in communications for social and healthcare<\/h1>\n\t<div class=\"img has-hover x md-x lg-x y md-y lg-y\" id=\"image_44957521\">\n\t\t\t\t\t\t\t\t<div class=\"img-inner dark\" >\n\t\t\t<img loading=\"lazy\" decoding=\"async\" width=\"729\" height=\"486\" src=\"https:\/\/sektori.net\/wp-content\/uploads\/2017\/04\/sektori-miksime-02.jpg\" class=\"attachment-large size-large\" alt=\"\" srcset=\"https:\/\/sektori.net\/wp-content\/uploads\/2017\/04\/sektori-miksime-02.jpg 729w, https:\/\/sektori.net\/wp-content\/uploads\/2017\/04\/sektori-miksime-02-300x200.jpg 300w\" sizes=\"auto, (max-width: 729px) 100vw, 729px\" \/>\t\t\t\t\t\t\n\t\t\t\t\t<\/div>\n\t\t\t\t\t\t\t\t\n<style>\n#image_44957521 {\n  width: 100%;\n}\n<\/style>\n\t<\/div>\n\t\n\t\t<\/div>\n\t\t\t\t\t<\/div>\n\n\t\n<\/div>\n<div class=\"row\"  id=\"row-2125468990\">\n\n\t<div id=\"col-1036529709\" class=\"col small-12 large-12\"  >\n\t\t\t\t<div class=\"col-inner\"  >\n\t\t\t\n\t\t\t\n<h1>Marketing and communication solutions for building industry \u2013 with the experience of thousands of houses<\/h1>\n\t<div class=\"img has-hover x md-x lg-x y md-y lg-y\" id=\"image_1969269356\">\n\t\t\t\t\t\t\t\t<div class=\"img-inner dark\" >\n\t\t\t<img loading=\"lazy\" decoding=\"async\" width=\"729\" height=\"486\" src=\"https:\/\/sektori.net\/wp-content\/uploads\/2017\/04\/sektori-miksime-03.jpg\" class=\"attachment-large size-large\" alt=\"\" srcset=\"https:\/\/sektori.net\/wp-content\/uploads\/2017\/04\/sektori-miksime-03.jpg 729w, https:\/\/sektori.net\/wp-content\/uploads\/2017\/04\/sektori-miksime-03-300x200.jpg 300w\" sizes=\"auto, (max-width: 729px) 100vw, 729px\" \/>\t\t\t\t\t\t\n\t\t\t\t\t<\/div>\n\t\t\t\t\t\t\t\t\n<style>\n#image_1969269356 {\n  width: 100%;\n}\n<\/style>\n\t<\/div>\n\t\n\t\t<\/div>\n\t\t\t\t\t<\/div>\n\n\t\n<\/div>\n<div class=\"row\"  id=\"row-328764441\">\n\n\t<div id=\"col-851705226\" class=\"col small-12 large-12\"  >\n\t\t\t\t<div class=\"col-inner\"  >\n\t\t\t\n\t\t\t\n<h1>The right kind of content \u2013 the A to Z of marketing communications<\/h1>\n\t<div class=\"img has-hover x md-x lg-x y md-y lg-y\" id=\"image_799435762\">\n\t\t\t\t\t\t\t\t<div class=\"img-inner dark\" >\n\t\t\t<img loading=\"lazy\" decoding=\"async\" width=\"729\" height=\"486\" src=\"https:\/\/sektori.net\/wp-content\/uploads\/2017\/04\/sektori-miksime-04.jpg\" class=\"attachment-large size-large\" alt=\"\" srcset=\"https:\/\/sektori.net\/wp-content\/uploads\/2017\/04\/sektori-miksime-04.jpg 729w, https:\/\/sektori.net\/wp-content\/uploads\/2017\/04\/sektori-miksime-04-300x200.jpg 300w\" sizes=\"auto, (max-width: 729px) 100vw, 729px\" \/>\t\t\t\t\t\t\n\t\t\t\t\t<\/div>\n\t\t\t\t\t\t\t\t\n<style>\n#image_799435762 {\n  width: 100%;\n}\n<\/style>\n\t<\/div>\n\t\n\t\t<\/div>\n\t\t\t\t\t<\/div>\n\n\t\n<\/div>\n<div class=\"row\"  id=\"row-2122089227\">\n\n\t<div id=\"col-856221138\" class=\"col small-12 large-12\"  >\n\t\t\t\t<div class=\"col-inner\"  >\n\t\t\t\n\t\t\t\n<h1>Ideas to pictures \u2013 3D renderings, visualizations and animations with professional know-how<\/h1>\n\t<div class=\"img has-hover x md-x lg-x y md-y lg-y\" id=\"image_1047606083\">\n\t\t\t\t\t\t\t\t<div class=\"img-inner dark\" >\n\t\t\t<img loading=\"lazy\" decoding=\"async\" width=\"729\" height=\"486\" src=\"https:\/\/sektori.net\/wp-content\/uploads\/2017\/04\/sektori-miksime-05.jpg\" class=\"attachment-large size-large\" alt=\"\" srcset=\"https:\/\/sektori.net\/wp-content\/uploads\/2017\/04\/sektori-miksime-05.jpg 729w, https:\/\/sektori.net\/wp-content\/uploads\/2017\/04\/sektori-miksime-05-300x200.jpg 300w\" sizes=\"auto, (max-width: 729px) 100vw, 729px\" \/>\t\t\t\t\t\t\n\t\t\t\t\t<\/div>\n\t\t\t\t\t\t\t\t\n<style>\n#image_1047606083 {\n  width: 100%;\n}\n<\/style>\n\t<\/div>\n\t\n\t\t<\/div>\n\t\t\t\t\t<\/div>\n\n\t\n<\/div>\n<div class=\"row\"  id=\"row-953510290\">\n\n\t<div id=\"col-1180295054\" class=\"col small-12 large-12\"  >\n\t\t\t\t<div class=\"col-inner\"  >\n\t\t\t\n\t\t\t\n<h1>We make sure your marketing communication is customer-oriented<\/h1>\n\t<div class=\"img has-hover x md-x lg-x y md-y lg-y\" id=\"image_384626701\">\n\t\t\t\t\t\t\t\t<div class=\"img-inner dark\" >\n\t\t\t<img loading=\"lazy\" decoding=\"async\" width=\"729\" height=\"486\" src=\"https:\/\/sektori.net\/wp-content\/uploads\/2017\/04\/sektori-miksime-06.jpg\" class=\"attachment-large size-large\" alt=\"\" srcset=\"https:\/\/sektori.net\/wp-content\/uploads\/2017\/04\/sektori-miksime-06.jpg 729w, https:\/\/sektori.net\/wp-content\/uploads\/2017\/04\/sektori-miksime-06-300x200.jpg 300w\" sizes=\"auto, (max-width: 729px) 100vw, 729px\" \/>\t\t\t\t\t\t\n\t\t\t\t\t<\/div>\n\t\t\t\t\t\t\t\t\n<style>\n#image_384626701 {\n  width: 100%;\n}\n<\/style>\n\t<\/div>\n\t\n\t\t<\/div>\n\t\t\t\t\t<\/div>\n\n\t\n<\/div>\n<div class=\"row\"  id=\"row-622548064\">\n\n\t<div id=\"col-275432501\" class=\"col small-12 large-12\"  >\n\t\t\t\t<div class=\"col-inner\"  >\n\t\t\t\n\t\t\t\n<h1>Right kind of content creates most effective visuals<\/h1>\n\t<div class=\"img has-hover x md-x lg-x y md-y lg-y\" id=\"image_905148340\">\n\t\t\t\t\t\t\t\t<div class=\"img-inner dark\" >\n\t\t\t<img loading=\"lazy\" decoding=\"async\" width=\"729\" height=\"486\" src=\"https:\/\/sektori.net\/wp-content\/uploads\/2017\/04\/sektori-miksime-07.jpg\" class=\"attachment-large size-large\" alt=\"\" srcset=\"https:\/\/sektori.net\/wp-content\/uploads\/2017\/04\/sektori-miksime-07.jpg 729w, https:\/\/sektori.net\/wp-content\/uploads\/2017\/04\/sektori-miksime-07-300x200.jpg 300w\" sizes=\"auto, (max-width: 729px) 100vw, 729px\" \/>\t\t\t\t\t\t\n\t\t\t\t\t<\/div>\n\t\t\t\t\t\t\t\t\n<style>\n#image_905148340 {\n  width: 100%;\n}\n<\/style>\n\t<\/div>\n\t\n\t\t<\/div>\n\t\t\t\t\t<\/div>\n\n\t\n<\/div>\n<div class=\"row\"  id=\"row-1142349858\">\n\n\t<div id=\"col-50606912\" class=\"col small-12 large-12\"  >\n\t\t\t\t<div class=\"col-inner\"  >\n\t\t\t\n\t\t\t\n<h1>Videos grow your sales cost-effectively<\/h1>\n\t<div class=\"img has-hover x md-x lg-x y md-y lg-y\" id=\"image_1523341982\">\n\t\t\t\t\t\t\t\t<div class=\"img-inner dark\" >\n\t\t\t<img loading=\"lazy\" decoding=\"async\" width=\"729\" height=\"486\" src=\"https:\/\/sektori.net\/wp-content\/uploads\/2017\/04\/sektori-miksime-08.jpg\" class=\"attachment-large size-large\" alt=\"\" srcset=\"https:\/\/sektori.net\/wp-content\/uploads\/2017\/04\/sektori-miksime-08.jpg 729w, https:\/\/sektori.net\/wp-content\/uploads\/2017\/04\/sektori-miksime-08-300x200.jpg 300w\" sizes=\"auto, (max-width: 729px) 100vw, 729px\" \/>\t\t\t\t\t\t\n\t\t\t\t\t<\/div>\n\t\t\t\t\t\t\t\t\n<style>\n#image_1523341982 {\n  width: 100%;\n}\n<\/style>\n\t<\/div>\n\t\n\t\t<\/div>\n\t\t\t\t\t<\/div>\n\n\t\n<\/div>\n<div class=\"row\"  id=\"row-369751320\">\n\n\t<div id=\"col-2113250370\" class=\"col small-12 large-12\"  >\n\t\t\t\t<div class=\"col-inner\"  >\n\t\t\t\n\t\t\t\n<h1>Tailored communication services for fairs and events &#8211; from booth plans to digital invitations<\/h1>\n\t<div class=\"img has-hover x md-x lg-x y md-y lg-y\" id=\"image_279740528\">\n\t\t\t\t\t\t\t\t<div class=\"img-inner dark\" >\n\t\t\t<img loading=\"lazy\" decoding=\"async\" width=\"729\" height=\"486\" src=\"https:\/\/sektori.net\/wp-content\/uploads\/2017\/04\/sektori-miksime-09.jpg\" class=\"attachment-large size-large\" alt=\"\" srcset=\"https:\/\/sektori.net\/wp-content\/uploads\/2017\/04\/sektori-miksime-09.jpg 729w, https:\/\/sektori.net\/wp-content\/uploads\/2017\/04\/sektori-miksime-09-300x200.jpg 300w\" sizes=\"auto, (max-width: 729px) 100vw, 729px\" \/>\t\t\t\t\t\t\n\t\t\t\t\t<\/div>\n\t\t\t\t\t\t\t\t\n<style>\n#image_279740528 {\n  width: 100%;\n}\n<\/style>\n\t<\/div>\n\t\n\t\t<\/div>\n\t\t\t\t\t<\/div>\n\n\t\n<\/div>\n<div class=\"row\"  id=\"row-992131056\">\n\n\t<div id=\"col-876339546\" class=\"col small-12 large-12\"  >\n\t\t\t\t<div class=\"col-inner\"  >\n\t\t\t\n\t\t\t\n<h1>Meaningful social media strategies \u2013 be where your customers are<\/h1>\n\t<div class=\"img has-hover x md-x lg-x y md-y lg-y\" id=\"image_1411323014\">\n\t\t\t\t\t\t\t\t<div class=\"img-inner dark\" >\n\t\t\t<img loading=\"lazy\" decoding=\"async\" width=\"729\" height=\"486\" src=\"https:\/\/sektori.net\/wp-content\/uploads\/2017\/04\/sektori-miksime-10.jpg\" class=\"attachment-large size-large\" alt=\"\" srcset=\"https:\/\/sektori.net\/wp-content\/uploads\/2017\/04\/sektori-miksime-10.jpg 729w, https:\/\/sektori.net\/wp-content\/uploads\/2017\/04\/sektori-miksime-10-300x200.jpg 300w\" sizes=\"auto, (max-width: 729px) 100vw, 729px\" \/>\t\t\t\t\t\t\n\t\t\t\t\t<\/div>\n\t\t\t\t\t\t\t\t\n<style>\n#image_1411323014 {\n  width: 100%;\n}\n<\/style>\n\t<\/div>\n\t\n\t\t<\/div>\n\t\t\t\t\t<\/div>\n\n\t\n<\/div>\n     <\/div>\n\n     <div class=\"loading-spin dark large centered\"><\/div>\n\n\t<\/div>\n\n\n\t\t<\/div>\n\n\t\t\n<style>\n#section_446941525 {\n  padding-top: 30px;\n  padding-bottom: 30px;\n}\n<\/style>\n\t<\/section>\n\t\n","protected":false},"excerpt":{"rendered":"","protected":false},"author":2,"featured_media":0,"parent":0,"menu_order":10,"comment_status":"closed","ping_status":"closed","template":"","meta":{"footnotes":""},"class_list":["post-1312","page","type-page","status-publish","hentry"],"yoast_head":"<!-- This site is optimized with the Yoast SEO plugin v27.5 - https:\/\/yoast.com\/product\/yoast-seo-wordpress\/ -->\n<title>Why us - Mainostoimisto Sektori<\/title>\n<meta name=\"description\" content=\"\ufeff\ufeffWe master marketing communications aimed for decision makers of different industries.\" \/>\n<meta name=\"robots\" content=\"index, follow, max-snippet:-1, max-image-preview:large, max-video-preview:-1\" \/>\n<link rel=\"canonical\" href=\"https:\/\/sektori.net\/en\/why-us\/\" \/>\n<meta property=\"og:locale\" content=\"en_US\" \/>\n<meta property=\"og:type\" content=\"article\" \/>\n<meta property=\"og:title\" content=\"Why us - Mainostoimisto Sektori\" \/>\n<meta property=\"og:description\" content=\"\ufeff\ufeffWe master marketing communications aimed for decision makers of different industries.\" \/>\n<meta property=\"og:url\" content=\"https:\/\/sektori.net\/en\/why-us\/\" \/>\n<meta property=\"og:site_name\" content=\"Mainostoimisto Sektori\" \/>\n<meta property=\"article:modified_time\" content=\"2018-07-30T12:24:43+00:00\" \/>\n<meta property=\"og:image\" content=\"https:\/\/sektori.net\/wp-content\/uploads\/2019\/08\/Sektori_Lahtiyrityspalveluseteli_06.png\" \/>\n\t<meta property=\"og:image:width\" content=\"471\" \/>\n\t<meta property=\"og:image:height\" content=\"471\" \/>\n\t<meta property=\"og:image:type\" content=\"image\/png\" \/>\n<meta name=\"twitter:card\" content=\"summary_large_image\" \/>\n<meta name=\"twitter:label1\" content=\"Est. reading time\" \/>\n\t<meta name=\"twitter:data1\" content=\"1 minute\" \/>\n<script type=\"application\/ld+json\" class=\"yoast-schema-graph\">{\"@context\":\"https:\\\/\\\/schema.org\",\"@graph\":[{\"@type\":\"WebPage\",\"@id\":\"https:\\\/\\\/sektori.net\\\/en\\\/why-us\\\/\",\"url\":\"https:\\\/\\\/sektori.net\\\/en\\\/why-us\\\/\",\"name\":\"Why us - Mainostoimisto Sektori\",\"isPartOf\":{\"@id\":\"https:\\\/\\\/sektori.net\\\/#website\"},\"datePublished\":\"2018-07-30T11:14:35+00:00\",\"dateModified\":\"2018-07-30T12:24:43+00:00\",\"description\":\"\ufeff\ufeffWe master marketing communications aimed for decision makers of different industries.\",\"breadcrumb\":{\"@id\":\"https:\\\/\\\/sektori.net\\\/en\\\/why-us\\\/#breadcrumb\"},\"inLanguage\":\"en-US\",\"potentialAction\":[{\"@type\":\"ReadAction\",\"target\":[\"https:\\\/\\\/sektori.net\\\/en\\\/why-us\\\/\"]}]},{\"@type\":\"BreadcrumbList\",\"@id\":\"https:\\\/\\\/sektori.net\\\/en\\\/why-us\\\/#breadcrumb\",\"itemListElement\":[{\"@type\":\"ListItem\",\"position\":1,\"name\":\"Home\",\"item\":\"https:\\\/\\\/sektori.net\\\/en\\\/1267-2\\\/\"},{\"@type\":\"ListItem\",\"position\":2,\"name\":\"Why us\"}]},{\"@type\":\"WebSite\",\"@id\":\"https:\\\/\\\/sektori.net\\\/#website\",\"url\":\"https:\\\/\\\/sektori.net\\\/\",\"name\":\"Mainostoimisto Sektori\",\"description\":\"Mainostoimisto Sektori tarjoaa monipuolisia markkinointiviestinn\u00e4n palveluja tarpeesi mukaan. Markkinoinnin ja mainonnan suunnittelu ja toteutus, graafinen suunnittelu, logot, s\u00e4hk\u00f6isen markkinointiviestinn\u00e4n toteutukset.\",\"potentialAction\":[{\"@type\":\"SearchAction\",\"target\":{\"@type\":\"EntryPoint\",\"urlTemplate\":\"https:\\\/\\\/sektori.net\\\/?s={search_term_string}\"},\"query-input\":{\"@type\":\"PropertyValueSpecification\",\"valueRequired\":true,\"valueName\":\"search_term_string\"}}],\"inLanguage\":\"en-US\"}]}<\/script>\n<!-- \/ Yoast SEO plugin. -->","yoast_head_json":{"title":"Why us - Mainostoimisto Sektori","description":"\ufeff\ufeffWe master marketing communications aimed for decision makers of different industries.","robots":{"index":"index","follow":"follow","max-snippet":"max-snippet:-1","max-image-preview":"max-image-preview:large","max-video-preview":"max-video-preview:-1"},"canonical":"https:\/\/sektori.net\/en\/why-us\/","og_locale":"en_US","og_type":"article","og_title":"Why us - Mainostoimisto Sektori","og_description":"\ufeff\ufeffWe master marketing communications aimed for decision makers of different industries.","og_url":"https:\/\/sektori.net\/en\/why-us\/","og_site_name":"Mainostoimisto Sektori","article_modified_time":"2018-07-30T12:24:43+00:00","og_image":[{"width":471,"height":471,"url":"https:\/\/sektori.net\/wp-content\/uploads\/2019\/08\/Sektori_Lahtiyrityspalveluseteli_06.png","type":"image\/png"}],"twitter_card":"summary_large_image","twitter_misc":{"Est. reading time":"1 minute"},"schema":{"@context":"https:\/\/schema.org","@graph":[{"@type":"WebPage","@id":"https:\/\/sektori.net\/en\/why-us\/","url":"https:\/\/sektori.net\/en\/why-us\/","name":"Why us - Mainostoimisto Sektori","isPartOf":{"@id":"https:\/\/sektori.net\/#website"},"datePublished":"2018-07-30T11:14:35+00:00","dateModified":"2018-07-30T12:24:43+00:00","description":"\ufeff\ufeffWe master marketing communications aimed for decision makers of different industries.","breadcrumb":{"@id":"https:\/\/sektori.net\/en\/why-us\/#breadcrumb"},"inLanguage":"en-US","potentialAction":[{"@type":"ReadAction","target":["https:\/\/sektori.net\/en\/why-us\/"]}]},{"@type":"BreadcrumbList","@id":"https:\/\/sektori.net\/en\/why-us\/#breadcrumb","itemListElement":[{"@type":"ListItem","position":1,"name":"Home","item":"https:\/\/sektori.net\/en\/1267-2\/"},{"@type":"ListItem","position":2,"name":"Why us"}]},{"@type":"WebSite","@id":"https:\/\/sektori.net\/#website","url":"https:\/\/sektori.net\/","name":"Mainostoimisto Sektori","description":"Mainostoimisto Sektori tarjoaa monipuolisia markkinointiviestinn\u00e4n palveluja tarpeesi mukaan. Markkinoinnin ja mainonnan suunnittelu ja toteutus, graafinen suunnittelu, logot, s\u00e4hk\u00f6isen markkinointiviestinn\u00e4n toteutukset.","potentialAction":[{"@type":"SearchAction","target":{"@type":"EntryPoint","urlTemplate":"https:\/\/sektori.net\/?s={search_term_string}"},"query-input":{"@type":"PropertyValueSpecification","valueRequired":true,"valueName":"search_term_string"}}],"inLanguage":"en-US"}]}},"_links":{"self":[{"href":"https:\/\/sektori.net\/en\/wp-json\/wp\/v2\/pages\/1312","targetHints":{"allow":["GET"]}}],"collection":[{"href":"https:\/\/sektori.net\/en\/wp-json\/wp\/v2\/pages"}],"about":[{"href":"https:\/\/sektori.net\/en\/wp-json\/wp\/v2\/types\/page"}],"author":[{"embeddable":true,"href":"https:\/\/sektori.net\/en\/wp-json\/wp\/v2\/users\/2"}],"replies":[{"embeddable":true,"href":"https:\/\/sektori.net\/en\/wp-json\/wp\/v2\/comments?post=1312"}],"version-history":[{"count":3,"href":"https:\/\/sektori.net\/en\/wp-json\/wp\/v2\/pages\/1312\/revisions"}],"predecessor-version":[{"id":1315,"href":"https:\/\/sektori.net\/en\/wp-json\/wp\/v2\/pages\/1312\/revisions\/1315"}],"wp:attachment":[{"href":"https:\/\/sektori.net\/en\/wp-json\/wp\/v2\/media?parent=1312"}],"curies":[{"name":"wp","href":"https:\/\/api.w.org\/{rel}","templated":true}]}}